{"id":43658,"date":"2024-09-25T09:11:55","date_gmt":"2024-09-25T07:11:55","guid":{"rendered":"https:\/\/www.fleurop-home.ch\/de-ch\/?post_type=product&#038;p=43658"},"modified":"2025-10-22T13:42:03","modified_gmt":"2025-10-22T11:42:03","slug":"capi-europe-topf-groove-schwarz-aus-textilien-mit-pilea-pflanze","status":"publish","type":"product","link":"https:\/\/www.fleurop-home.ch\/de-ch\/p\/capi-europe-topf-groove-schwarz-aus-textilien-mit-pilea-pflanze","title":{"rendered":"Capi Europe Topf Groove schwarz aus Textilien, mit Pilea Pflanze"},"content":{"rendered":"<p>Dass diese T\u00f6pfe zu 100 % wasserdicht sind, pr\u00e4destiniert sie besonders f\u00fcr Innenr\u00e4ume. Die T\u00f6pfe sind bruchsicher und verf\u00fcgen \u00fcber eine lebenslange Garantie. Die Groove-Textur ist, wie der Name schon ausdr\u00fcckt, von Rillen inspiriert, insbesondere von den vertikalen Rillen in Felsen und Bergen, die dort im Laufe der Zeit entstanden sind.<\/p>\n<p>Dieser Topf in einem sanften schwarz wird aus recycelten Textilien hergestellt und ist zu 100 % recycelbar.<\/p>\n<p>Die Pilea ist eine sehr ansprechende und wirkungsvolle Zimmerpflanze. Sie mag volles Licht ohne direkte Sonneneinstrahlung und ben\u00f6tigt einmal in der Woche Wasser. Es darf keine Staun\u00e4sse im Topf entstehen und kann durch das herausheben der Pflanze gut kontrolliert werden.<\/p>\n<p>H 12cm, \u00d8 Topf 13cm<\/p>\n","protected":false},"excerpt":{"rendered":"<p>&#171;MADE WITH&#187;-KOLLEKTION Capi Europe Topf Groove schwarz aus Textilien, mit Pilea Pflanze<\/p>\n<p>&nbsp;<\/p>\n","protected":false},"featured_media":43598,"template":"","meta":[],"product_brand":[],"product_cat":[118,23,1020,1018,1198,1088,1092,26,27],"product_tag":[294],"woo-feed-brand":[],"class_list":{"0":"post-43658","1":"product","2":"type-product","3":"status-publish","4":"has-post-thumbnail","6":"product_cat-zimmerpflanzen","7":"product_cat-home-living","8":"product_cat-ostergeschenke","9":"product_cat-ostern","10":"product_cat-toepfe","11":"product_cat-vatertag","12":"product_cat-wohlfuehltyp","13":"product_cat-blumen-pflanzen","14":"product_cat-vasen-gefaesse","15":"product_tag-the-bloomery","17":"first","18":"instock","19":"taxable","20":"shipping-taxable","21":"purchasable","22":"product-type-simple"},"_links":{"self":[{"href":"https:\/\/www.fleurop-home.ch\/de-ch\/wp-json\/wp\/v2\/product\/43658","targetHints":{"allow":["GET"]}}],"collection":[{"href":"https:\/\/www.fleurop-home.ch\/de-ch\/wp-json\/wp\/v2\/product"}],"about":[{"href":"https:\/\/www.fleurop-home.ch\/de-ch\/wp-json\/wp\/v2\/types\/product"}],"wp:featuredmedia":[{"embeddable":true,"href":"https:\/\/www.fleurop-home.ch\/de-ch\/wp-json\/wp\/v2\/media\/43598"}],"wp:attachment":[{"href":"https:\/\/www.fleurop-home.ch\/de-ch\/wp-json\/wp\/v2\/media?parent=43658"}],"wp:term":[{"taxonomy":"product_brand","embeddable":true,"href":"https:\/\/www.fleurop-home.ch\/de-ch\/wp-json\/wp\/v2\/product_brand?post=43658"},{"taxonomy":"product_cat","embeddable":true,"href":"https:\/\/www.fleurop-home.ch\/de-ch\/wp-json\/wp\/v2\/product_cat?post=43658"},{"taxonomy":"product_tag","embeddable":true,"href":"https:\/\/www.fleurop-home.ch\/de-ch\/wp-json\/wp\/v2\/product_tag?post=43658"},{"taxonomy":"woo-feed-brand","embeddable":true,"href":"https:\/\/www.fleurop-home.ch\/de-ch\/wp-json\/wp\/v2\/woo-feed-brand?post=43658"}],"curies":[{"name":"wp","href":"https:\/\/api.w.org\/{rel}","templated":true}]}}