{"id":43656,"date":"2024-09-25T09:03:20","date_gmt":"2024-09-25T07:03:20","guid":{"rendered":"https:\/\/www.fleurop-home.ch\/de-ch\/?post_type=product&#038;p=43656"},"modified":"2025-10-22T13:42:04","modified_gmt":"2025-10-22T11:42:04","slug":"capi-europe-topf-groove-gruen-aus-kunstrasen-mit-alocasia-frydek","status":"publish","type":"product","link":"https:\/\/www.fleurop-home.ch\/de-ch\/p\/capi-europe-topf-groove-gruen-aus-kunstrasen-mit-alocasia-frydek","title":{"rendered":"Capi Europe Topf Groove gr\u00fcn aus Kunstrasen, mit Alocasia frydek"},"content":{"rendered":"<p>Dass diese T\u00f6pfe zu 100 % wasserdicht sind, pr\u00e4destiniert sie besonders f\u00fcr Innenr\u00e4ume. Die T\u00f6pfe sind bruchsicher und verf\u00fcgen \u00fcber eine lebenslange Garantie. Die Groove-Textur ist, wie der Name schon ausdr\u00fcckt, von Rillen inspiriert, insbesondere von den vertikalen Rillen in Felsen und Bergen, die dort im Laufe der Zeit entstanden sind.<\/p>\n<p>Dieser Topf in einem frischen gr\u00fcn wird aus Kunstrasen hergestellt und ist zu 100 % recycelbar.<\/p>\n<p>Die Alocasia frydek ist eine sehr ansprechende und wirkungsvolle Zimmerpflanze. Sie mag volles Licht ohne direkte Sonneneinstrahlung und ben\u00f6tigt einmal in der Woche Wasser. Es darf keine Staun\u00e4sse im Topf entstehen und kann durch das herausheben der Pflanze gut kontrolliert werden.<\/p>\n<p>H 40cm, \u00d8 Topf 16.5cm<\/p>\n","protected":false},"excerpt":{"rendered":"<p>&#171;MADE WITH&#187;-KOLLEKTION Capi Europe Topf Groove gr\u00fcn aus Kunstrasen, mit Alocasia frydek<\/p>\n<p>&nbsp;<\/p>\n","protected":false},"featured_media":43657,"template":"","meta":[],"product_brand":[],"product_cat":[118,23,1198,26,27],"product_tag":[294],"woo-feed-brand":[],"class_list":{"0":"post-43656","1":"product","2":"type-product","3":"status-publish","4":"has-post-thumbnail","6":"product_cat-zimmerpflanzen","7":"product_cat-home-living","8":"product_cat-toepfe","9":"product_cat-blumen-pflanzen","10":"product_cat-vasen-gefaesse","11":"product_tag-the-bloomery","13":"first","14":"instock","15":"taxable","16":"shipping-taxable","17":"purchasable","18":"product-type-simple"},"_links":{"self":[{"href":"https:\/\/www.fleurop-home.ch\/de-ch\/wp-json\/wp\/v2\/product\/43656","targetHints":{"allow":["GET"]}}],"collection":[{"href":"https:\/\/www.fleurop-home.ch\/de-ch\/wp-json\/wp\/v2\/product"}],"about":[{"href":"https:\/\/www.fleurop-home.ch\/de-ch\/wp-json\/wp\/v2\/types\/product"}],"wp:featuredmedia":[{"embeddable":true,"href":"https:\/\/www.fleurop-home.ch\/de-ch\/wp-json\/wp\/v2\/media\/43657"}],"wp:attachment":[{"href":"https:\/\/www.fleurop-home.ch\/de-ch\/wp-json\/wp\/v2\/media?parent=43656"}],"wp:term":[{"taxonomy":"product_brand","embeddable":true,"href":"https:\/\/www.fleurop-home.ch\/de-ch\/wp-json\/wp\/v2\/product_brand?post=43656"},{"taxonomy":"product_cat","embeddable":true,"href":"https:\/\/www.fleurop-home.ch\/de-ch\/wp-json\/wp\/v2\/product_cat?post=43656"},{"taxonomy":"product_tag","embeddable":true,"href":"https:\/\/www.fleurop-home.ch\/de-ch\/wp-json\/wp\/v2\/product_tag?post=43656"},{"taxonomy":"woo-feed-brand","embeddable":true,"href":"https:\/\/www.fleurop-home.ch\/de-ch\/wp-json\/wp\/v2\/woo-feed-brand?post=43656"}],"curies":[{"name":"wp","href":"https:\/\/api.w.org\/{rel}","templated":true}]}}