{"id":43652,"date":"2024-09-25T08:52:04","date_gmt":"2024-09-25T06:52:04","guid":{"rendered":"https:\/\/www.fleurop-home.ch\/de-ch\/?post_type=product&#038;p=43652"},"modified":"2025-10-22T13:42:05","modified_gmt":"2025-10-22T11:42:05","slug":"capi-europe-topf-groove-beige-aus-saegemehl-h-20cm-o-21-5cm","status":"publish","type":"product","link":"https:\/\/www.fleurop-home.ch\/de-ch\/p\/capi-europe-topf-groove-beige-aus-saegemehl-h-20cm-o-21-5cm","title":{"rendered":"Capi Europe Topf Groove beige aus S\u00e4gemehl, H 20cm, \u00d8 21.5cm"},"content":{"rendered":"<p>Dass diese T\u00f6pfe zu 100 % wasserdicht sind, pr\u00e4destiniert sie besonders f\u00fcr Innenr\u00e4ume. Die T\u00f6pfe sind bruchsicher und verf\u00fcgen \u00fcber eine lebenslange Garantie. Die Groove-Textur ist, wie der Name schon ausdr\u00fcckt, von Rillen inspiriert, insbesondere von den vertikalen Rillen in Felsen und Bergen, die dort im Laufe der Zeit entstanden sind.<\/p>\n<p>Dieser Topf in einem dezenten beige wird aus S\u00e4gemehl hergestellt und ist zu 100 % recycelbar.<\/p>\n","protected":false},"excerpt":{"rendered":"<p>&#171;MADE WITH&#187;-KOLLEKTION Capi Europe Topf Groove beige aus S\u00e4gemehl, H 20cm, \u00d8 21.5cm<\/p>\n<p>&nbsp;<\/p>\n","protected":false},"featured_media":43613,"template":"","meta":[],"product_brand":[],"product_cat":[27,23,1198],"product_tag":[294],"woo-feed-brand":[],"class_list":{"0":"post-43652","1":"product","2":"type-product","3":"status-publish","4":"has-post-thumbnail","6":"product_cat-vasen-gefaesse","7":"product_cat-home-living","8":"product_cat-toepfe","9":"product_tag-the-bloomery","11":"first","12":"instock","13":"taxable","14":"shipping-taxable","15":"purchasable","16":"product-type-simple"},"_links":{"self":[{"href":"https:\/\/www.fleurop-home.ch\/de-ch\/wp-json\/wp\/v2\/product\/43652","targetHints":{"allow":["GET"]}}],"collection":[{"href":"https:\/\/www.fleurop-home.ch\/de-ch\/wp-json\/wp\/v2\/product"}],"about":[{"href":"https:\/\/www.fleurop-home.ch\/de-ch\/wp-json\/wp\/v2\/types\/product"}],"wp:featuredmedia":[{"embeddable":true,"href":"https:\/\/www.fleurop-home.ch\/de-ch\/wp-json\/wp\/v2\/media\/43613"}],"wp:attachment":[{"href":"https:\/\/www.fleurop-home.ch\/de-ch\/wp-json\/wp\/v2\/media?parent=43652"}],"wp:term":[{"taxonomy":"product_brand","embeddable":true,"href":"https:\/\/www.fleurop-home.ch\/de-ch\/wp-json\/wp\/v2\/product_brand?post=43652"},{"taxonomy":"product_cat","embeddable":true,"href":"https:\/\/www.fleurop-home.ch\/de-ch\/wp-json\/wp\/v2\/product_cat?post=43652"},{"taxonomy":"product_tag","embeddable":true,"href":"https:\/\/www.fleurop-home.ch\/de-ch\/wp-json\/wp\/v2\/product_tag?post=43652"},{"taxonomy":"woo-feed-brand","embeddable":true,"href":"https:\/\/www.fleurop-home.ch\/de-ch\/wp-json\/wp\/v2\/woo-feed-brand?post=43652"}],"curies":[{"name":"wp","href":"https:\/\/api.w.org\/{rel}","templated":true}]}}