{"id":42512,"date":"2024-09-19T15:22:40","date_gmt":"2024-09-19T13:22:40","guid":{"rendered":"https:\/\/www.fleurop-home.ch\/de-ch\/p\/blaukissen-silene-acaulis-6-stueck"},"modified":"2026-04-09T12:42:19","modified_gmt":"2026-04-09T10:42:19","slug":"zwerg-leimkraut-silene-acaulis","status":"publish","type":"product","link":"https:\/\/www.fleurop-home.ch\/de-ch\/p\/zwerg-leimkraut-silene-acaulis","title":{"rendered":"Zwerg-Leimkraut &#8211; Silene acaulis"},"content":{"rendered":"<p>Bl\u00fctenteppich f\u00fcr Mauerbepflanzungen, Steing\u00e4rten und Staudenbeete. Insektenweide.<\/p>\n<p>H\u00f6he: 10 cm<br \/>\nTopf Gr\u00f6sse: 10.5 er Topf<br \/>\nWinterh\u00e4rte: winterhart<br \/>\nLicht: sonnig<br \/>\nBl\u00fctezeit: April bis Mai<br \/>\nBoden: durchl\u00e4ssig<\/p>\n","protected":false},"excerpt":{"rendered":"<p>Zwerg-Leimkraut<\/p>\n","protected":false},"featured_media":76843,"template":"","meta":[],"product_brand":[],"product_cat":[109,34,41],"product_tag":[299],"woo-feed-brand":[],"class_list":{"0":"post-42512","1":"product","2":"type-product","3":"status-publish","4":"has-post-thumbnail","6":"product_cat-saisonale-pflanzen","7":"product_cat-garten-balkon","8":"product_cat-outdoorpflanzen","9":"product_tag-santispracht","11":"first","12":"instock","13":"taxable","14":"shipping-taxable","15":"purchasable","16":"product-type-simple"},"_links":{"self":[{"href":"https:\/\/www.fleurop-home.ch\/de-ch\/wp-json\/wp\/v2\/product\/42512","targetHints":{"allow":["GET"]}}],"collection":[{"href":"https:\/\/www.fleurop-home.ch\/de-ch\/wp-json\/wp\/v2\/product"}],"about":[{"href":"https:\/\/www.fleurop-home.ch\/de-ch\/wp-json\/wp\/v2\/types\/product"}],"wp:featuredmedia":[{"embeddable":true,"href":"https:\/\/www.fleurop-home.ch\/de-ch\/wp-json\/wp\/v2\/media\/76843"}],"wp:attachment":[{"href":"https:\/\/www.fleurop-home.ch\/de-ch\/wp-json\/wp\/v2\/media?parent=42512"}],"wp:term":[{"taxonomy":"product_brand","embeddable":true,"href":"https:\/\/www.fleurop-home.ch\/de-ch\/wp-json\/wp\/v2\/product_brand?post=42512"},{"taxonomy":"product_cat","embeddable":true,"href":"https:\/\/www.fleurop-home.ch\/de-ch\/wp-json\/wp\/v2\/product_cat?post=42512"},{"taxonomy":"product_tag","embeddable":true,"href":"https:\/\/www.fleurop-home.ch\/de-ch\/wp-json\/wp\/v2\/product_tag?post=42512"},{"taxonomy":"woo-feed-brand","embeddable":true,"href":"https:\/\/www.fleurop-home.ch\/de-ch\/wp-json\/wp\/v2\/woo-feed-brand?post=42512"}],"curies":[{"name":"wp","href":"https:\/\/api.w.org\/{rel}","templated":true}]}}