{"id":42401,"date":"2024-09-19T15:21:59","date_gmt":"2024-09-19T13:21:59","guid":{"rendered":"https:\/\/www.fleurop-home.ch\/de-ch\/p\/gartenblueten-salbei-salvia-nemorosa"},"modified":"2026-05-12T09:51:52","modified_gmt":"2026-05-12T07:51:52","slug":"gartenblueten-salbei-salvia-nemorosa","status":"publish","type":"product","link":"https:\/\/www.fleurop-home.ch\/de-ch\/p\/gartenblueten-salbei-salvia-nemorosa","title":{"rendered":"Gartenbl\u00fcten Salbei &#8211; Salvia nemorosa"},"content":{"rendered":"<p>Die Sorte Heaven in Blue beeindruckt als winterharte Gartenbl\u00fcten Salbei mit einer reichen Bl\u00fcte von Juni bis September. Die intensiv duftenden, blauen Bl\u00fcten locken zahlreiche Insekten an und unterst\u00fctzen so die Artenvielfalt im Garten, auf dem Balkon oder auf der Terrasse. Als Staude eignet sich Salvia nemorosa optimal f\u00fcr sonnige Standorte in klassischen Staudenbeeten, Mischrabatten oder im Topfgarten. Die Pflanze bevorzugt durchl\u00e4ssigen Boden und m\u00e4ssige Wassergaben. Die robuste Produktion in der Schweiz garantiert h\u00f6chste Qualit\u00e4t und eine naturnahe Blumenpracht aus Urkraft.<\/p>\n<p>H\u00f6he: 60 cm<br \/>\nTopf Gr\u00f6sse: 25 er Topf<br \/>\nWinterh\u00e4rte: winterhart<br \/>\nLicht: sonnig<br \/>\nBl\u00fctezeit: Juni bis September<br \/>\nBoden: durchl\u00e4ssig<\/p>\n","protected":false},"excerpt":{"rendered":"<p>Gartenbl\u00fcten Salbei Heaven in Blue \u2013 Blauer Insekten-Magnet aus Schweizer Produktion<\/p>\n","protected":false},"featured_media":42400,"template":"","meta":[],"product_brand":[],"product_cat":[109,34,41],"product_tag":[299],"woo-feed-brand":[],"class_list":{"0":"post-42401","1":"product","2":"type-product","3":"status-publish","4":"has-post-thumbnail","6":"product_cat-saisonale-pflanzen","7":"product_cat-garten-balkon","8":"product_cat-outdoorpflanzen","9":"product_tag-santispracht","11":"first","12":"instock","13":"taxable","14":"shipping-taxable","15":"purchasable","16":"product-type-simple"},"_links":{"self":[{"href":"https:\/\/www.fleurop-home.ch\/de-ch\/wp-json\/wp\/v2\/product\/42401","targetHints":{"allow":["GET"]}}],"collection":[{"href":"https:\/\/www.fleurop-home.ch\/de-ch\/wp-json\/wp\/v2\/product"}],"about":[{"href":"https:\/\/www.fleurop-home.ch\/de-ch\/wp-json\/wp\/v2\/types\/product"}],"wp:featuredmedia":[{"embeddable":true,"href":"https:\/\/www.fleurop-home.ch\/de-ch\/wp-json\/wp\/v2\/media\/42400"}],"wp:attachment":[{"href":"https:\/\/www.fleurop-home.ch\/de-ch\/wp-json\/wp\/v2\/media?parent=42401"}],"wp:term":[{"taxonomy":"product_brand","embeddable":true,"href":"https:\/\/www.fleurop-home.ch\/de-ch\/wp-json\/wp\/v2\/product_brand?post=42401"},{"taxonomy":"product_cat","embeddable":true,"href":"https:\/\/www.fleurop-home.ch\/de-ch\/wp-json\/wp\/v2\/product_cat?post=42401"},{"taxonomy":"product_tag","embeddable":true,"href":"https:\/\/www.fleurop-home.ch\/de-ch\/wp-json\/wp\/v2\/product_tag?post=42401"},{"taxonomy":"woo-feed-brand","embeddable":true,"href":"https:\/\/www.fleurop-home.ch\/de-ch\/wp-json\/wp\/v2\/woo-feed-brand?post=42401"}],"curies":[{"name":"wp","href":"https:\/\/api.w.org\/{rel}","templated":true}]}}