{"id":42242,"date":"2024-09-19T15:20:58","date_gmt":"2024-09-19T13:20:58","guid":{"rendered":"https:\/\/www.fleurop-home.ch\/de-ch\/p\/alpenaurikel-primula-auricula-3-stueck"},"modified":"2026-05-12T09:22:27","modified_gmt":"2026-05-12T07:22:27","slug":"alpenaurikel-primula-auricula-3","status":"publish","type":"product","link":"https:\/\/www.fleurop-home.ch\/de-ch\/p\/alpenaurikel-primula-auricula-3","title":{"rendered":"Alpenaurikel &#8211; Primula auricula"},"content":{"rendered":"<p>Die farbenfrohe Alpenaurikel w\u00e4chst in 100 % Schweizer Produktion heran und eignet sich hervorragend f\u00fcr Steing\u00e4rten oder dekorative Pflanzgef\u00e4sse. Ihre Bl\u00e4tter sind mit einer sch\u00fctzenden Wachsschicht \u00fcberzogen, welche die Pflanze ideal vor Witterungseinfl\u00fcssen sch\u00fctzt. Die Bl\u00fctezeit erstreckt sich von M\u00e4rz bis Mai und bereichert halbschattige Bereiche mit lebhaften Farben. Ein gut durchl\u00e4ssiger Boden und m\u00e4ssige Wassergaben sorgen f\u00fcr gesundes Wachstum. Diese winterharte Bl\u00fctenstaude steht f\u00fcr Blumenpracht aus Schweizer Urkraft und ist optimal f\u00fcr alle, die Wert auf nat\u00fcrliche Gartengestaltung legen.<\/p>\n<p>H\u00f6he: 20 cm<br \/>\nTopf Gr\u00f6sse: 14 er Topf<br \/>\nWinterh\u00e4rte: winterhart<br \/>\nLicht: halbschattig<br \/>\nBl\u00fctezeit: M\u00e4rz bis Mai<br \/>\nBoden: durchl\u00e4ssig<\/p>\n","protected":false},"excerpt":{"rendered":"<p>Alpenaurikel Mix \u2013 robuste Alpenblume aus Schweizer Produktion<\/p>\n","protected":false},"featured_media":42241,"template":"","meta":[],"product_brand":[],"product_cat":[109,34,41],"product_tag":[299],"woo-feed-brand":[],"class_list":{"0":"post-42242","1":"product","2":"type-product","3":"status-publish","4":"has-post-thumbnail","6":"product_cat-saisonale-pflanzen","7":"product_cat-garten-balkon","8":"product_cat-outdoorpflanzen","9":"product_tag-santispracht","11":"first","12":"instock","13":"taxable","14":"shipping-taxable","15":"purchasable","16":"product-type-simple"},"_links":{"self":[{"href":"https:\/\/www.fleurop-home.ch\/de-ch\/wp-json\/wp\/v2\/product\/42242","targetHints":{"allow":["GET"]}}],"collection":[{"href":"https:\/\/www.fleurop-home.ch\/de-ch\/wp-json\/wp\/v2\/product"}],"about":[{"href":"https:\/\/www.fleurop-home.ch\/de-ch\/wp-json\/wp\/v2\/types\/product"}],"wp:featuredmedia":[{"embeddable":true,"href":"https:\/\/www.fleurop-home.ch\/de-ch\/wp-json\/wp\/v2\/media\/42241"}],"wp:attachment":[{"href":"https:\/\/www.fleurop-home.ch\/de-ch\/wp-json\/wp\/v2\/media?parent=42242"}],"wp:term":[{"taxonomy":"product_brand","embeddable":true,"href":"https:\/\/www.fleurop-home.ch\/de-ch\/wp-json\/wp\/v2\/product_brand?post=42242"},{"taxonomy":"product_cat","embeddable":true,"href":"https:\/\/www.fleurop-home.ch\/de-ch\/wp-json\/wp\/v2\/product_cat?post=42242"},{"taxonomy":"product_tag","embeddable":true,"href":"https:\/\/www.fleurop-home.ch\/de-ch\/wp-json\/wp\/v2\/product_tag?post=42242"},{"taxonomy":"woo-feed-brand","embeddable":true,"href":"https:\/\/www.fleurop-home.ch\/de-ch\/wp-json\/wp\/v2\/woo-feed-brand?post=42242"}],"curies":[{"name":"wp","href":"https:\/\/api.w.org\/{rel}","templated":true}]}}