{"id":42132,"date":"2024-09-19T15:20:17","date_gmt":"2024-09-19T13:20:17","guid":{"rendered":"https:\/\/www.fleurop-home.ch\/de-ch\/p\/haengegeranie-pelargonium-pelt-4-stueck"},"modified":"2026-04-17T09:29:31","modified_gmt":"2026-04-17T07:29:31","slug":"haengegeranie-pelargonium-peltatum-grp-4","status":"publish","type":"product","link":"https:\/\/www.fleurop-home.ch\/de-ch\/p\/haengegeranie-pelargonium-peltatum-grp-4","title":{"rendered":"H\u00e4ngegeranie &#8211; Pelargonium Peltatum-Grp"},"content":{"rendered":"<p>Die H\u00e4ngegeranie Glacier White \u00fcberzeugt mit ihren leuchtend weissen Bl\u00fcten und eignet sich optimal f\u00fcr Balkonkisten, Schalen oder K\u00fcbel. Als Saisonpflanze sch\u00e4tzt sie sonnige bis halbschattige Lagen und f\u00fchlt sich besonders an warmen Standorten wohl. Ein durchl\u00e4ssiger Boden sorgt f\u00fcr gutes Wachstum, w\u00e4hrend ein m\u00e4ssiges Giessen ausreicht. Die lange Bl\u00fctezeit von Mai bis Oktober bringt zuverl\u00e4ssig Farbe ins Freie und steht f\u00fcr 100 % Schweizer Produktion.<\/p>\n<p>H\u00f6he: 60 cm<br \/>\nTopf Gr\u00f6sse: 13 er Topf<br \/>\nWinterh\u00e4rte: nicht winterhart<br \/>\nLicht: sonnig bis halbschattig<br \/>\nBl\u00fctezeit: Mai bis Oktober<br \/>\nBoden: durchl\u00e4ssig<\/p>\n","protected":false},"excerpt":{"rendered":"<p>H\u00e4ngegeranie Glacier White \u2013 Saisonpflanze f\u00fcr sonnige Standorte<\/p>\n","protected":false},"featured_media":42129,"template":"","meta":[],"product_brand":[],"product_cat":[109,34,41],"product_tag":[299],"woo-feed-brand":[],"class_list":{"0":"post-42132","1":"product","2":"type-product","3":"status-publish","4":"has-post-thumbnail","6":"product_cat-saisonale-pflanzen","7":"product_cat-garten-balkon","8":"product_cat-outdoorpflanzen","9":"product_tag-santispracht","11":"first","12":"instock","13":"taxable","14":"shipping-taxable","15":"purchasable","16":"product-type-simple"},"_links":{"self":[{"href":"https:\/\/www.fleurop-home.ch\/de-ch\/wp-json\/wp\/v2\/product\/42132","targetHints":{"allow":["GET"]}}],"collection":[{"href":"https:\/\/www.fleurop-home.ch\/de-ch\/wp-json\/wp\/v2\/product"}],"about":[{"href":"https:\/\/www.fleurop-home.ch\/de-ch\/wp-json\/wp\/v2\/types\/product"}],"wp:featuredmedia":[{"embeddable":true,"href":"https:\/\/www.fleurop-home.ch\/de-ch\/wp-json\/wp\/v2\/media\/42129"}],"wp:attachment":[{"href":"https:\/\/www.fleurop-home.ch\/de-ch\/wp-json\/wp\/v2\/media?parent=42132"}],"wp:term":[{"taxonomy":"product_brand","embeddable":true,"href":"https:\/\/www.fleurop-home.ch\/de-ch\/wp-json\/wp\/v2\/product_brand?post=42132"},{"taxonomy":"product_cat","embeddable":true,"href":"https:\/\/www.fleurop-home.ch\/de-ch\/wp-json\/wp\/v2\/product_cat?post=42132"},{"taxonomy":"product_tag","embeddable":true,"href":"https:\/\/www.fleurop-home.ch\/de-ch\/wp-json\/wp\/v2\/product_tag?post=42132"},{"taxonomy":"woo-feed-brand","embeddable":true,"href":"https:\/\/www.fleurop-home.ch\/de-ch\/wp-json\/wp\/v2\/woo-feed-brand?post=42132"}],"curies":[{"name":"wp","href":"https:\/\/api.w.org\/{rel}","templated":true}]}}