{"id":42128,"date":"2024-09-19T15:20:15","date_gmt":"2024-09-19T13:20:15","guid":{"rendered":"https:\/\/www.fleurop-home.ch\/de-ch\/p\/haengegeranie-pelargonium-pelt-4-stueck"},"modified":"2026-04-17T09:28:23","modified_gmt":"2026-04-17T07:28:23","slug":"haengegeranie-pelargonium-peltatum-grp-3","status":"publish","type":"product","link":"https:\/\/www.fleurop-home.ch\/de-ch\/p\/haengegeranie-pelargonium-peltatum-grp-3","title":{"rendered":"H\u00e4ngegeranie &#8211; Pelargonium Peltatum-Grp"},"content":{"rendered":"<p>Die H\u00e4ngegeranie Balcon Red begeistert von Mai bis Oktober mit einer F\u00fclle an strahlend roten Bl\u00fcten und eignet sich ideal f\u00fcr Balkonkisten, Schalen oder K\u00fcbel. Sie bevorzugt sonnige bis halbschattige Standorte und zeigt sich dort besonders bl\u00fchfreudig. Durch ihre pflegeleichte Art und den kompakten Wuchs l\u00e4sst sie sich vielseitig im Sommerflor einsetzen. Ein durchl\u00e4ssiger Boden und m\u00e4ssige Wassergaben f\u00f6rdern ein gesundes Wachstum. Diese H\u00e4ngegeranie stammt aus 100 % Schweizer Produktion und tr\u00e4gt das G\u00fctesiegel Suisse Garantie \u2013 f\u00fcr Blumenpracht aus Urkraft.<\/p>\n<p>H\u00f6he: 60 cm<br \/>\nTopf Gr\u00f6sse: 13 er Topf<br \/>\nWinterh\u00e4rte: nicht winterhart<br \/>\nLicht: sonnig bis halbschattig<br \/>\nBl\u00fctezeit: Mai bis Oktober<br \/>\nBoden: durchl\u00e4ssig<\/p>\n","protected":false},"excerpt":{"rendered":"<p>H\u00e4ngegeranie Balcon Red \u2013 Saisonpflanze in kr\u00e4ftigem Rot<\/p>\n","protected":false},"featured_media":42125,"template":"","meta":[],"product_brand":[],"product_cat":[109,34,41],"product_tag":[299],"woo-feed-brand":[],"class_list":{"0":"post-42128","1":"product","2":"type-product","3":"status-publish","4":"has-post-thumbnail","6":"product_cat-saisonale-pflanzen","7":"product_cat-garten-balkon","8":"product_cat-outdoorpflanzen","9":"product_tag-santispracht","11":"first","12":"instock","13":"taxable","14":"shipping-taxable","15":"purchasable","16":"product-type-simple"},"_links":{"self":[{"href":"https:\/\/www.fleurop-home.ch\/de-ch\/wp-json\/wp\/v2\/product\/42128","targetHints":{"allow":["GET"]}}],"collection":[{"href":"https:\/\/www.fleurop-home.ch\/de-ch\/wp-json\/wp\/v2\/product"}],"about":[{"href":"https:\/\/www.fleurop-home.ch\/de-ch\/wp-json\/wp\/v2\/types\/product"}],"wp:featuredmedia":[{"embeddable":true,"href":"https:\/\/www.fleurop-home.ch\/de-ch\/wp-json\/wp\/v2\/media\/42125"}],"wp:attachment":[{"href":"https:\/\/www.fleurop-home.ch\/de-ch\/wp-json\/wp\/v2\/media?parent=42128"}],"wp:term":[{"taxonomy":"product_brand","embeddable":true,"href":"https:\/\/www.fleurop-home.ch\/de-ch\/wp-json\/wp\/v2\/product_brand?post=42128"},{"taxonomy":"product_cat","embeddable":true,"href":"https:\/\/www.fleurop-home.ch\/de-ch\/wp-json\/wp\/v2\/product_cat?post=42128"},{"taxonomy":"product_tag","embeddable":true,"href":"https:\/\/www.fleurop-home.ch\/de-ch\/wp-json\/wp\/v2\/product_tag?post=42128"},{"taxonomy":"woo-feed-brand","embeddable":true,"href":"https:\/\/www.fleurop-home.ch\/de-ch\/wp-json\/wp\/v2\/woo-feed-brand?post=42128"}],"curies":[{"name":"wp","href":"https:\/\/api.w.org\/{rel}","templated":true}]}}