{"id":41998,"date":"2024-09-19T15:19:22","date_gmt":"2024-09-19T13:19:22","guid":{"rendered":"https:\/\/www.fleurop-home.ch\/de-ch\/p\/kapmargerite-osteospermum-ecklonis-3-stueck"},"modified":"2026-05-05T09:20:46","modified_gmt":"2026-05-05T07:20:46","slug":"kapmargerite-osteospermum-ecklonis-2","status":"publish","type":"product","link":"https:\/\/www.fleurop-home.ch\/de-ch\/p\/kapmargerite-osteospermum-ecklonis-2","title":{"rendered":"Kapmargerite &#8211; Osteospermum ecklonis"},"content":{"rendered":"<p>Diese Kapmargerite sorgt f\u00fcr farbenfrohe Akzente von Mai bis September und eignet sich ideal f\u00fcr Mischrabatten, Blumenbeete oder verschiedenste Pflanzgef\u00e4sse. Ihre sonnenliebenden Eigenschaften machen sie zu einer optimalen Wahl f\u00fcr lichtdurchflutete Standorte. Die Bl\u00fcten locken Bienen sowie weitere Insekten an und tragen so zur Biodiversit\u00e4t bei. Ein gut durchl\u00e4ssiger Boden und eine m\u00e4ssige Wasserversorgung f\u00f6rdern ihr gesundes Wachstum. Saisonpflanze aus 100 % Schweizer Produktion mit Suisse Garantie, gewachsen aus purer Schweizer Urkraft.<\/p>\n<p>H\u00f6he: 26 cm<br \/>\nTopf Gr\u00f6sse: 14 er Topf<br \/>\nWinterh\u00e4rte: nicht winterhart<br \/>\nLicht: sonnig<br \/>\nBl\u00fctezeit: Mai bis September<br \/>\nBoden: durchl\u00e4ssig<br \/>\nGut f\u00fcr Insekten<\/p>\n","protected":false},"excerpt":{"rendered":"<p>Kapmargerite Pink + Eye 21 \u2013 Saisonpflanze f\u00fcr sonnige Standorte<\/p>\n","protected":false},"featured_media":41997,"template":"","meta":[],"product_brand":[],"product_cat":[109,34,41],"product_tag":[299],"woo-feed-brand":[],"class_list":{"0":"post-41998","1":"product","2":"type-product","3":"status-publish","4":"has-post-thumbnail","6":"product_cat-saisonale-pflanzen","7":"product_cat-garten-balkon","8":"product_cat-outdoorpflanzen","9":"product_tag-santispracht","11":"first","12":"instock","13":"taxable","14":"shipping-taxable","15":"purchasable","16":"product-type-simple"},"_links":{"self":[{"href":"https:\/\/www.fleurop-home.ch\/de-ch\/wp-json\/wp\/v2\/product\/41998","targetHints":{"allow":["GET"]}}],"collection":[{"href":"https:\/\/www.fleurop-home.ch\/de-ch\/wp-json\/wp\/v2\/product"}],"about":[{"href":"https:\/\/www.fleurop-home.ch\/de-ch\/wp-json\/wp\/v2\/types\/product"}],"wp:featuredmedia":[{"embeddable":true,"href":"https:\/\/www.fleurop-home.ch\/de-ch\/wp-json\/wp\/v2\/media\/41997"}],"wp:attachment":[{"href":"https:\/\/www.fleurop-home.ch\/de-ch\/wp-json\/wp\/v2\/media?parent=41998"}],"wp:term":[{"taxonomy":"product_brand","embeddable":true,"href":"https:\/\/www.fleurop-home.ch\/de-ch\/wp-json\/wp\/v2\/product_brand?post=41998"},{"taxonomy":"product_cat","embeddable":true,"href":"https:\/\/www.fleurop-home.ch\/de-ch\/wp-json\/wp\/v2\/product_cat?post=41998"},{"taxonomy":"product_tag","embeddable":true,"href":"https:\/\/www.fleurop-home.ch\/de-ch\/wp-json\/wp\/v2\/product_tag?post=41998"},{"taxonomy":"woo-feed-brand","embeddable":true,"href":"https:\/\/www.fleurop-home.ch\/de-ch\/wp-json\/wp\/v2\/woo-feed-brand?post=41998"}],"curies":[{"name":"wp","href":"https:\/\/api.w.org\/{rel}","templated":true}]}}