{"id":41993,"date":"2024-09-19T15:19:19","date_gmt":"2024-09-19T13:19:19","guid":{"rendered":"https:\/\/www.fleurop-home.ch\/de-ch\/p\/kapmargerite-osteospermum-ecklonis-3-stueck"},"modified":"2026-05-12T09:51:04","modified_gmt":"2026-05-12T07:51:04","slug":"kapmargerite-osteospermum-ecklonis-3","status":"publish","type":"product","link":"https:\/\/www.fleurop-home.ch\/de-ch\/p\/kapmargerite-osteospermum-ecklonis-3","title":{"rendered":"Kapmargerite &#8211; Osteospermum ecklonis"},"content":{"rendered":"<p>Die Kapmargerite &#8218;Blue&#8216; besticht mit ihren leuchtend pinken Bl\u00fcten und eignet sich hervorragend als Sommerflor f\u00fcr Mischrabatten, Blumenbeete oder verschiedenste Pflanzgef\u00e4sse. Dank dem durchl\u00e4ssigen Boden, m\u00e4ssiger Wasserzufuhr und einem sonnigen Standort entfaltet diese Saisonpflanze ihr volles Potenzial und sorgt f\u00fcr reiche Bl\u00fcte von Mai bis September. Ihre robusten Eigenschaften machen sie zu einer wertvollen Bereicherung in der Schweizer Gartensaison. Besonders gesch\u00e4tzt wird die Kapmargerite auch durch ihre Bedeutung f\u00fcr Insekten, denen sie w\u00e4hrend der Bl\u00fcte als Nahrungsquelle dient. Diese Pflanze stammt aus 100 % Schweizer Produktion und tr\u00e4gt das Qualit\u00e4tsversprechen von Suisse Garantie \u2013 f\u00fcr naturnahe Blumenpracht aus Urkraft.<\/p>\n<p>H\u00f6he: 25 cm<br \/>\nTopf Gr\u00f6sse: 14 er Topf<br \/>\nWinterh\u00e4rte: nicht winterhart<br \/>\nLicht: sonnig<br \/>\nBl\u00fctezeit: Mai bis September<br \/>\nBoden: durchl\u00e4ssig<\/p>\n","protected":false},"excerpt":{"rendered":"<p>Kapmargerite &#8218;Blue&#8216; \u2013 Saisonpflanze f\u00fcr sonnige Standorte<\/p>\n","protected":false},"featured_media":41992,"template":"","meta":[],"product_brand":[],"product_cat":[109,34,41],"product_tag":[299],"woo-feed-brand":[],"class_list":{"0":"post-41993","1":"product","2":"type-product","3":"status-publish","4":"has-post-thumbnail","6":"product_cat-saisonale-pflanzen","7":"product_cat-garten-balkon","8":"product_cat-outdoorpflanzen","9":"product_tag-santispracht","11":"first","12":"instock","13":"taxable","14":"shipping-taxable","15":"purchasable","16":"product-type-simple"},"_links":{"self":[{"href":"https:\/\/www.fleurop-home.ch\/de-ch\/wp-json\/wp\/v2\/product\/41993","targetHints":{"allow":["GET"]}}],"collection":[{"href":"https:\/\/www.fleurop-home.ch\/de-ch\/wp-json\/wp\/v2\/product"}],"about":[{"href":"https:\/\/www.fleurop-home.ch\/de-ch\/wp-json\/wp\/v2\/types\/product"}],"wp:featuredmedia":[{"embeddable":true,"href":"https:\/\/www.fleurop-home.ch\/de-ch\/wp-json\/wp\/v2\/media\/41992"}],"wp:attachment":[{"href":"https:\/\/www.fleurop-home.ch\/de-ch\/wp-json\/wp\/v2\/media?parent=41993"}],"wp:term":[{"taxonomy":"product_brand","embeddable":true,"href":"https:\/\/www.fleurop-home.ch\/de-ch\/wp-json\/wp\/v2\/product_brand?post=41993"},{"taxonomy":"product_cat","embeddable":true,"href":"https:\/\/www.fleurop-home.ch\/de-ch\/wp-json\/wp\/v2\/product_cat?post=41993"},{"taxonomy":"product_tag","embeddable":true,"href":"https:\/\/www.fleurop-home.ch\/de-ch\/wp-json\/wp\/v2\/product_tag?post=41993"},{"taxonomy":"woo-feed-brand","embeddable":true,"href":"https:\/\/www.fleurop-home.ch\/de-ch\/wp-json\/wp\/v2\/woo-feed-brand?post=41993"}],"curies":[{"name":"wp","href":"https:\/\/api.w.org\/{rel}","templated":true}]}}