{"id":41961,"date":"2024-09-19T15:19:05","date_gmt":"2024-09-19T13:19:05","guid":{"rendered":"https:\/\/www.fleurop-home.ch\/de-ch\/?post_type=product&#038;p=41961"},"modified":"2026-04-17T11:11:49","modified_gmt":"2026-04-17T09:11:49","slug":"zier-lauch-allium-2","status":"publish","type":"product","link":"https:\/\/www.fleurop-home.ch\/de-ch\/p\/zier-lauch-allium-2","title":{"rendered":"Zier-Lauch &#8211; Allium"},"content":{"rendered":"<p>Der kompakte Zierlauch Pinball Wizard bringt mit seinen auff\u00e4lligen, grossen violetten Bl\u00fctenkugeln Struktur und Farbe in jedes Staudenbeet oder K\u00fcbelbepflanzung. Er ist winterhart und eignet sich ideal f\u00fcr den Anbau in der Schweiz. Als Zwiebelgew\u00e4chs bevorzugt er einen gut durchl\u00e4ssigen Boden und ben\u00f6tigt nur wenig Wasser. Ein sonniger, windgesch\u00fctzter Standort f\u00f6rdert die Entwicklung der imposanten Bl\u00fcten, die von Mai bis Juni erscheinen und sich ebenfalls hervorragend als beliebte Schnittblume eignen. Besonders erfreulich: Die Bl\u00fcten werden gut von Insekten besucht und bieten so wertvolle Unterst\u00fctzung f\u00fcr die Biodiversit\u00e4t. Gepflegt und gezogen aus 100 % Schweizer Produktion steht dieses Gew\u00e4chs f\u00fcr gesunde, robuste Pflanzenqualit\u00e4t.<\/p>\n<p>H\u00f6he: 50 cm<br \/>\nTopf Gr\u00f6sse: 21 er Topf<br \/>\nWinterh\u00e4rte: winterhart<br \/>\nLicht: sonnig<br \/>\nBl\u00fctezeit: Mai bis Juni<br \/>\nBoden: durchl\u00e4ssig<br \/>\nGut f\u00fcr Insekten<\/p>\n","protected":false},"excerpt":{"rendered":"<p>Allium Pinball Wizard \u2013 kompakter Zierlauch mit imposanten Bl\u00fcten<\/p>\n","protected":false},"featured_media":75397,"template":"","meta":[],"product_brand":[],"product_cat":[109,34,41],"product_tag":[299],"woo-feed-brand":[],"class_list":{"0":"post-41961","1":"product","2":"type-product","3":"status-publish","4":"has-post-thumbnail","6":"product_cat-saisonale-pflanzen","7":"product_cat-garten-balkon","8":"product_cat-outdoorpflanzen","9":"product_tag-santispracht","11":"first","12":"instock","13":"taxable","14":"shipping-taxable","15":"purchasable","16":"product-type-simple"},"_links":{"self":[{"href":"https:\/\/www.fleurop-home.ch\/de-ch\/wp-json\/wp\/v2\/product\/41961","targetHints":{"allow":["GET"]}}],"collection":[{"href":"https:\/\/www.fleurop-home.ch\/de-ch\/wp-json\/wp\/v2\/product"}],"about":[{"href":"https:\/\/www.fleurop-home.ch\/de-ch\/wp-json\/wp\/v2\/types\/product"}],"wp:featuredmedia":[{"embeddable":true,"href":"https:\/\/www.fleurop-home.ch\/de-ch\/wp-json\/wp\/v2\/media\/75397"}],"wp:attachment":[{"href":"https:\/\/www.fleurop-home.ch\/de-ch\/wp-json\/wp\/v2\/media?parent=41961"}],"wp:term":[{"taxonomy":"product_brand","embeddable":true,"href":"https:\/\/www.fleurop-home.ch\/de-ch\/wp-json\/wp\/v2\/product_brand?post=41961"},{"taxonomy":"product_cat","embeddable":true,"href":"https:\/\/www.fleurop-home.ch\/de-ch\/wp-json\/wp\/v2\/product_cat?post=41961"},{"taxonomy":"product_tag","embeddable":true,"href":"https:\/\/www.fleurop-home.ch\/de-ch\/wp-json\/wp\/v2\/product_tag?post=41961"},{"taxonomy":"woo-feed-brand","embeddable":true,"href":"https:\/\/www.fleurop-home.ch\/de-ch\/wp-json\/wp\/v2\/woo-feed-brand?post=41961"}],"curies":[{"name":"wp","href":"https:\/\/api.w.org\/{rel}","templated":true}]}}