{"id":41959,"date":"2024-09-19T15:19:05","date_gmt":"2024-09-19T13:19:05","guid":{"rendered":"https:\/\/www.fleurop-home.ch\/de-ch\/?post_type=product&#038;p=41959"},"modified":"2026-04-17T11:11:17","modified_gmt":"2026-04-17T09:11:17","slug":"nelke-dianthus-hybrida-6","status":"publish","type":"product","link":"https:\/\/www.fleurop-home.ch\/de-ch\/p\/nelke-dianthus-hybrida-6","title":{"rendered":"Nelke &#8211; Dianthus Hybrida"},"content":{"rendered":"<p>Diese Nelke \u00fcberzeugt im Fr\u00fchling mit leuchtend rosa Bl\u00fcten und setzt besonders in Blumenbeeten, Tr\u00f6gen oder auf dem Balkon einen attraktiven Farbtupfer. Als Saisonpflanze aus Schweizer Produktion eignet sie sich bestens f\u00fcr sonnige Standorte und bevorzugt durchl\u00e4ssige, m\u00e4ssig feuchte Erde. Ihr kompakter Wuchs bis 30 cm H\u00f6he macht sie ideal f\u00fcr verschiedene Gestaltungsideen \u2013 von gemischten Rabatten bis zu Einzelgef\u00e4ssen. Geniess diese robuste Bl\u00fctenpracht, die lokale Gartenkultur mit moderner Vielfalt verbindet.<\/p>\n<p>H\u00f6he: 30 cm<br \/>\nTopf Gr\u00f6sse: 16 er Topf<br \/>\nWinterh\u00e4rte: nicht winterhart<br \/>\nLicht: sonnig<br \/>\nBl\u00fctezeit: M\u00e4rz bis April<br \/>\nBoden: durchl\u00e4ssig<\/p>\n","protected":false},"excerpt":{"rendered":"<p>Nelke Capitan CAP Mrs. Ann im 16er Topf \u2013 Rosa Bl\u00fctenpracht aus Schweizer Produktion<\/p>\n","protected":false},"featured_media":77482,"template":"","meta":[],"product_brand":[],"product_cat":[109,34,41],"product_tag":[299],"woo-feed-brand":[],"class_list":{"0":"post-41959","1":"product","2":"type-product","3":"status-publish","4":"has-post-thumbnail","6":"product_cat-saisonale-pflanzen","7":"product_cat-garten-balkon","8":"product_cat-outdoorpflanzen","9":"product_tag-santispracht","11":"first","12":"instock","13":"taxable","14":"shipping-taxable","15":"purchasable","16":"product-type-simple"},"_links":{"self":[{"href":"https:\/\/www.fleurop-home.ch\/de-ch\/wp-json\/wp\/v2\/product\/41959","targetHints":{"allow":["GET"]}}],"collection":[{"href":"https:\/\/www.fleurop-home.ch\/de-ch\/wp-json\/wp\/v2\/product"}],"about":[{"href":"https:\/\/www.fleurop-home.ch\/de-ch\/wp-json\/wp\/v2\/types\/product"}],"wp:featuredmedia":[{"embeddable":true,"href":"https:\/\/www.fleurop-home.ch\/de-ch\/wp-json\/wp\/v2\/media\/77482"}],"wp:attachment":[{"href":"https:\/\/www.fleurop-home.ch\/de-ch\/wp-json\/wp\/v2\/media?parent=41959"}],"wp:term":[{"taxonomy":"product_brand","embeddable":true,"href":"https:\/\/www.fleurop-home.ch\/de-ch\/wp-json\/wp\/v2\/product_brand?post=41959"},{"taxonomy":"product_cat","embeddable":true,"href":"https:\/\/www.fleurop-home.ch\/de-ch\/wp-json\/wp\/v2\/product_cat?post=41959"},{"taxonomy":"product_tag","embeddable":true,"href":"https:\/\/www.fleurop-home.ch\/de-ch\/wp-json\/wp\/v2\/product_tag?post=41959"},{"taxonomy":"woo-feed-brand","embeddable":true,"href":"https:\/\/www.fleurop-home.ch\/de-ch\/wp-json\/wp\/v2\/woo-feed-brand?post=41959"}],"curies":[{"name":"wp","href":"https:\/\/api.w.org\/{rel}","templated":true}]}}