{"id":41954,"date":"2024-09-19T15:19:04","date_gmt":"2024-09-19T13:19:04","guid":{"rendered":"https:\/\/www.fleurop-home.ch\/de-ch\/?post_type=product&#038;p=41954"},"modified":"2026-04-17T11:10:06","modified_gmt":"2026-04-17T09:10:06","slug":"pinkiger-polster-phlox-phlox-fabulos","status":"publish","type":"product","link":"https:\/\/www.fleurop-home.ch\/de-ch\/p\/pinkiger-polster-phlox-phlox-fabulos","title":{"rendered":"Pinkiger Polster-Phlox &#8211; Phlox fabulos"},"content":{"rendered":"<p>Diese dichtwachsende, \u00fcppig-bl\u00fchende Polster-Staude aus 100 % Schweizer Produktion bringt leuchtende Pinkt\u00f6ne auf Mauerkronen, in Rabatten oder in Pflanzgef\u00e4sse auf der Terrasse. Besonders im April und Mai entfaltet der Polster-Phlox Dark Rose Eye seine volle Sch\u00f6nheit und liefert wertvolle Nahrung f\u00fcr Bienen sowie weitere Insekten. Er bevorzugt einen sonnigen Standort, m\u00e4ssige Wasserversorgung und einen durchl\u00e4ssigen Boden, um optimal zu gedeihen. Die winterharte Natur macht ihn zu einer langlebigen Wahl, die jedes Jahr aufs Neue mit beeindruckender Bl\u00fctenf\u00fclle begeistert. Diese Pflanzenpracht tr\u00e4gt das Qualit\u00e4tszeichen Suisse Garantie und steht f\u00fcr robuste Blumen aus Schweizer Urkraft.<\/p>\n<p>H\u00f6he: 20 cm<br \/>\nTopf Gr\u00f6sse: 10.5 er Topf<br \/>\nWinterh\u00e4rte: winterhart<br \/>\nLicht: sonnig<br \/>\nBl\u00fctezeit: April bis Mai<br \/>\nBoden: durchl\u00e4ssig<br \/>\nGut f\u00fcr Insekten<\/p>\n","protected":false},"excerpt":{"rendered":"<p>Pinkiger Polster-Phlox Dark Rose Eye \u2013 winterharte Staude, bienenfreundlich<\/p>\n","protected":false},"featured_media":77480,"template":"","meta":[],"product_brand":[],"product_cat":[109,34,41],"product_tag":[299],"woo-feed-brand":[],"class_list":{"0":"post-41954","1":"product","2":"type-product","3":"status-publish","4":"has-post-thumbnail","6":"product_cat-saisonale-pflanzen","7":"product_cat-garten-balkon","8":"product_cat-outdoorpflanzen","9":"product_tag-santispracht","11":"first","12":"instock","13":"taxable","14":"shipping-taxable","15":"purchasable","16":"product-type-simple"},"_links":{"self":[{"href":"https:\/\/www.fleurop-home.ch\/de-ch\/wp-json\/wp\/v2\/product\/41954","targetHints":{"allow":["GET"]}}],"collection":[{"href":"https:\/\/www.fleurop-home.ch\/de-ch\/wp-json\/wp\/v2\/product"}],"about":[{"href":"https:\/\/www.fleurop-home.ch\/de-ch\/wp-json\/wp\/v2\/types\/product"}],"wp:featuredmedia":[{"embeddable":true,"href":"https:\/\/www.fleurop-home.ch\/de-ch\/wp-json\/wp\/v2\/media\/77480"}],"wp:attachment":[{"href":"https:\/\/www.fleurop-home.ch\/de-ch\/wp-json\/wp\/v2\/media?parent=41954"}],"wp:term":[{"taxonomy":"product_brand","embeddable":true,"href":"https:\/\/www.fleurop-home.ch\/de-ch\/wp-json\/wp\/v2\/product_brand?post=41954"},{"taxonomy":"product_cat","embeddable":true,"href":"https:\/\/www.fleurop-home.ch\/de-ch\/wp-json\/wp\/v2\/product_cat?post=41954"},{"taxonomy":"product_tag","embeddable":true,"href":"https:\/\/www.fleurop-home.ch\/de-ch\/wp-json\/wp\/v2\/product_tag?post=41954"},{"taxonomy":"woo-feed-brand","embeddable":true,"href":"https:\/\/www.fleurop-home.ch\/de-ch\/wp-json\/wp\/v2\/woo-feed-brand?post=41954"}],"curies":[{"name":"wp","href":"https:\/\/api.w.org\/{rel}","templated":true}]}}