{"id":41832,"date":"2024-09-19T15:18:22","date_gmt":"2024-09-19T13:18:22","guid":{"rendered":"https:\/\/www.fleurop-home.ch\/de-ch\/p\/elfensporn-nemesia-strumosa-4-stueck"},"modified":"2026-04-30T09:33:47","modified_gmt":"2026-04-30T07:33:47","slug":"elfensporn-nemesia-strumosa","status":"publish","type":"product","link":"https:\/\/www.fleurop-home.ch\/de-ch\/p\/elfensporn-nemesia-strumosa","title":{"rendered":"Elfensporn &#8211; Nemesia strumosa"},"content":{"rendered":"<p>Der Elfenspiegel Karro Dark Blue bringt mit seinen intensiv blauen Bl\u00fcten eine besondere Note in deinen Sommerflor. Die Pflanze liebt sonnige Pl\u00e4tze und f\u00fchlt sich in durchl\u00e4ssigem Boden besonders wohl. Sie eignet sich hervorragend f\u00fcr Blumenrabatten und Gef\u00e4sse auf Terrasse oder Balkon. Der dezente Duft sorgt f\u00fcr zus\u00e4tzliche Attraktivit\u00e4t. Mit m\u00e4ssigem Giessen und ein wenig Aufmerksamkeit profitierst du von regionaler Blumenpracht, gewachsen aus Schweizer Urkraft und unter Suisse Garantie herangezogen.<\/p>\n<p>H\u00f6he: 15 cm<br \/>\nTopf Gr\u00f6sse: 12 er Topf<br \/>\nWinterh\u00e4rte: nicht winterhart<br \/>\nLicht: sonnig<br \/>\nBl\u00fctezeit: Juni bis August<br \/>\nBoden: durchl\u00e4ssig<\/p>\n","protected":false},"excerpt":{"rendered":"<p>Elfenspiegel Karro Dark Blue \u2013 Sommerflor in tiefem Blau aus Schweizer Produktion<\/p>\n","protected":false},"featured_media":55619,"template":"","meta":[],"product_brand":[],"product_cat":[109,34,41],"product_tag":[299],"woo-feed-brand":[],"class_list":{"0":"post-41832","1":"product","2":"type-product","3":"status-publish","4":"has-post-thumbnail","6":"product_cat-saisonale-pflanzen","7":"product_cat-garten-balkon","8":"product_cat-outdoorpflanzen","9":"product_tag-santispracht","11":"first","12":"instock","13":"taxable","14":"shipping-taxable","15":"purchasable","16":"product-type-simple"},"_links":{"self":[{"href":"https:\/\/www.fleurop-home.ch\/de-ch\/wp-json\/wp\/v2\/product\/41832","targetHints":{"allow":["GET"]}}],"collection":[{"href":"https:\/\/www.fleurop-home.ch\/de-ch\/wp-json\/wp\/v2\/product"}],"about":[{"href":"https:\/\/www.fleurop-home.ch\/de-ch\/wp-json\/wp\/v2\/types\/product"}],"wp:featuredmedia":[{"embeddable":true,"href":"https:\/\/www.fleurop-home.ch\/de-ch\/wp-json\/wp\/v2\/media\/55619"}],"wp:attachment":[{"href":"https:\/\/www.fleurop-home.ch\/de-ch\/wp-json\/wp\/v2\/media?parent=41832"}],"wp:term":[{"taxonomy":"product_brand","embeddable":true,"href":"https:\/\/www.fleurop-home.ch\/de-ch\/wp-json\/wp\/v2\/product_brand?post=41832"},{"taxonomy":"product_cat","embeddable":true,"href":"https:\/\/www.fleurop-home.ch\/de-ch\/wp-json\/wp\/v2\/product_cat?post=41832"},{"taxonomy":"product_tag","embeddable":true,"href":"https:\/\/www.fleurop-home.ch\/de-ch\/wp-json\/wp\/v2\/product_tag?post=41832"},{"taxonomy":"woo-feed-brand","embeddable":true,"href":"https:\/\/www.fleurop-home.ch\/de-ch\/wp-json\/wp\/v2\/woo-feed-brand?post=41832"}],"curies":[{"name":"wp","href":"https:\/\/api.w.org\/{rel}","templated":true}]}}