{"id":41753,"date":"2024-09-19T15:17:54","date_gmt":"2024-09-19T13:17:54","guid":{"rendered":"https:\/\/www.fleurop-home.ch\/de-ch\/p\/pechnelke-lychnis-viscaria-2-stueck"},"modified":"2026-04-21T09:48:03","modified_gmt":"2026-04-21T07:48:03","slug":"pechnelke-lychnis-viscaria","status":"publish","type":"product","link":"https:\/\/www.fleurop-home.ch\/de-ch\/p\/pechnelke-lychnis-viscaria","title":{"rendered":"Pechnelke &#8211; Lychnis viscaria"},"content":{"rendered":"<p>Die Pechnelke Splendens begeistert mit leuchtend pinken Bl\u00fcten von Mai bis Juli und macht als ausdauernder Fr\u00fchsommerbl\u00fcher in jeder naturnah gehaltenen Blumenwiese eine tolle Figur. In 100 % Schweizer Produktion kultiviert und mit Suisse Garantie versehen, eignet sich diese robuste, winterharte Staude auch hervorragend f\u00fcr die Bienenweide und als Schnittpflanze. Ihr aufrechter Wuchs erreicht etwa 50 cm H\u00f6he. Am liebsten entwickelt sie sich an einem sonnigen Standort und bevorzugt einen durchl\u00e4ssigen, n\u00e4hrstoffreichen Boden. Die Wasserversorgung sollte m\u00e4ssig erfolgen, Staun\u00e4sse wird nicht vertragen. Dank ihrer Urspr\u00fcnglichkeit f\u00f6rdert sie die Artenvielfalt und bietet Bienen sowie weiteren Insekten wertvolle Nahrung. Auch im Pflanzgef\u00e4ss auf Balkon oder Terrasse bereichert die Pechnelke den Aussenbereich mit farbenfroher, nat\u00fcrlicher Sch\u00f6nheit aus Schweizer Urkraft.<\/p>\n<p>H\u00f6he: 50 cm<br \/>\nTopf Gr\u00f6sse: 16 er Topf<br \/>\nWinterh\u00e4rte: winterhart<br \/>\nLicht: sonnig<br \/>\nBl\u00fctezeit: Mai bis Juli<br \/>\nBoden: durchl\u00e4ssig<\/p>\n","protected":false},"excerpt":{"rendered":"<p>Pechnelke Splendens \u2013 Pinke Bl\u00fctenpracht f\u00fcr naturnahe G\u00e4rten<\/p>\n","protected":false},"featured_media":41752,"template":"","meta":[],"product_brand":[],"product_cat":[109,34,41],"product_tag":[299],"woo-feed-brand":[],"class_list":{"0":"post-41753","1":"product","2":"type-product","3":"status-publish","4":"has-post-thumbnail","6":"product_cat-saisonale-pflanzen","7":"product_cat-garten-balkon","8":"product_cat-outdoorpflanzen","9":"product_tag-santispracht","11":"first","12":"instock","13":"taxable","14":"shipping-taxable","15":"purchasable","16":"product-type-simple"},"_links":{"self":[{"href":"https:\/\/www.fleurop-home.ch\/de-ch\/wp-json\/wp\/v2\/product\/41753","targetHints":{"allow":["GET"]}}],"collection":[{"href":"https:\/\/www.fleurop-home.ch\/de-ch\/wp-json\/wp\/v2\/product"}],"about":[{"href":"https:\/\/www.fleurop-home.ch\/de-ch\/wp-json\/wp\/v2\/types\/product"}],"wp:featuredmedia":[{"embeddable":true,"href":"https:\/\/www.fleurop-home.ch\/de-ch\/wp-json\/wp\/v2\/media\/41752"}],"wp:attachment":[{"href":"https:\/\/www.fleurop-home.ch\/de-ch\/wp-json\/wp\/v2\/media?parent=41753"}],"wp:term":[{"taxonomy":"product_brand","embeddable":true,"href":"https:\/\/www.fleurop-home.ch\/de-ch\/wp-json\/wp\/v2\/product_brand?post=41753"},{"taxonomy":"product_cat","embeddable":true,"href":"https:\/\/www.fleurop-home.ch\/de-ch\/wp-json\/wp\/v2\/product_cat?post=41753"},{"taxonomy":"product_tag","embeddable":true,"href":"https:\/\/www.fleurop-home.ch\/de-ch\/wp-json\/wp\/v2\/product_tag?post=41753"},{"taxonomy":"woo-feed-brand","embeddable":true,"href":"https:\/\/www.fleurop-home.ch\/de-ch\/wp-json\/wp\/v2\/woo-feed-brand?post=41753"}],"curies":[{"name":"wp","href":"https:\/\/api.w.org\/{rel}","templated":true}]}}