{"id":41458,"date":"2024-09-19T15:15:58","date_gmt":"2024-09-19T13:15:58","guid":{"rendered":"https:\/\/www.fleurop-home.ch\/de-ch\/p\/kriechendes-gipskraut-gypsophila-repens-2-stueck"},"modified":"2026-04-28T09:38:45","modified_gmt":"2026-04-28T07:38:45","slug":"kriechendes-gipskraut-gypsophila-repens","status":"publish","type":"product","link":"https:\/\/www.fleurop-home.ch\/de-ch\/p\/kriechendes-gipskraut-gypsophila-repens","title":{"rendered":"Kriechendes Gipskraut &#8211; Gypsophila repens"},"content":{"rendered":"<p>Das kriechende Gipskraut Filou Rose ist eine winterharte Staude aus 100 % Schweizer Produktion und eignet sich ideal als fl\u00e4chendeckender Bodendecker. Die zarten, rosa Bl\u00fcten erscheinen von Mai bis Juni und setzen in Rabatten, Blumenbeeten oder Steing\u00e4rten nat\u00fcrliche Akzente. Auch als h\u00e4ngende Polsterstaude in Natursteinmauern \u00fcberzeugt sie durch ihren niedrigen, ausbreitenden Wuchs. Das Gipskraut bevorzugt sonnige Lagen, durchl\u00e4ssigen Boden und eine m\u00e4ssige Wasserversorgung. Dank ihrer Robustheit und dem kompakten Wuchs ist sie pflegeleicht und bereichert den Fr\u00fchlingsgarten auf ganz nat\u00fcrliche Weise.<\/p>\n<p>H\u00f6he: 15 cm<br \/>\nTopf Gr\u00f6sse: 16 er Topf<br \/>\nWinterh\u00e4rte: winterhart<br \/>\nLicht: sonnig<br \/>\nBl\u00fctezeit: Mai bis Juni<br \/>\nBoden: durchl\u00e4ssig<\/p>\n","protected":false},"excerpt":{"rendered":"<p>Kriechendes Gipskraut Filou Rose rosa im 16er Topf \u2013 robuster Bodendecker aus Schweizer Produktion<\/p>\n","protected":false},"featured_media":41457,"template":"","meta":[],"product_brand":[],"product_cat":[109,34,41],"product_tag":[299],"woo-feed-brand":[],"class_list":{"0":"post-41458","1":"product","2":"type-product","3":"status-publish","4":"has-post-thumbnail","6":"product_cat-saisonale-pflanzen","7":"product_cat-garten-balkon","8":"product_cat-outdoorpflanzen","9":"product_tag-santispracht","11":"first","12":"instock","13":"taxable","14":"shipping-taxable","15":"purchasable","16":"product-type-simple"},"_links":{"self":[{"href":"https:\/\/www.fleurop-home.ch\/de-ch\/wp-json\/wp\/v2\/product\/41458","targetHints":{"allow":["GET"]}}],"collection":[{"href":"https:\/\/www.fleurop-home.ch\/de-ch\/wp-json\/wp\/v2\/product"}],"about":[{"href":"https:\/\/www.fleurop-home.ch\/de-ch\/wp-json\/wp\/v2\/types\/product"}],"wp:featuredmedia":[{"embeddable":true,"href":"https:\/\/www.fleurop-home.ch\/de-ch\/wp-json\/wp\/v2\/media\/41457"}],"wp:attachment":[{"href":"https:\/\/www.fleurop-home.ch\/de-ch\/wp-json\/wp\/v2\/media?parent=41458"}],"wp:term":[{"taxonomy":"product_brand","embeddable":true,"href":"https:\/\/www.fleurop-home.ch\/de-ch\/wp-json\/wp\/v2\/product_brand?post=41458"},{"taxonomy":"product_cat","embeddable":true,"href":"https:\/\/www.fleurop-home.ch\/de-ch\/wp-json\/wp\/v2\/product_cat?post=41458"},{"taxonomy":"product_tag","embeddable":true,"href":"https:\/\/www.fleurop-home.ch\/de-ch\/wp-json\/wp\/v2\/product_tag?post=41458"},{"taxonomy":"woo-feed-brand","embeddable":true,"href":"https:\/\/www.fleurop-home.ch\/de-ch\/wp-json\/wp\/v2\/woo-feed-brand?post=41458"}],"curies":[{"name":"wp","href":"https:\/\/api.w.org\/{rel}","templated":true}]}}