{"id":41403,"date":"2024-09-19T15:15:37","date_gmt":"2024-09-19T13:15:37","guid":{"rendered":"https:\/\/www.fleurop-home.ch\/de-ch\/p\/felsen-storchschnabel-spessart-geranium-macrorrhizum-2-stueck"},"modified":"2026-04-30T09:28:18","modified_gmt":"2026-04-30T07:28:18","slug":"felsen-storchschnabel-spessart-geranium-macrorrhizum","status":"publish","type":"product","link":"https:\/\/www.fleurop-home.ch\/de-ch\/p\/felsen-storchschnabel-spessart-geranium-macrorrhizum","title":{"rendered":"Felsen-Storchschnabel Spessart &#8211; Geranium macrorrhizum"},"content":{"rendered":"<p>Der Felsen-Storchschnabel Spessart ist eine anspruchslose, rhizombildende Bl\u00fctenstaude, die mit ihrem nat\u00fcrlichen Charme naturnahe Wiesen, Geh\u00f6lzr\u00e4nder oder Beete bereichert. Ab Juni bis in den August hinein erscheinen seine dezent rosa Bl\u00fcten, die viele Insekten anziehen und einen wertvollen Beitrag zum \u00f6kologischen Gleichgewicht leisten. Mit einer Wuchsh\u00f6he von etwa 30 cm eignet sich diese winterharte Staude ideal f\u00fcr sonnige Standorte und durchl\u00e4ssige B\u00f6den. Staue das Giessen nur m\u00e4ssig, da die Pflanze anpassungsf\u00e4hig und gen\u00fcgsam ist. Produziert in der Schweiz und mit Suisse Garantie steht der Felsen-Storchschnabel Spessart f\u00fcr hochwertige, naturnahe Gartenfreude.<\/p>\n<p>H\u00f6he: 30 cm<br \/>\nTopf Gr\u00f6sse: 16 er Topf<br \/>\nWinterh\u00e4rte: winterhart<br \/>\nLicht: sonnig<br \/>\nBl\u00fctezeit: Juni bis August<br \/>\nBoden: durchl\u00e4ssig<\/p>\n","protected":false},"excerpt":{"rendered":"<p>Felsen-Storchschnabel Spessart \u2013 Winterharte Staude und Insektenmagnet aus Schweizer Produktion<\/p>\n","protected":false},"featured_media":78049,"template":"","meta":[],"product_brand":[],"product_cat":[109,34,41],"product_tag":[299],"woo-feed-brand":[],"class_list":{"0":"post-41403","1":"product","2":"type-product","3":"status-publish","4":"has-post-thumbnail","6":"product_cat-saisonale-pflanzen","7":"product_cat-garten-balkon","8":"product_cat-outdoorpflanzen","9":"product_tag-santispracht","11":"first","12":"instock","13":"taxable","14":"shipping-taxable","15":"purchasable","16":"product-type-simple"},"_links":{"self":[{"href":"https:\/\/www.fleurop-home.ch\/de-ch\/wp-json\/wp\/v2\/product\/41403","targetHints":{"allow":["GET"]}}],"collection":[{"href":"https:\/\/www.fleurop-home.ch\/de-ch\/wp-json\/wp\/v2\/product"}],"about":[{"href":"https:\/\/www.fleurop-home.ch\/de-ch\/wp-json\/wp\/v2\/types\/product"}],"wp:featuredmedia":[{"embeddable":true,"href":"https:\/\/www.fleurop-home.ch\/de-ch\/wp-json\/wp\/v2\/media\/78049"}],"wp:attachment":[{"href":"https:\/\/www.fleurop-home.ch\/de-ch\/wp-json\/wp\/v2\/media?parent=41403"}],"wp:term":[{"taxonomy":"product_brand","embeddable":true,"href":"https:\/\/www.fleurop-home.ch\/de-ch\/wp-json\/wp\/v2\/product_brand?post=41403"},{"taxonomy":"product_cat","embeddable":true,"href":"https:\/\/www.fleurop-home.ch\/de-ch\/wp-json\/wp\/v2\/product_cat?post=41403"},{"taxonomy":"product_tag","embeddable":true,"href":"https:\/\/www.fleurop-home.ch\/de-ch\/wp-json\/wp\/v2\/product_tag?post=41403"},{"taxonomy":"woo-feed-brand","embeddable":true,"href":"https:\/\/www.fleurop-home.ch\/de-ch\/wp-json\/wp\/v2\/woo-feed-brand?post=41403"}],"curies":[{"name":"wp","href":"https:\/\/api.w.org\/{rel}","templated":true}]}}