{"id":41400,"date":"2024-09-19T15:15:36","date_gmt":"2024-09-19T13:15:36","guid":{"rendered":"https:\/\/www.fleurop-home.ch\/de-ch\/p\/aschgrauer-storchenschnabel-geranium-cinereum"},"modified":"2026-04-28T11:43:42","modified_gmt":"2026-04-28T09:43:42","slug":"aschgrauer-storchenschnabel-geranium-cinereum","status":"publish","type":"product","link":"https:\/\/www.fleurop-home.ch\/de-ch\/p\/aschgrauer-storchenschnabel-geranium-cinereum","title":{"rendered":"Aschgrauer Storchenschnabel &#8211; Geranium cinereum"},"content":{"rendered":"<p>Diese robuste und winterharte Staude stammt aus 100 % Schweizer Produktion und tr\u00e4gt das Qualit\u00e4tssiegel Suisse Garantie. Der aschgraue Storchenschnabel Laurence Flatman bezaubert von Juni bis August mit zahlreichen blau-violetten Bl\u00fcten und einem dichten, niedrigen Wuchs bis 30 cm H\u00f6he. Die anspruchslose Art bevorzugt durchl\u00e4ssigen Boden und einen sonnigen Standort, kommt aber auch mit m\u00e4ssiger Wasserversorgung gut zurecht. Besonders gesch\u00e4tzt wird sie als Insektenmagnet, der Bienen und andere N\u00fctzlinge in naturnahe Wiesenpflanzungen, an Geh\u00f6lzr\u00e4nder, in Topfg\u00e4rten und Mischrabatten lockt. Die wintergr\u00fcne Bl\u00fctenstaude verbindet unkomplizierte Pflege mit vielf\u00e4ltigen Gestaltungsm\u00f6glichkeiten im Garten und auf Balkon oder Terrasse.<\/p>\n<p>H\u00f6he: 30 cm<br \/>\nTopf Gr\u00f6sse: 21 er Topf<br \/>\nWinterh\u00e4rte: winterhart<br \/>\nLicht: sonnig<br \/>\nBl\u00fctezeit: Juni bis August<br \/>\nBoden: durchl\u00e4ssig<\/p>\n","protected":false},"excerpt":{"rendered":"<p>Aschgrauer Storchenschnabel Laurence Flatman \u2013 Bl\u00fctenstaude aus Schweizer Produktion<\/p>\n","protected":false},"featured_media":41399,"template":"","meta":[],"product_brand":[],"product_cat":[109,34,41],"product_tag":[299],"woo-feed-brand":[],"class_list":{"0":"post-41400","1":"product","2":"type-product","3":"status-publish","4":"has-post-thumbnail","6":"product_cat-saisonale-pflanzen","7":"product_cat-garten-balkon","8":"product_cat-outdoorpflanzen","9":"product_tag-santispracht","11":"first","12":"instock","13":"taxable","14":"shipping-taxable","15":"purchasable","16":"product-type-simple"},"_links":{"self":[{"href":"https:\/\/www.fleurop-home.ch\/de-ch\/wp-json\/wp\/v2\/product\/41400","targetHints":{"allow":["GET"]}}],"collection":[{"href":"https:\/\/www.fleurop-home.ch\/de-ch\/wp-json\/wp\/v2\/product"}],"about":[{"href":"https:\/\/www.fleurop-home.ch\/de-ch\/wp-json\/wp\/v2\/types\/product"}],"wp:featuredmedia":[{"embeddable":true,"href":"https:\/\/www.fleurop-home.ch\/de-ch\/wp-json\/wp\/v2\/media\/41399"}],"wp:attachment":[{"href":"https:\/\/www.fleurop-home.ch\/de-ch\/wp-json\/wp\/v2\/media?parent=41400"}],"wp:term":[{"taxonomy":"product_brand","embeddable":true,"href":"https:\/\/www.fleurop-home.ch\/de-ch\/wp-json\/wp\/v2\/product_brand?post=41400"},{"taxonomy":"product_cat","embeddable":true,"href":"https:\/\/www.fleurop-home.ch\/de-ch\/wp-json\/wp\/v2\/product_cat?post=41400"},{"taxonomy":"product_tag","embeddable":true,"href":"https:\/\/www.fleurop-home.ch\/de-ch\/wp-json\/wp\/v2\/product_tag?post=41400"},{"taxonomy":"woo-feed-brand","embeddable":true,"href":"https:\/\/www.fleurop-home.ch\/de-ch\/wp-json\/wp\/v2\/woo-feed-brand?post=41400"}],"curies":[{"name":"wp","href":"https:\/\/api.w.org\/{rel}","templated":true}]}}