{"id":41398,"date":"2024-09-19T15:15:36","date_gmt":"2024-09-19T13:15:36","guid":{"rendered":"https:\/\/www.fleurop-home.ch\/de-ch\/p\/storchschnabel-laurence-flatman-geranium-cinereum-2-stueck"},"modified":"2026-05-05T09:25:18","modified_gmt":"2026-05-05T07:25:18","slug":"storchschnabel-laurence-flatman-geranium-cinereum","status":"publish","type":"product","link":"https:\/\/www.fleurop-home.ch\/de-ch\/p\/storchschnabel-laurence-flatman-geranium-cinereum","title":{"rendered":"Storchschnabel Laurence Flatman &#8211; Geranium cinereum"},"content":{"rendered":"<p>Diese dauerbl\u00fchende Staude eignet sich besonders f\u00fcr naturnahe G\u00e4rten, Mischrabatten, Steing\u00e4rten, Blumenwiesen sowie f\u00fcr die Bepflanzung von B\u00f6schungen und Gef\u00e4ssen. Der Storchschnabel Laurence Flatman stammt aus 100 % Schweizer Produktion und tr\u00e4gt das Qualit\u00e4tssiegel Suisse Garantie. Die kr\u00e4ftig pinken Bl\u00fcten ziehen Bienen und andere Insekten an und f\u00f6rdern so die Biodiversit\u00e4t im Garten. Die Pflanze bevorzugt einen sonnigen Standort mit durchl\u00e4ssigem Boden und kommt mit m\u00e4ssiger Wassergabe gut zurecht. Dank ihrer ausgezeichneten Winterh\u00e4rte bleibt sie auch in raueren Lagen vital und bereichert deinen Garten \u00fcber viele Jahre hinweg mit nat\u00fcrlicher Blumenpracht.<\/p>\n<p>H\u00f6he: 15 cm<br \/>\nTopf Gr\u00f6sse: 16 er Topf<br \/>\nWinterh\u00e4rte: winterhart<br \/>\nLicht: sonnig<br \/>\nBl\u00fctezeit: Juni bis September<br \/>\nBoden: durchl\u00e4ssig<\/p>\n","protected":false},"excerpt":{"rendered":"<p>Storchschnabel Laurence Flatman \u2013 dauerbl\u00fchende Bienenweide aus Schweizer Produktion<\/p>\n","protected":false},"featured_media":78219,"template":"","meta":[],"product_brand":[],"product_cat":[109,34,41],"product_tag":[299],"woo-feed-brand":[],"class_list":{"0":"post-41398","1":"product","2":"type-product","3":"status-publish","4":"has-post-thumbnail","6":"product_cat-saisonale-pflanzen","7":"product_cat-garten-balkon","8":"product_cat-outdoorpflanzen","9":"product_tag-santispracht","11":"first","12":"instock","13":"taxable","14":"shipping-taxable","15":"purchasable","16":"product-type-simple"},"_links":{"self":[{"href":"https:\/\/www.fleurop-home.ch\/de-ch\/wp-json\/wp\/v2\/product\/41398","targetHints":{"allow":["GET"]}}],"collection":[{"href":"https:\/\/www.fleurop-home.ch\/de-ch\/wp-json\/wp\/v2\/product"}],"about":[{"href":"https:\/\/www.fleurop-home.ch\/de-ch\/wp-json\/wp\/v2\/types\/product"}],"wp:featuredmedia":[{"embeddable":true,"href":"https:\/\/www.fleurop-home.ch\/de-ch\/wp-json\/wp\/v2\/media\/78219"}],"wp:attachment":[{"href":"https:\/\/www.fleurop-home.ch\/de-ch\/wp-json\/wp\/v2\/media?parent=41398"}],"wp:term":[{"taxonomy":"product_brand","embeddable":true,"href":"https:\/\/www.fleurop-home.ch\/de-ch\/wp-json\/wp\/v2\/product_brand?post=41398"},{"taxonomy":"product_cat","embeddable":true,"href":"https:\/\/www.fleurop-home.ch\/de-ch\/wp-json\/wp\/v2\/product_cat?post=41398"},{"taxonomy":"product_tag","embeddable":true,"href":"https:\/\/www.fleurop-home.ch\/de-ch\/wp-json\/wp\/v2\/product_tag?post=41398"},{"taxonomy":"woo-feed-brand","embeddable":true,"href":"https:\/\/www.fleurop-home.ch\/de-ch\/wp-json\/wp\/v2\/woo-feed-brand?post=41398"}],"curies":[{"name":"wp","href":"https:\/\/api.w.org\/{rel}","templated":true}]}}