{"id":41280,"date":"2024-09-19T15:14:56","date_gmt":"2024-09-19T13:14:56","guid":{"rendered":"https:\/\/www.fleurop-home.ch\/de-ch\/p\/goldmargerite-euryops-x-athanasiae-4-stueck"},"modified":"2026-05-12T09:14:16","modified_gmt":"2026-05-12T07:14:16","slug":"goldmargerite-euryops-athanasiae","status":"publish","type":"product","link":"https:\/\/www.fleurop-home.ch\/de-ch\/p\/goldmargerite-euryops-athanasiae","title":{"rendered":"Goldmargerite &#8211; Euryops athanasiae"},"content":{"rendered":"<p>Die Goldmargerite zeichnet sich durch intensiv gelbe Bl\u00fcten und einen aufrechten Wuchs aus. Als typische Saisonpflanze eignet sie sich besonders gut f\u00fcr sonnige Standorte auf dem Balkon, in Pflanzgef\u00e4ssen oder Blumenrabatten. Sie bevorzugt einen durchl\u00e4ssigen Boden und ben\u00f6tigt eine m\u00e4ssige Wasserversorgung. Von Juni bis Oktober sorgt diese Schweizer Bl\u00fctenpracht zuverl\u00e4ssig f\u00fcr Farbe und Lebendigkeit \u2013 ein Ausdruck nachhaltiger und lokaler Gartenbaukunst.<\/p>\n<p>H\u00f6he: 50 cm<br \/>\nTopf Gr\u00f6sse: 12 er Topf<br \/>\nWinterh\u00e4rte: nicht winterhart<br \/>\nLicht: sonnig<br \/>\nBl\u00fctezeit: Juni bis Oktober<br \/>\nBoden: durchl\u00e4ssig<\/p>\n","protected":false},"excerpt":{"rendered":"<p>Goldmargerite im 12er Topf \u2013 Gelber Sommerflor aus Schweizer Produktion<\/p>\n","protected":false},"featured_media":41277,"template":"","meta":[],"product_brand":[],"product_cat":[109,34,41],"product_tag":[299],"woo-feed-brand":[],"class_list":{"0":"post-41280","1":"product","2":"type-product","3":"status-publish","4":"has-post-thumbnail","6":"product_cat-saisonale-pflanzen","7":"product_cat-garten-balkon","8":"product_cat-outdoorpflanzen","9":"product_tag-santispracht","11":"first","12":"instock","13":"taxable","14":"shipping-taxable","15":"purchasable","16":"product-type-simple"},"_links":{"self":[{"href":"https:\/\/www.fleurop-home.ch\/de-ch\/wp-json\/wp\/v2\/product\/41280","targetHints":{"allow":["GET"]}}],"collection":[{"href":"https:\/\/www.fleurop-home.ch\/de-ch\/wp-json\/wp\/v2\/product"}],"about":[{"href":"https:\/\/www.fleurop-home.ch\/de-ch\/wp-json\/wp\/v2\/types\/product"}],"wp:featuredmedia":[{"embeddable":true,"href":"https:\/\/www.fleurop-home.ch\/de-ch\/wp-json\/wp\/v2\/media\/41277"}],"wp:attachment":[{"href":"https:\/\/www.fleurop-home.ch\/de-ch\/wp-json\/wp\/v2\/media?parent=41280"}],"wp:term":[{"taxonomy":"product_brand","embeddable":true,"href":"https:\/\/www.fleurop-home.ch\/de-ch\/wp-json\/wp\/v2\/product_brand?post=41280"},{"taxonomy":"product_cat","embeddable":true,"href":"https:\/\/www.fleurop-home.ch\/de-ch\/wp-json\/wp\/v2\/product_cat?post=41280"},{"taxonomy":"product_tag","embeddable":true,"href":"https:\/\/www.fleurop-home.ch\/de-ch\/wp-json\/wp\/v2\/product_tag?post=41280"},{"taxonomy":"woo-feed-brand","embeddable":true,"href":"https:\/\/www.fleurop-home.ch\/de-ch\/wp-json\/wp\/v2\/woo-feed-brand?post=41280"}],"curies":[{"name":"wp","href":"https:\/\/api.w.org\/{rel}","templated":true}]}}