{"id":41154,"date":"2024-09-19T15:14:08","date_gmt":"2024-09-19T13:14:08","guid":{"rendered":"https:\/\/www.fleurop-home.ch\/de-ch\/p\/elfensporn-diascia-personata-4-stueck"},"modified":"2026-04-21T09:43:05","modified_gmt":"2026-04-21T07:43:05","slug":"elfensporn-diascia-personata-5","status":"publish","type":"product","link":"https:\/\/www.fleurop-home.ch\/de-ch\/p\/elfensporn-diascia-personata-5","title":{"rendered":"Elfensporn &#8211; Diascia personata"},"content":{"rendered":"<p>Der kompakte Elfensporn in Weiss \u00fcberzeugt als vielseitiger Sommerflor mit reichhaltiger Bl\u00fctezeit von Mai bis September. Diese Saisonpflanze f\u00fchlt sich an sonnigen Standorten besonders wohl und zeigt ihre volle Pracht vor allem bei m\u00e4ssiger Wasserversorgung und durchl\u00e4ssigem Boden. Sie eignet sich hervorragend f\u00fcr die Bepflanzung von Balkonkisten, Rabatten, Ampeln und Tr\u00f6gen sowie f\u00fcr Grabanlagen. Die Bl\u00fcten bieten einen wertvollen Beitrag f\u00fcr Insekten in deinem Garten. Die Pflanze stammt aus 100 % Schweizer Produktion und garantiert Qualit\u00e4t mit Suisse Garantie.<\/p>\n<p>H\u00f6he: 30 cm<br \/>\nTopf Gr\u00f6sse: 12 er Topf<br \/>\nWinterh\u00e4rte: nicht winterhart<br \/>\nLicht: sonnig<br \/>\nBl\u00fctezeit: Mai bis September<br \/>\nBoden: durchl\u00e4ssig<\/p>\n","protected":false},"excerpt":{"rendered":"<p>Elfensporn Weiss \u2013 Saisonpflanze f\u00fcr sonnige Standorte<\/p>\n","protected":false},"featured_media":41150,"template":"","meta":[],"product_brand":[],"product_cat":[109,34,41],"product_tag":[299],"woo-feed-brand":[],"class_list":{"0":"post-41154","1":"product","2":"type-product","3":"status-publish","4":"has-post-thumbnail","6":"product_cat-saisonale-pflanzen","7":"product_cat-garten-balkon","8":"product_cat-outdoorpflanzen","9":"product_tag-santispracht","11":"first","12":"instock","13":"taxable","14":"shipping-taxable","15":"purchasable","16":"product-type-simple"},"_links":{"self":[{"href":"https:\/\/www.fleurop-home.ch\/de-ch\/wp-json\/wp\/v2\/product\/41154","targetHints":{"allow":["GET"]}}],"collection":[{"href":"https:\/\/www.fleurop-home.ch\/de-ch\/wp-json\/wp\/v2\/product"}],"about":[{"href":"https:\/\/www.fleurop-home.ch\/de-ch\/wp-json\/wp\/v2\/types\/product"}],"wp:featuredmedia":[{"embeddable":true,"href":"https:\/\/www.fleurop-home.ch\/de-ch\/wp-json\/wp\/v2\/media\/41150"}],"wp:attachment":[{"href":"https:\/\/www.fleurop-home.ch\/de-ch\/wp-json\/wp\/v2\/media?parent=41154"}],"wp:term":[{"taxonomy":"product_brand","embeddable":true,"href":"https:\/\/www.fleurop-home.ch\/de-ch\/wp-json\/wp\/v2\/product_brand?post=41154"},{"taxonomy":"product_cat","embeddable":true,"href":"https:\/\/www.fleurop-home.ch\/de-ch\/wp-json\/wp\/v2\/product_cat?post=41154"},{"taxonomy":"product_tag","embeddable":true,"href":"https:\/\/www.fleurop-home.ch\/de-ch\/wp-json\/wp\/v2\/product_tag?post=41154"},{"taxonomy":"woo-feed-brand","embeddable":true,"href":"https:\/\/www.fleurop-home.ch\/de-ch\/wp-json\/wp\/v2\/woo-feed-brand?post=41154"}],"curies":[{"name":"wp","href":"https:\/\/api.w.org\/{rel}","templated":true}]}}