{"id":41144,"date":"2024-09-19T15:14:05","date_gmt":"2024-09-19T13:14:05","guid":{"rendered":"https:\/\/www.fleurop-home.ch\/de-ch\/p\/elfensporn-diascia-personata-4-stueck"},"modified":"2026-04-28T11:50:14","modified_gmt":"2026-04-28T09:50:14","slug":"elfensporn-diascia-personata-6","status":"publish","type":"product","link":"https:\/\/www.fleurop-home.ch\/de-ch\/p\/elfensporn-diascia-personata-6","title":{"rendered":"Elfensporn &#8211; Diascia personata"},"content":{"rendered":"<p>Dieser kompakte, reichbl\u00fchende Elfensporn in dunklem Rot ist ein Blickfang f\u00fcr jede sonnige Ecke. Die Pflanze ist speziell als saisonaler Sommerflor gez\u00fcchtet und eignet sich bestens f\u00fcr Balkonkisten, Rabatten, Ampeln, Tr\u00f6ge oder Grabbepflanzungen. Besonders Bienen sch\u00e4tzen die Bl\u00fctenpracht und sorgen f\u00fcr lebendiges Treiben rund um die Pflanze. Idealerweise w\u00e4chst der Elfensporn in durchl\u00e4ssigem Boden und bevorzugt einen sonnigen Standort. Das Giessen sollte m\u00e4ssig erfolgen, um Staun\u00e4sse zu vermeiden. Mit seiner unkomplizierten Pflege bereichert dieser Sommerflor jede Aussenfl\u00e4che und steht f\u00fcr farbenfrohe Biodiversit\u00e4t aus 100 % Schweizer Produktion.<\/p>\n<p>H\u00f6he: 30 cm<br \/>\nTopf Gr\u00f6sse: 12 er Topf<br \/>\nWinterh\u00e4rte: nicht winterhart<br \/>\nLicht: sonnig<br \/>\nBl\u00fctezeit: Mai bis September<br \/>\nBoden: durchl\u00e4ssig<\/p>\n","protected":false},"excerpt":{"rendered":"<p>Elfensporn Dunkel Rot \u2013 kompakter Sommerflor f\u00fcr Bienenfreunde<\/p>\n","protected":false},"featured_media":41143,"template":"","meta":[],"product_brand":[],"product_cat":[109,34,41],"product_tag":[299],"woo-feed-brand":[],"class_list":{"0":"post-41144","1":"product","2":"type-product","3":"status-publish","4":"has-post-thumbnail","6":"product_cat-saisonale-pflanzen","7":"product_cat-garten-balkon","8":"product_cat-outdoorpflanzen","9":"product_tag-santispracht","11":"first","12":"instock","13":"taxable","14":"shipping-taxable","15":"purchasable","16":"product-type-simple"},"_links":{"self":[{"href":"https:\/\/www.fleurop-home.ch\/de-ch\/wp-json\/wp\/v2\/product\/41144","targetHints":{"allow":["GET"]}}],"collection":[{"href":"https:\/\/www.fleurop-home.ch\/de-ch\/wp-json\/wp\/v2\/product"}],"about":[{"href":"https:\/\/www.fleurop-home.ch\/de-ch\/wp-json\/wp\/v2\/types\/product"}],"wp:featuredmedia":[{"embeddable":true,"href":"https:\/\/www.fleurop-home.ch\/de-ch\/wp-json\/wp\/v2\/media\/41143"}],"wp:attachment":[{"href":"https:\/\/www.fleurop-home.ch\/de-ch\/wp-json\/wp\/v2\/media?parent=41144"}],"wp:term":[{"taxonomy":"product_brand","embeddable":true,"href":"https:\/\/www.fleurop-home.ch\/de-ch\/wp-json\/wp\/v2\/product_brand?post=41144"},{"taxonomy":"product_cat","embeddable":true,"href":"https:\/\/www.fleurop-home.ch\/de-ch\/wp-json\/wp\/v2\/product_cat?post=41144"},{"taxonomy":"product_tag","embeddable":true,"href":"https:\/\/www.fleurop-home.ch\/de-ch\/wp-json\/wp\/v2\/product_tag?post=41144"},{"taxonomy":"woo-feed-brand","embeddable":true,"href":"https:\/\/www.fleurop-home.ch\/de-ch\/wp-json\/wp\/v2\/woo-feed-brand?post=41144"}],"curies":[{"name":"wp","href":"https:\/\/api.w.org\/{rel}","templated":true}]}}