{"id":41046,"date":"2024-09-19T15:13:34","date_gmt":"2024-09-19T13:13:34","guid":{"rendered":"https:\/\/www.fleurop-home.ch\/de-ch\/p\/kosmee-cosmos-bipinnatus-2-stueck"},"modified":"2026-04-30T09:15:58","modified_gmt":"2026-04-30T07:15:58","slug":"kosmee-cosmos-bipinnatus-2","status":"publish","type":"product","link":"https:\/\/www.fleurop-home.ch\/de-ch\/p\/kosmee-cosmos-bipinnatus-2","title":{"rendered":"Kosmee &#8211; Cosmos bipinnatus"},"content":{"rendered":"<p>Die Kosmee &#8218;Casanova Violett&#8216; begeistert durch ihre anhaltende Bl\u00fctenf\u00fclle von Mai bis September und eignet sich ideal f\u00fcr sonnige Standorte. Mit einer Wuchsh\u00f6he von rund 80 cm kommt sie sowohl in Mischrabatten als auch in Blumenbeeten und grossen Pflanzgef\u00e4ssen auf Terrasse oder Balkon bestens zur Geltung. Ihr filigranes, gr\u00fcnes Laub und die auffallenden violetten Bl\u00fcten sind nicht nur ein Blickfang f\u00fcr den Menschen, sondern bieten auch vielen Insekten eine wertvolle Nahrungsquelle. Diese Saisonpflanze bevorzugt durchl\u00e4ssigen Boden, ben\u00f6tigt m\u00e4ssige Wassergaben und punktet durch ihre Herkunft aus 100 % Schweizer Produktion \u2013 ein Plus f\u00fcr Qualit\u00e4t und Nachhaltigkeit.<\/p>\n<p>H\u00f6he: 80 cm<br \/>\nTopf Gr\u00f6sse: 16 er Topf<br \/>\nWinterh\u00e4rte: nicht winterhart<br \/>\nLicht: sonnig<br \/>\nBl\u00fctezeit: Mai bis September<br \/>\nBoden: durchl\u00e4ssig<\/p>\n","protected":false},"excerpt":{"rendered":"<p>Kosmee &#8218;Casanova Violett&#8216; \u2013 Saisonpflanze mit violetten Bl\u00fcten<\/p>\n","protected":false},"featured_media":41045,"template":"","meta":[],"product_brand":[],"product_cat":[109,34,41],"product_tag":[299],"woo-feed-brand":[],"class_list":{"0":"post-41046","1":"product","2":"type-product","3":"status-publish","4":"has-post-thumbnail","6":"product_cat-saisonale-pflanzen","7":"product_cat-garten-balkon","8":"product_cat-outdoorpflanzen","9":"product_tag-santispracht","11":"first","12":"instock","13":"taxable","14":"shipping-taxable","15":"purchasable","16":"product-type-simple"},"_links":{"self":[{"href":"https:\/\/www.fleurop-home.ch\/de-ch\/wp-json\/wp\/v2\/product\/41046","targetHints":{"allow":["GET"]}}],"collection":[{"href":"https:\/\/www.fleurop-home.ch\/de-ch\/wp-json\/wp\/v2\/product"}],"about":[{"href":"https:\/\/www.fleurop-home.ch\/de-ch\/wp-json\/wp\/v2\/types\/product"}],"wp:featuredmedia":[{"embeddable":true,"href":"https:\/\/www.fleurop-home.ch\/de-ch\/wp-json\/wp\/v2\/media\/41045"}],"wp:attachment":[{"href":"https:\/\/www.fleurop-home.ch\/de-ch\/wp-json\/wp\/v2\/media?parent=41046"}],"wp:term":[{"taxonomy":"product_brand","embeddable":true,"href":"https:\/\/www.fleurop-home.ch\/de-ch\/wp-json\/wp\/v2\/product_brand?post=41046"},{"taxonomy":"product_cat","embeddable":true,"href":"https:\/\/www.fleurop-home.ch\/de-ch\/wp-json\/wp\/v2\/product_cat?post=41046"},{"taxonomy":"product_tag","embeddable":true,"href":"https:\/\/www.fleurop-home.ch\/de-ch\/wp-json\/wp\/v2\/product_tag?post=41046"},{"taxonomy":"woo-feed-brand","embeddable":true,"href":"https:\/\/www.fleurop-home.ch\/de-ch\/wp-json\/wp\/v2\/woo-feed-brand?post=41046"}],"curies":[{"name":"wp","href":"https:\/\/api.w.org\/{rel}","templated":true}]}}