{"id":41043,"date":"2024-09-19T15:13:33","date_gmt":"2024-09-19T13:13:33","guid":{"rendered":"https:\/\/www.fleurop-home.ch\/de-ch\/p\/kosmee-cosmos-bipinnatus-2-stueck"},"modified":"2026-04-30T09:17:02","modified_gmt":"2026-04-30T07:17:02","slug":"kosmee-cosmos-bipinnatus-3","status":"publish","type":"product","link":"https:\/\/www.fleurop-home.ch\/de-ch\/p\/kosmee-cosmos-bipinnatus-3","title":{"rendered":"Kosmee &#8211; Cosmos bipinnatus"},"content":{"rendered":"<p>Die Kosmee Casanova Pink bringt mit ihren fein gefiederten Bl\u00e4ttern und zartrosa Bl\u00fcten von Mai bis September ein lebendiges Farbspiel in deinen Garten oder auf den Balkon. Als Saisonpflanze eignet sie sich besonders gut f\u00fcr sonnige Standorte und bevorzugt einen durchl\u00e4ssigen, leicht n\u00e4hrstoffreichen Boden. Dank m\u00e4ssigem Wasserbedarf bleibt die Pflege unkompliziert. Ihre Bl\u00fcten sind bei Insekten sehr beliebt und leisten so einen wertvollen Beitrag zur F\u00f6rderung der Artenvielfalt. Mit Schweizer Qualit\u00e4t und zuverl\u00e4ssiger Bl\u00fchfreude ist diese Kosmee ein sommerlicher Blickfang f\u00fcr jedes Pflanzenarrangement.<\/p>\n<p>H\u00f6he: 80 cm<br \/>\nTopf Gr\u00f6sse: 16 er Topf<br \/>\nWinterh\u00e4rte: nicht winterhart<br \/>\nLicht: sonnig<br \/>\nBl\u00fctezeit: Mai bis September<br \/>\nBoden: durchl\u00e4ssig<\/p>\n","protected":false},"excerpt":{"rendered":"<p>Kosmee Casanova Pink \u2013 Saisonpflanze f\u00fcr sonnige Standorte<\/p>\n","protected":false},"featured_media":34128,"template":"","meta":[],"product_brand":[],"product_cat":[109,34,41],"product_tag":[299],"woo-feed-brand":[],"class_list":{"0":"post-41043","1":"product","2":"type-product","3":"status-publish","4":"has-post-thumbnail","6":"product_cat-saisonale-pflanzen","7":"product_cat-garten-balkon","8":"product_cat-outdoorpflanzen","9":"product_tag-santispracht","11":"first","12":"instock","13":"taxable","14":"shipping-taxable","15":"purchasable","16":"product-type-simple"},"_links":{"self":[{"href":"https:\/\/www.fleurop-home.ch\/de-ch\/wp-json\/wp\/v2\/product\/41043","targetHints":{"allow":["GET"]}}],"collection":[{"href":"https:\/\/www.fleurop-home.ch\/de-ch\/wp-json\/wp\/v2\/product"}],"about":[{"href":"https:\/\/www.fleurop-home.ch\/de-ch\/wp-json\/wp\/v2\/types\/product"}],"wp:featuredmedia":[{"embeddable":true,"href":"https:\/\/www.fleurop-home.ch\/de-ch\/wp-json\/wp\/v2\/media\/34128"}],"wp:attachment":[{"href":"https:\/\/www.fleurop-home.ch\/de-ch\/wp-json\/wp\/v2\/media?parent=41043"}],"wp:term":[{"taxonomy":"product_brand","embeddable":true,"href":"https:\/\/www.fleurop-home.ch\/de-ch\/wp-json\/wp\/v2\/product_brand?post=41043"},{"taxonomy":"product_cat","embeddable":true,"href":"https:\/\/www.fleurop-home.ch\/de-ch\/wp-json\/wp\/v2\/product_cat?post=41043"},{"taxonomy":"product_tag","embeddable":true,"href":"https:\/\/www.fleurop-home.ch\/de-ch\/wp-json\/wp\/v2\/product_tag?post=41043"},{"taxonomy":"woo-feed-brand","embeddable":true,"href":"https:\/\/www.fleurop-home.ch\/de-ch\/wp-json\/wp\/v2\/woo-feed-brand?post=41043"}],"curies":[{"name":"wp","href":"https:\/\/api.w.org\/{rel}","templated":true}]}}