{"id":40880,"date":"2024-09-19T15:12:39","date_gmt":"2024-09-19T13:12:39","guid":{"rendered":"https:\/\/www.fleurop-home.ch\/de-ch\/p\/zittergras-briza-media-2-stueck"},"modified":"2026-04-30T09:24:52","modified_gmt":"2026-04-30T07:24:52","slug":"zittergras-briza-media","status":"publish","type":"product","link":"https:\/\/www.fleurop-home.ch\/de-ch\/p\/zittergras-briza-media","title":{"rendered":"Zittergras &#8211; Briza media"},"content":{"rendered":"<p>Briza media Tinkerbell ist ein rhizombildendes Ziergras, das sich ideal eignet, um dezente, bewegte Akzente in Beeten oder K\u00fcbeln zu setzen. Mit einer Wuchsh\u00f6he von circa 60 cm und den charakteristisch zitternden \u00c4hren sorgt es f\u00fcr naturnahe Gartenmomente. Das Gras bevorzugt sonnige Standorte und durchl\u00e4ssigen, m\u00e4ssig feuchten Boden. Dank seiner Winterh\u00e4rte \u00fcbersteht es auch k\u00fchle Jahreszeiten zuverl\u00e4ssig. Die Produktion und Kultivierung erfolgen vollst\u00e4ndig in der Schweiz nach Suisse Garantie Standards \u2013 f\u00fcr langlebige Freude an echter Blumenpracht aus Urkraft.<\/p>\n<p>H\u00f6he: 60 cm<br \/>\nTopf Gr\u00f6sse: 16 er Topf<br \/>\nWinterh\u00e4rte: winterhart<br \/>\nLicht: sonnig<br \/>\nBl\u00fctezeit: Juni bis Juli<br \/>\nBoden: durchl\u00e4ssig<\/p>\n","protected":false},"excerpt":{"rendered":"<p>Zittergras Tinkerbell \u2013 robustes Ziergras aus Schweizer Produktion<\/p>\n","protected":false},"featured_media":78043,"template":"","meta":[],"product_brand":[],"product_cat":[109,34,41],"product_tag":[299],"woo-feed-brand":[],"class_list":{"0":"post-40880","1":"product","2":"type-product","3":"status-publish","4":"has-post-thumbnail","6":"product_cat-saisonale-pflanzen","7":"product_cat-garten-balkon","8":"product_cat-outdoorpflanzen","9":"product_tag-santispracht","11":"first","12":"instock","13":"taxable","14":"shipping-taxable","15":"purchasable","16":"product-type-simple"},"_links":{"self":[{"href":"https:\/\/www.fleurop-home.ch\/de-ch\/wp-json\/wp\/v2\/product\/40880","targetHints":{"allow":["GET"]}}],"collection":[{"href":"https:\/\/www.fleurop-home.ch\/de-ch\/wp-json\/wp\/v2\/product"}],"about":[{"href":"https:\/\/www.fleurop-home.ch\/de-ch\/wp-json\/wp\/v2\/types\/product"}],"wp:featuredmedia":[{"embeddable":true,"href":"https:\/\/www.fleurop-home.ch\/de-ch\/wp-json\/wp\/v2\/media\/78043"}],"wp:attachment":[{"href":"https:\/\/www.fleurop-home.ch\/de-ch\/wp-json\/wp\/v2\/media?parent=40880"}],"wp:term":[{"taxonomy":"product_brand","embeddable":true,"href":"https:\/\/www.fleurop-home.ch\/de-ch\/wp-json\/wp\/v2\/product_brand?post=40880"},{"taxonomy":"product_cat","embeddable":true,"href":"https:\/\/www.fleurop-home.ch\/de-ch\/wp-json\/wp\/v2\/product_cat?post=40880"},{"taxonomy":"product_tag","embeddable":true,"href":"https:\/\/www.fleurop-home.ch\/de-ch\/wp-json\/wp\/v2\/product_tag?post=40880"},{"taxonomy":"woo-feed-brand","embeddable":true,"href":"https:\/\/www.fleurop-home.ch\/de-ch\/wp-json\/wp\/v2\/woo-feed-brand?post=40880"}],"curies":[{"name":"wp","href":"https:\/\/api.w.org\/{rel}","templated":true}]}}