{"id":40121,"date":"2025-12-02T11:36:34","date_gmt":"2025-12-02T10:36:34","guid":{"rendered":"https:\/\/www.fleurop-home.ch\/?post_type=product&#038;p=40121"},"modified":"2026-03-05T07:23:41","modified_gmt":"2026-03-05T06:23:41","slug":"geschenkkarte-chf-50-der-fortyseven-wellness-therme","status":"publish","type":"product","link":"https:\/\/www.fleurop-home.ch\/de-ch\/p\/geschenkkarte-chf-50-der-fortyseven-wellness-therme","title":{"rendered":"Geschenkkarte CHF 50.- der FORTYSEVEN Wellness-Therme"},"content":{"rendered":"<p>Die moderne Wellness-Therme FORTYSEVEN in Baden steht f\u00fcr Erholung, Genuss und Wellness pur. Der perfekte Ort, um sich treiben zu lassen, sich eine Massage zu g\u00f6nnen und einfach mal die Seele baumeln zu lassen.<\/p>\n<p>Die Geschenkkarte kann f\u00fcr alle Leistungen der Wellness-Therme FORTYSEVEN eingel\u00f6st werden und ist 10 Jahre g\u00fcltig.<\/p>\n","protected":false},"excerpt":{"rendered":"<p>Geschenkkarte CHF 50.- der FORTYSEVEN Wellness-Therme<\/p>\n","protected":false},"featured_media":40122,"template":"","meta":[],"product_brand":[],"product_cat":[57,1088,1092,52],"product_tag":[282],"woo-feed-brand":[],"class_list":{"0":"post-40121","1":"product","2":"type-product","3":"status-publish","4":"has-post-thumbnail","6":"product_cat-geschenkkarten","7":"product_cat-vatertag","8":"product_cat-wohlfuehltyp","9":"product_cat-geschenke","10":"product_tag-fleurop-interflora","12":"first","13":"instock","14":"taxable","15":"shipping-taxable","16":"purchasable","17":"product-type-simple"},"_links":{"self":[{"href":"https:\/\/www.fleurop-home.ch\/de-ch\/wp-json\/wp\/v2\/product\/40121","targetHints":{"allow":["GET"]}}],"collection":[{"href":"https:\/\/www.fleurop-home.ch\/de-ch\/wp-json\/wp\/v2\/product"}],"about":[{"href":"https:\/\/www.fleurop-home.ch\/de-ch\/wp-json\/wp\/v2\/types\/product"}],"wp:featuredmedia":[{"embeddable":true,"href":"https:\/\/www.fleurop-home.ch\/de-ch\/wp-json\/wp\/v2\/media\/40122"}],"wp:attachment":[{"href":"https:\/\/www.fleurop-home.ch\/de-ch\/wp-json\/wp\/v2\/media?parent=40121"}],"wp:term":[{"taxonomy":"product_brand","embeddable":true,"href":"https:\/\/www.fleurop-home.ch\/de-ch\/wp-json\/wp\/v2\/product_brand?post=40121"},{"taxonomy":"product_cat","embeddable":true,"href":"https:\/\/www.fleurop-home.ch\/de-ch\/wp-json\/wp\/v2\/product_cat?post=40121"},{"taxonomy":"product_tag","embeddable":true,"href":"https:\/\/www.fleurop-home.ch\/de-ch\/wp-json\/wp\/v2\/product_tag?post=40121"},{"taxonomy":"woo-feed-brand","embeddable":true,"href":"https:\/\/www.fleurop-home.ch\/de-ch\/wp-json\/wp\/v2\/woo-feed-brand?post=40121"}],"curies":[{"name":"wp","href":"https:\/\/api.w.org\/{rel}","templated":true}]}}