{"id":37307,"date":"2024-07-23T21:07:44","date_gmt":"2024-07-23T19:07:44","guid":{"rendered":"https:\/\/www.fleurop-home.ch\/de-ch\/?post_type=product&#038;p=37307"},"modified":"2025-10-22T08:54:59","modified_gmt":"2025-10-22T06:54:59","slug":"hexagon-tablett-weiss-kupfer","status":"publish","type":"product","link":"https:\/\/www.fleurop-home.ch\/de-ch\/p\/hexagon-tablett-weiss-kupfer","title":{"rendered":"Hexagon Tablett, Weiss Kupfer"},"content":{"rendered":"<p><b>Material:<\/b> Jesmonite<\/p>\n<p><b>Handgefertigt:<\/b> Jedes St\u00fcck ist ein Unikat<\/p>\n<p><b>Perfekt f\u00fcr: <\/b>Schmuck, Schl\u00fcssel, M\u00fcnz und kleine Accessoires oder als Untersetzer<\/p>\n<p><b>Masse:<\/b> ca. 97\u00a0x 110\u00a0mm<\/p>\n<p><b>Pflegehinweis: <\/b>Alle Produkte sind wasserabweisend, aber nicht wasserdicht.\u00a0Zum Reinigen mit feuchtem Tuch leicht abwischen, nicht reiben.<\/p>\n<p><b>Gut zu wissen: <\/b>Da jedes Produkt handgefertigt ist, k\u00f6nnen Farben und Muster leicht variieren. Aufgrund der Beschaffenheit des Materials sind einige Luftblasen unvermeidbar.<\/p>\n","protected":false},"excerpt":{"rendered":"<p>Das Hexagon-Ablagetablett ist ein stilvolles und vielseitiges Accessoire f\u00fcr Zuhause oder B\u00fcro. Hergestellt aus hochwertigem Jesmonite, bietet es eine moderne \u00c4sthetik und ist ideal zum Organisieren kleiner Gegenst\u00e4nde wie Schl\u00fcssel oder Schmuck.<\/p>\n","protected":false},"featured_media":37301,"template":"","meta":[],"product_brand":[],"product_cat":[30,23,1190],"product_tag":[333],"woo-feed-brand":[],"class_list":{"0":"post-37307","1":"product","2":"type-product","3":"status-publish","4":"has-post-thumbnail","6":"product_cat-deko-accessoires","7":"product_cat-home-living","8":"product_cat-dekoobjekte","9":"product_tag-kiwi-deko","11":"first","12":"instock","13":"taxable","14":"shipping-taxable","15":"purchasable","16":"product-type-simple"},"_links":{"self":[{"href":"https:\/\/www.fleurop-home.ch\/de-ch\/wp-json\/wp\/v2\/product\/37307","targetHints":{"allow":["GET"]}}],"collection":[{"href":"https:\/\/www.fleurop-home.ch\/de-ch\/wp-json\/wp\/v2\/product"}],"about":[{"href":"https:\/\/www.fleurop-home.ch\/de-ch\/wp-json\/wp\/v2\/types\/product"}],"wp:featuredmedia":[{"embeddable":true,"href":"https:\/\/www.fleurop-home.ch\/de-ch\/wp-json\/wp\/v2\/media\/37301"}],"wp:attachment":[{"href":"https:\/\/www.fleurop-home.ch\/de-ch\/wp-json\/wp\/v2\/media?parent=37307"}],"wp:term":[{"taxonomy":"product_brand","embeddable":true,"href":"https:\/\/www.fleurop-home.ch\/de-ch\/wp-json\/wp\/v2\/product_brand?post=37307"},{"taxonomy":"product_cat","embeddable":true,"href":"https:\/\/www.fleurop-home.ch\/de-ch\/wp-json\/wp\/v2\/product_cat?post=37307"},{"taxonomy":"product_tag","embeddable":true,"href":"https:\/\/www.fleurop-home.ch\/de-ch\/wp-json\/wp\/v2\/product_tag?post=37307"},{"taxonomy":"woo-feed-brand","embeddable":true,"href":"https:\/\/www.fleurop-home.ch\/de-ch\/wp-json\/wp\/v2\/woo-feed-brand?post=37307"}],"curies":[{"name":"wp","href":"https:\/\/api.w.org\/{rel}","templated":true}]}}