{"id":37043,"date":"2024-07-16T16:29:58","date_gmt":"2024-07-16T14:29:58","guid":{"rendered":"https:\/\/www.fleurop-home.ch\/?post_type=product&#038;p=37043"},"modified":"2025-10-22T11:02:32","modified_gmt":"2025-10-22T09:02:32","slug":"blumen-geschenk-box-schwarz-20-20-cm","status":"publish","type":"product","link":"https:\/\/www.fleurop-home.ch\/de-ch\/p\/blumen-geschenk-box-schwarz-20-20-cm","title":{"rendered":"Blumen\/Geschenk-Box, schwarz, 20\/20 cm"},"content":{"rendered":"<p>Diese Box eignet sich f\u00fcr alle, die es klassisch und elegant m\u00f6gen. Die Box kann als edle Geschenkverpackung genutzt werden und danach zur Aufbewahrung sch\u00f6ner Dinge weiterverwendet werden. Oder man m\u00f6chte selber kreativ werden und sie mit frischen Blumen f\u00fcllen.<\/p>\n","protected":false},"excerpt":{"rendered":"<p>Blumen\/Geschenk-Box, schwarz, 20\/20 cm<\/p>\n","protected":false},"featured_media":37045,"template":"","meta":[],"product_brand":[],"product_cat":[29,23,1195,1178,909,911],"product_tag":[282],"woo-feed-brand":[],"class_list":{"0":"post-37043","1":"product","2":"type-product","3":"status-publish","4":"has-post-thumbnail","6":"product_cat-do-it-yourself","7":"product_cat-home-living","8":"product_cat-dekogrundlagen","9":"product_cat-diy","10":"product_cat-weihnachten","11":"product_cat-accessoires","12":"product_tag-fleurop-interflora","14":"first","15":"instock","16":"taxable","17":"shipping-taxable","18":"purchasable","19":"product-type-simple"},"_links":{"self":[{"href":"https:\/\/www.fleurop-home.ch\/de-ch\/wp-json\/wp\/v2\/product\/37043","targetHints":{"allow":["GET"]}}],"collection":[{"href":"https:\/\/www.fleurop-home.ch\/de-ch\/wp-json\/wp\/v2\/product"}],"about":[{"href":"https:\/\/www.fleurop-home.ch\/de-ch\/wp-json\/wp\/v2\/types\/product"}],"wp:featuredmedia":[{"embeddable":true,"href":"https:\/\/www.fleurop-home.ch\/de-ch\/wp-json\/wp\/v2\/media\/37045"}],"wp:attachment":[{"href":"https:\/\/www.fleurop-home.ch\/de-ch\/wp-json\/wp\/v2\/media?parent=37043"}],"wp:term":[{"taxonomy":"product_brand","embeddable":true,"href":"https:\/\/www.fleurop-home.ch\/de-ch\/wp-json\/wp\/v2\/product_brand?post=37043"},{"taxonomy":"product_cat","embeddable":true,"href":"https:\/\/www.fleurop-home.ch\/de-ch\/wp-json\/wp\/v2\/product_cat?post=37043"},{"taxonomy":"product_tag","embeddable":true,"href":"https:\/\/www.fleurop-home.ch\/de-ch\/wp-json\/wp\/v2\/product_tag?post=37043"},{"taxonomy":"woo-feed-brand","embeddable":true,"href":"https:\/\/www.fleurop-home.ch\/de-ch\/wp-json\/wp\/v2\/woo-feed-brand?post=37043"}],"curies":[{"name":"wp","href":"https:\/\/api.w.org\/{rel}","templated":true}]}}