{"id":36984,"date":"2024-07-16T09:03:55","date_gmt":"2024-07-16T07:03:55","guid":{"rendered":"https:\/\/www.fleurop-home.ch\/?post_type=product&#038;p=36984"},"modified":"2026-01-20T10:37:07","modified_gmt":"2026-01-20T09:37:07","slug":"glaszylinder-o-12-cm-x-h-20-cm","status":"publish","type":"product","link":"https:\/\/www.fleurop-home.ch\/de-ch\/p\/glaszylinder-o-12-cm-x-h-20-cm","title":{"rendered":"Glaszylinder, \u00d8 12 cm x H 20 cm"},"content":{"rendered":"<p>Vasen kann man nie gen\u00fcgend haben, vor allem dann, wenn sie so sch\u00f6n sind wie diese stilvollen Glasvasen in hochwertiger Qualit\u00e4t. Sie setzen die Blumen verf\u00fchrerisch in Szene und stehlen ihnen trotzdem nicht die Show.<\/p>\n","protected":false},"excerpt":{"rendered":"<p>Glaszylinder, \u00d8 12 cm x H 20 cm<\/p>\n","protected":false},"featured_media":36991,"template":"","meta":[],"product_brand":[],"product_cat":[27,23,1197],"product_tag":[282],"woo-feed-brand":[],"class_list":{"0":"post-36984","1":"product","2":"type-product","3":"status-publish","4":"has-post-thumbnail","6":"product_cat-vasen-gefaesse","7":"product_cat-home-living","8":"product_cat-vasen","9":"product_tag-fleurop-interflora","11":"first","12":"instock","13":"taxable","14":"shipping-taxable","15":"purchasable","16":"product-type-simple"},"_links":{"self":[{"href":"https:\/\/www.fleurop-home.ch\/de-ch\/wp-json\/wp\/v2\/product\/36984","targetHints":{"allow":["GET"]}}],"collection":[{"href":"https:\/\/www.fleurop-home.ch\/de-ch\/wp-json\/wp\/v2\/product"}],"about":[{"href":"https:\/\/www.fleurop-home.ch\/de-ch\/wp-json\/wp\/v2\/types\/product"}],"wp:featuredmedia":[{"embeddable":true,"href":"https:\/\/www.fleurop-home.ch\/de-ch\/wp-json\/wp\/v2\/media\/36991"}],"wp:attachment":[{"href":"https:\/\/www.fleurop-home.ch\/de-ch\/wp-json\/wp\/v2\/media?parent=36984"}],"wp:term":[{"taxonomy":"product_brand","embeddable":true,"href":"https:\/\/www.fleurop-home.ch\/de-ch\/wp-json\/wp\/v2\/product_brand?post=36984"},{"taxonomy":"product_cat","embeddable":true,"href":"https:\/\/www.fleurop-home.ch\/de-ch\/wp-json\/wp\/v2\/product_cat?post=36984"},{"taxonomy":"product_tag","embeddable":true,"href":"https:\/\/www.fleurop-home.ch\/de-ch\/wp-json\/wp\/v2\/product_tag?post=36984"},{"taxonomy":"woo-feed-brand","embeddable":true,"href":"https:\/\/www.fleurop-home.ch\/de-ch\/wp-json\/wp\/v2\/woo-feed-brand?post=36984"}],"curies":[{"name":"wp","href":"https:\/\/api.w.org\/{rel}","templated":true}]}}