{"id":36895,"date":"2024-07-12T11:43:13","date_gmt":"2024-07-12T09:43:13","guid":{"rendered":"https:\/\/www.fleurop-home.ch\/de-ch\/?post_type=product&#038;p=36895"},"modified":"2026-02-05T14:39:36","modified_gmt":"2026-02-05T13:39:36","slug":"honigsolo-honey-more","status":"publish","type":"product","link":"https:\/\/www.fleurop-home.ch\/de-ch\/p\/honigsolo-honey-more","title":{"rendered":"Honigsolo \u00abHoney &amp; More\u00bb"},"content":{"rendered":"<p>Unser Honigsolo \u00abHoney &amp; More\u00bb beinhaltet neben unserem Wildseiden Premiumhonig noch einen Duftkerzen\u2014Refill zur Wiederverwendung f\u00fcr das leere Honigglas \u2013 verpackt in unserer Bee-Family Holzbox.<\/p>\n<p>Nachhaltigkeit ist f\u00fcr uns ein wichtiges Thema und unser spezielles Glas liegt uns besonders am Herzen. Deshalb haben wir mit der \u201eChr\u00fcterei\u201c aus G\u00e4hwil gemeinsam einen Duftkerzen-Refill entwickelt mit dem du das leere Honigglas als Duftkerze weiterverwenden kannst.<\/p>\n<p><b>Wildseiden Premiumhonig<br \/>\n<\/b>Unser Wildseidenhonig stammt aus Ungarn und wird auch als &#171;B\u00fcschelsch\u00f6n&#187; oder &#171;Bienenfreund&#187; bezeichnet. Nicht nur unsere Bienen werden vom feinen Duft angelockt, sondern auch Schmetterlinge und Hummeln werden magisch angezogen.<\/p>\n<p><b>Duftkerze<\/b><br \/>\nDie Duftkerze wird von unserem Schweizer Partnerunternehmen \u00abChr\u00fcterei\u00bb hergestellt. Die Kerze besteht zu 100% aus nat\u00fcrlichen Inhaltsstoffen (nat\u00fcrliche \u00e4therische \u00d6le, Rapswachs, Duftmischung) mit knisterndem Holzdocht. Die Brenndauer betr\u00e4gt etwa 40 \u2013 50h (175g).<\/p>\n<p><strong>Factbox<\/strong><br \/>\nVerpackung: Holzbox aus Birke (L x B x H: 16.3 cm x 11.3 cm x 8.1 cm)<br \/>\nGlasgr\u00f6sse: 1 x 350g<br \/>\nHonigsorte: Wildseidenhonig<br \/>\nDuftkerze: mit 100% nat\u00fcrlichen Inhaltsstoffen<br \/>\nDuft: Cosy Home<\/p>\n<p><strong>N\u00e4hrwertinformationen:<\/strong><strong><br \/>\n<\/strong><a href=\"https:\/\/bee-family.com\/wp-content\/uploads\/2022\/09\/Naehrwertangaben.pdf\" target=\"_blank\" rel=\"noopener\">N\u00e4hrwertangaben Bee-Family<\/a><\/p>\n<p><strong>Allergikerhinweise:<br \/>\n<\/strong>Honig ist f\u00fcr Kinder unter 12 Monaten nicht zum Verzehr geeignet!<\/p>\n","protected":false},"excerpt":{"rendered":"<p>Honigsolo \u00abHoney &amp; More\u00bb<\/p>\n","protected":false},"featured_media":37057,"template":"","meta":[],"product_brand":[],"product_cat":[53,1023,1091,797,1088,42,101,885,52,1225],"product_tag":[291],"woo-feed-brand":[],"class_list":{"0":"post-36895","1":"product","2":"type-product","3":"status-publish","4":"has-post-thumbnail","6":"product_cat-geschenksets","7":"product_cat-fuer-mama","8":"product_cat-hobbykoch","9":"product_cat-muttertag","10":"product_cat-vatertag","11":"product_cat-kueche","12":"product_cat-honig","13":"product_cat-koestlichkeiten","14":"product_cat-geschenke","15":"product_cat-genuss","16":"product_tag-bee-family-ag","18":"first","19":"instock","20":"taxable","21":"shipping-taxable","22":"purchasable","23":"product-type-simple"},"_links":{"self":[{"href":"https:\/\/www.fleurop-home.ch\/de-ch\/wp-json\/wp\/v2\/product\/36895","targetHints":{"allow":["GET"]}}],"collection":[{"href":"https:\/\/www.fleurop-home.ch\/de-ch\/wp-json\/wp\/v2\/product"}],"about":[{"href":"https:\/\/www.fleurop-home.ch\/de-ch\/wp-json\/wp\/v2\/types\/product"}],"wp:featuredmedia":[{"embeddable":true,"href":"https:\/\/www.fleurop-home.ch\/de-ch\/wp-json\/wp\/v2\/media\/37057"}],"wp:attachment":[{"href":"https:\/\/www.fleurop-home.ch\/de-ch\/wp-json\/wp\/v2\/media?parent=36895"}],"wp:term":[{"taxonomy":"product_brand","embeddable":true,"href":"https:\/\/www.fleurop-home.ch\/de-ch\/wp-json\/wp\/v2\/product_brand?post=36895"},{"taxonomy":"product_cat","embeddable":true,"href":"https:\/\/www.fleurop-home.ch\/de-ch\/wp-json\/wp\/v2\/product_cat?post=36895"},{"taxonomy":"product_tag","embeddable":true,"href":"https:\/\/www.fleurop-home.ch\/de-ch\/wp-json\/wp\/v2\/product_tag?post=36895"},{"taxonomy":"woo-feed-brand","embeddable":true,"href":"https:\/\/www.fleurop-home.ch\/de-ch\/wp-json\/wp\/v2\/woo-feed-brand?post=36895"}],"curies":[{"name":"wp","href":"https:\/\/api.w.org\/{rel}","templated":true}]}}