{"id":36880,"date":"2024-07-10T11:23:22","date_gmt":"2024-07-10T09:23:22","guid":{"rendered":"https:\/\/www.fleurop-home.ch\/?post_type=product&#038;p=36880"},"modified":"2026-03-19T13:57:19","modified_gmt":"2026-03-19T12:57:19","slug":"weidenkorb-weiss-grau-o-24-cm-x-h-9-cm","status":"publish","type":"product","link":"https:\/\/www.fleurop-home.ch\/de-ch\/p\/weidenkorb-weiss-grau-o-24-cm-x-h-9-cm","title":{"rendered":"Weidenkorb, weiss-grau, \u00d8 24 cm x H 9 cm"},"content":{"rendered":"<p>Noch nie war K\u00f6rbe geben so sch\u00f6n! Schaue Dich bei uns um. Sicher findest Du den richtigen, egal ob f\u00fcr Blumen &amp; Pflanzen oder als Geschenkekorb.<\/p>\n","protected":false},"excerpt":{"rendered":"<p>Weidenkorb, weiss-grau, \u00d8 24 cm x H 9 cm<\/p>\n","protected":false},"featured_media":36882,"template":"","meta":[],"product_brand":[],"product_cat":[29,23,1195,1199,27],"product_tag":[282],"woo-feed-brand":[],"class_list":{"0":"post-36880","1":"product","2":"type-product","3":"status-publish","4":"has-post-thumbnail","6":"product_cat-do-it-yourself","7":"product_cat-home-living","8":"product_cat-dekogrundlagen","9":"product_cat-koerbe","10":"product_cat-vasen-gefaesse","11":"product_tag-fleurop-interflora","13":"first","14":"instock","15":"taxable","16":"shipping-taxable","17":"purchasable","18":"product-type-simple"},"_links":{"self":[{"href":"https:\/\/www.fleurop-home.ch\/de-ch\/wp-json\/wp\/v2\/product\/36880","targetHints":{"allow":["GET"]}}],"collection":[{"href":"https:\/\/www.fleurop-home.ch\/de-ch\/wp-json\/wp\/v2\/product"}],"about":[{"href":"https:\/\/www.fleurop-home.ch\/de-ch\/wp-json\/wp\/v2\/types\/product"}],"wp:featuredmedia":[{"embeddable":true,"href":"https:\/\/www.fleurop-home.ch\/de-ch\/wp-json\/wp\/v2\/media\/36882"}],"wp:attachment":[{"href":"https:\/\/www.fleurop-home.ch\/de-ch\/wp-json\/wp\/v2\/media?parent=36880"}],"wp:term":[{"taxonomy":"product_brand","embeddable":true,"href":"https:\/\/www.fleurop-home.ch\/de-ch\/wp-json\/wp\/v2\/product_brand?post=36880"},{"taxonomy":"product_cat","embeddable":true,"href":"https:\/\/www.fleurop-home.ch\/de-ch\/wp-json\/wp\/v2\/product_cat?post=36880"},{"taxonomy":"product_tag","embeddable":true,"href":"https:\/\/www.fleurop-home.ch\/de-ch\/wp-json\/wp\/v2\/product_tag?post=36880"},{"taxonomy":"woo-feed-brand","embeddable":true,"href":"https:\/\/www.fleurop-home.ch\/de-ch\/wp-json\/wp\/v2\/woo-feed-brand?post=36880"}],"curies":[{"name":"wp","href":"https:\/\/api.w.org\/{rel}","templated":true}]}}