{"id":36877,"date":"2024-07-10T11:19:18","date_gmt":"2024-07-10T09:19:18","guid":{"rendered":"https:\/\/www.fleurop-home.ch\/?post_type=product&#038;p=36877"},"modified":"2026-04-16T12:48:35","modified_gmt":"2026-04-16T10:48:35","slug":"weidenkorb-weiss-grau-o-29-cm-x-h-12-cm","status":"publish","type":"product","link":"https:\/\/www.fleurop-home.ch\/de-ch\/p\/weidenkorb-weiss-grau-o-29-cm-x-h-12-cm","title":{"rendered":"Weidenkorb, weiss-grau, \u00d8 29 cm x H 12 cm"},"content":{"rendered":"<p>Noch nie war K\u00f6rbe geben so sch\u00f6n! Schaue Dich bei uns um. Sicher findest Du den richtigen, egal ob f\u00fcr Blumen &amp; Pflanzen oder als Geschenkekorb.<\/p>\n","protected":false},"excerpt":{"rendered":"<p>Weidenkorb, weiss-grau, \u00d8 29 cm x H 12 cm<\/p>\n","protected":false},"featured_media":36879,"template":"","meta":[],"product_brand":[],"product_cat":[29,23,1195,1199,1018,1026,27],"product_tag":[282],"woo-feed-brand":[],"class_list":{"0":"post-36877","1":"product","2":"type-product","3":"status-publish","4":"has-post-thumbnail","6":"product_cat-do-it-yourself","7":"product_cat-home-living","8":"product_cat-dekogrundlagen","9":"product_cat-koerbe","10":"product_cat-ostern","11":"product_cat-osternest","12":"product_cat-vasen-gefaesse","13":"product_tag-fleurop-interflora","15":"first","16":"instock","17":"taxable","18":"shipping-taxable","19":"purchasable","20":"product-type-simple"},"_links":{"self":[{"href":"https:\/\/www.fleurop-home.ch\/de-ch\/wp-json\/wp\/v2\/product\/36877","targetHints":{"allow":["GET"]}}],"collection":[{"href":"https:\/\/www.fleurop-home.ch\/de-ch\/wp-json\/wp\/v2\/product"}],"about":[{"href":"https:\/\/www.fleurop-home.ch\/de-ch\/wp-json\/wp\/v2\/types\/product"}],"wp:featuredmedia":[{"embeddable":true,"href":"https:\/\/www.fleurop-home.ch\/de-ch\/wp-json\/wp\/v2\/media\/36879"}],"wp:attachment":[{"href":"https:\/\/www.fleurop-home.ch\/de-ch\/wp-json\/wp\/v2\/media?parent=36877"}],"wp:term":[{"taxonomy":"product_brand","embeddable":true,"href":"https:\/\/www.fleurop-home.ch\/de-ch\/wp-json\/wp\/v2\/product_brand?post=36877"},{"taxonomy":"product_cat","embeddable":true,"href":"https:\/\/www.fleurop-home.ch\/de-ch\/wp-json\/wp\/v2\/product_cat?post=36877"},{"taxonomy":"product_tag","embeddable":true,"href":"https:\/\/www.fleurop-home.ch\/de-ch\/wp-json\/wp\/v2\/product_tag?post=36877"},{"taxonomy":"woo-feed-brand","embeddable":true,"href":"https:\/\/www.fleurop-home.ch\/de-ch\/wp-json\/wp\/v2\/woo-feed-brand?post=36877"}],"curies":[{"name":"wp","href":"https:\/\/api.w.org\/{rel}","templated":true}]}}