{"id":36865,"date":"2024-07-10T10:57:26","date_gmt":"2024-07-10T08:57:26","guid":{"rendered":"https:\/\/www.fleurop-home.ch\/?post_type=product&#038;p=36865"},"modified":"2025-10-22T14:05:31","modified_gmt":"2025-10-22T12:05:31","slug":"blumenkorb-rattan-o-28-cm-x-h-20-cm","status":"publish","type":"product","link":"https:\/\/www.fleurop-home.ch\/de-ch\/p\/blumenkorb-rattan-o-28-cm-x-h-20-cm","title":{"rendered":"Blumenkorb, Rattan, \u00d8 28 cm x H 20 cm"},"content":{"rendered":"<p>Noch nie war K\u00f6rbe geben so sch\u00f6n! Schaue Dich bei uns um. Sicher findest Du den richtigen, egal ob f\u00fcr Blumen &amp; Pflanzen oder als Geschenkekorb.<\/p>\n","protected":false},"excerpt":{"rendered":"<p>Blumenkorb, Rattan, \u00d8 28 cm x H 20 cm<\/p>\n","protected":false},"featured_media":36867,"template":"","meta":[],"product_brand":[],"product_cat":[29,23,1195,1199,27],"product_tag":[282],"woo-feed-brand":[],"class_list":{"0":"post-36865","1":"product","2":"type-product","3":"status-publish","4":"has-post-thumbnail","6":"product_cat-do-it-yourself","7":"product_cat-home-living","8":"product_cat-dekogrundlagen","9":"product_cat-koerbe","10":"product_cat-vasen-gefaesse","11":"product_tag-fleurop-interflora","13":"first","14":"instock","15":"taxable","16":"shipping-taxable","17":"purchasable","18":"product-type-simple"},"_links":{"self":[{"href":"https:\/\/www.fleurop-home.ch\/de-ch\/wp-json\/wp\/v2\/product\/36865","targetHints":{"allow":["GET"]}}],"collection":[{"href":"https:\/\/www.fleurop-home.ch\/de-ch\/wp-json\/wp\/v2\/product"}],"about":[{"href":"https:\/\/www.fleurop-home.ch\/de-ch\/wp-json\/wp\/v2\/types\/product"}],"wp:featuredmedia":[{"embeddable":true,"href":"https:\/\/www.fleurop-home.ch\/de-ch\/wp-json\/wp\/v2\/media\/36867"}],"wp:attachment":[{"href":"https:\/\/www.fleurop-home.ch\/de-ch\/wp-json\/wp\/v2\/media?parent=36865"}],"wp:term":[{"taxonomy":"product_brand","embeddable":true,"href":"https:\/\/www.fleurop-home.ch\/de-ch\/wp-json\/wp\/v2\/product_brand?post=36865"},{"taxonomy":"product_cat","embeddable":true,"href":"https:\/\/www.fleurop-home.ch\/de-ch\/wp-json\/wp\/v2\/product_cat?post=36865"},{"taxonomy":"product_tag","embeddable":true,"href":"https:\/\/www.fleurop-home.ch\/de-ch\/wp-json\/wp\/v2\/product_tag?post=36865"},{"taxonomy":"woo-feed-brand","embeddable":true,"href":"https:\/\/www.fleurop-home.ch\/de-ch\/wp-json\/wp\/v2\/woo-feed-brand?post=36865"}],"curies":[{"name":"wp","href":"https:\/\/api.w.org\/{rel}","templated":true}]}}