{"id":35508,"date":"2024-06-10T21:51:22","date_gmt":"2024-06-10T19:51:22","guid":{"rendered":"https:\/\/www.fleurop-home.ch\/de-ch\/?post_type=product&#038;p=35508"},"modified":"2025-10-16T15:47:59","modified_gmt":"2025-10-16T13:47:59","slug":"untersetzer-im-4er-set-schwarz-marmoriert","status":"publish","type":"product","link":"https:\/\/www.fleurop-home.ch\/de-ch\/p\/untersetzer-im-4er-set-schwarz-marmoriert","title":{"rendered":"Untersetzer im 4er-Set, schwarz marmoriert"},"content":{"rendered":"<p><b>Material:<\/b>\u00a0Jesmonite<\/p>\n<p><b>Handgefertigt:<\/b> Jedes St\u00fcck ist ein Unikat<\/p>\n<p><b>Masse:<\/b> ca. 85 mm \u00d8<\/p>\n<p><b>Pflegehinweis: <\/b>Alle Produkte sind wasserabweisend, aber nicht wasserdicht.\u00a0Zum Reinigen mit feuchtem Tuch leicht abwischen, nicht reiben.<\/p>\n<p><b>Gut zu wissen: <\/b>Da jedes Produkt handgefertigt ist, k\u00f6nnen Farben und Muster leicht variieren. Aufgrund der Beschaffenheit des Materials sind einige Luftblasen unvermeidbar.<\/p>\n<p>Perfekt als Geschenk oder f\u00fcr Dich selbst!<\/p>\n","protected":false},"excerpt":{"rendered":"<p>Setze stilvolle Akzente in Deinem Zuhause mit unseren handgefertigten Jesmonite Untersetzern. Jedes St\u00fcck ist ein liebevoll gefertigtes Unikat und sch\u00fctzt Deine Oberfl\u00e4chen vor Kratzern und Flecken.<\/p>\n","protected":false},"featured_media":35491,"template":"","meta":[],"product_brand":[],"product_cat":[1106,909,1179,911,42,1104,43],"product_tag":[333],"woo-feed-brand":[],"class_list":{"0":"post-35508","1":"product","2":"type-product","3":"status-publish","4":"has-post-thumbnail","6":"product_cat-untersetzer","7":"product_cat-weihnachten","8":"product_cat-weihnachtsdeko","9":"product_cat-accessoires","10":"product_cat-kueche","11":"product_cat-tischakzente","12":"product_cat-gedeckter-tisch","13":"product_tag-kiwi-deko","15":"first","16":"instock","17":"taxable","18":"shipping-taxable","19":"purchasable","20":"product-type-simple"},"_links":{"self":[{"href":"https:\/\/www.fleurop-home.ch\/de-ch\/wp-json\/wp\/v2\/product\/35508","targetHints":{"allow":["GET"]}}],"collection":[{"href":"https:\/\/www.fleurop-home.ch\/de-ch\/wp-json\/wp\/v2\/product"}],"about":[{"href":"https:\/\/www.fleurop-home.ch\/de-ch\/wp-json\/wp\/v2\/types\/product"}],"wp:featuredmedia":[{"embeddable":true,"href":"https:\/\/www.fleurop-home.ch\/de-ch\/wp-json\/wp\/v2\/media\/35491"}],"wp:attachment":[{"href":"https:\/\/www.fleurop-home.ch\/de-ch\/wp-json\/wp\/v2\/media?parent=35508"}],"wp:term":[{"taxonomy":"product_brand","embeddable":true,"href":"https:\/\/www.fleurop-home.ch\/de-ch\/wp-json\/wp\/v2\/product_brand?post=35508"},{"taxonomy":"product_cat","embeddable":true,"href":"https:\/\/www.fleurop-home.ch\/de-ch\/wp-json\/wp\/v2\/product_cat?post=35508"},{"taxonomy":"product_tag","embeddable":true,"href":"https:\/\/www.fleurop-home.ch\/de-ch\/wp-json\/wp\/v2\/product_tag?post=35508"},{"taxonomy":"woo-feed-brand","embeddable":true,"href":"https:\/\/www.fleurop-home.ch\/de-ch\/wp-json\/wp\/v2\/woo-feed-brand?post=35508"}],"curies":[{"name":"wp","href":"https:\/\/api.w.org\/{rel}","templated":true}]}}