{"id":34100,"date":"2024-05-17T13:31:37","date_gmt":"2024-05-17T11:31:37","guid":{"rendered":"https:\/\/www.fleurop-home.ch\/de-ch\/p\/elfensporn-diascia-personata"},"modified":"2026-05-12T09:22:47","modified_gmt":"2026-05-12T07:22:47","slug":"elfensporn-diascia-personata-2","status":"publish","type":"product","link":"https:\/\/www.fleurop-home.ch\/de-ch\/p\/elfensporn-diascia-personata-2","title":{"rendered":"Elfensporn &#8211; Diascia personata"},"content":{"rendered":"<p>Der Elfensporn Orange \u00fcberzeugt als reichbl\u00fchender und kompakter Sommerflor und eignet sich bestens f\u00fcr Balkonkisten, Rabatten, Ampeln, Tr\u00f6ge oder die Grabbepflanzung. Zwischen Mai und September zeigt die Pflanze an sonnigen Standorten ihre rosa-orangenen Bl\u00fctenpracht. Die Kultivierung in 100 % Schweizer Produktion mit Suisse Garantie steht f\u00fcr Qualit\u00e4t und Regionalit\u00e4t. Der durchl\u00e4ssige Boden sowie eine m\u00e4ssige Wasserversorgung f\u00f6rdern gesundes Wachstum. Besonders sch\u00e4tzen Insekten das reiche Bl\u00fctenangebot dieses Elfensporng. So leistest Du einen Beitrag zur F\u00f6rderung der Artenvielfalt in Deinem Garten oder auf dem Balkon.<\/p>\n<p>H\u00f6he: 30 cm<br \/>\nTopf Gr\u00f6sse: 14 er Topf<br \/>\nWinterh\u00e4rte: nicht winterhart<br \/>\nLicht: sonnig<br \/>\nBl\u00fctezeit: Mai bis September<br \/>\nBoden: durchl\u00e4ssig<\/p>\n","protected":false},"excerpt":{"rendered":"<p>Elfensporn Orange \u2013 kompakter Sommerflor aus Schweizer Produktion<\/p>\n","protected":false},"featured_media":34099,"template":"","meta":[],"product_brand":[],"product_cat":[109,34,41],"product_tag":[299],"woo-feed-brand":[],"class_list":{"0":"post-34100","1":"product","2":"type-product","3":"status-publish","4":"has-post-thumbnail","6":"product_cat-saisonale-pflanzen","7":"product_cat-garten-balkon","8":"product_cat-outdoorpflanzen","9":"product_tag-santispracht","11":"first","12":"instock","13":"taxable","14":"shipping-taxable","15":"purchasable","16":"product-type-simple"},"_links":{"self":[{"href":"https:\/\/www.fleurop-home.ch\/de-ch\/wp-json\/wp\/v2\/product\/34100","targetHints":{"allow":["GET"]}}],"collection":[{"href":"https:\/\/www.fleurop-home.ch\/de-ch\/wp-json\/wp\/v2\/product"}],"about":[{"href":"https:\/\/www.fleurop-home.ch\/de-ch\/wp-json\/wp\/v2\/types\/product"}],"wp:featuredmedia":[{"embeddable":true,"href":"https:\/\/www.fleurop-home.ch\/de-ch\/wp-json\/wp\/v2\/media\/34099"}],"wp:attachment":[{"href":"https:\/\/www.fleurop-home.ch\/de-ch\/wp-json\/wp\/v2\/media?parent=34100"}],"wp:term":[{"taxonomy":"product_brand","embeddable":true,"href":"https:\/\/www.fleurop-home.ch\/de-ch\/wp-json\/wp\/v2\/product_brand?post=34100"},{"taxonomy":"product_cat","embeddable":true,"href":"https:\/\/www.fleurop-home.ch\/de-ch\/wp-json\/wp\/v2\/product_cat?post=34100"},{"taxonomy":"product_tag","embeddable":true,"href":"https:\/\/www.fleurop-home.ch\/de-ch\/wp-json\/wp\/v2\/product_tag?post=34100"},{"taxonomy":"woo-feed-brand","embeddable":true,"href":"https:\/\/www.fleurop-home.ch\/de-ch\/wp-json\/wp\/v2\/woo-feed-brand?post=34100"}],"curies":[{"name":"wp","href":"https:\/\/api.w.org\/{rel}","templated":true}]}}