{"id":34032,"date":"2024-05-17T13:31:17","date_gmt":"2024-05-17T11:31:17","guid":{"rendered":"https:\/\/www.fleurop-home.ch\/de-ch\/p\/mittagsgold-gazania-cultivars"},"modified":"2026-04-28T11:49:25","modified_gmt":"2026-04-28T09:49:25","slug":"mittagsgold-gazania-cultivars-5","status":"publish","type":"product","link":"https:\/\/www.fleurop-home.ch\/de-ch\/p\/mittagsgold-gazania-cultivars-5","title":{"rendered":"Mittagsgold &#8211; Gazania Cultivars"},"content":{"rendered":"<p>Mittagsgold Sun Stopper Orange \u00fcberzeugt als farbenfroher Sommerflor aus 100 % Schweizer Produktion. Die orangen Bl\u00fcten leuchten von Mai bis Oktober und werten Blumenbeete, Mischrabatten oder Pflanzgef\u00e4sse auf. Die Pflanze bevorzugt durchl\u00e4ssigen Boden und einen vollsonnigen Platz, ihr Wasserbedarf ist dabei m\u00e4ssig. Als attraktiver Blickfang unterst\u00fctzt sie zudem n\u00fctzliche Insekten im Garten. Die Schweizer Qualit\u00e4t mit Suisse Garantie sichert eine langanhaltende Freude an kr\u00e4ftigen Pflanzen und nachhaltiger Blumenpracht.<\/p>\n<p>H\u00f6he: 25 cm<br \/>\nTopf Gr\u00f6sse: 14 er Topf<br \/>\nWinterh\u00e4rte: nicht winterhart<br \/>\nLicht: sonnig<br \/>\nBl\u00fctezeit: Mai bis Oktober<br \/>\nBoden: durchl\u00e4ssig<\/p>\n","protected":false},"excerpt":{"rendered":"<p>Mittagsgold Sun Stopper Orange \u2013 Sommerflor f\u00fcr sonnige Standorte<\/p>\n","protected":false},"featured_media":34033,"template":"","meta":[],"product_brand":[],"product_cat":[109,34,41],"product_tag":[299],"woo-feed-brand":[],"class_list":{"0":"post-34032","1":"product","2":"type-product","3":"status-publish","4":"has-post-thumbnail","6":"product_cat-saisonale-pflanzen","7":"product_cat-garten-balkon","8":"product_cat-outdoorpflanzen","9":"product_tag-santispracht","11":"first","12":"instock","13":"taxable","14":"shipping-taxable","15":"purchasable","16":"product-type-simple"},"_links":{"self":[{"href":"https:\/\/www.fleurop-home.ch\/de-ch\/wp-json\/wp\/v2\/product\/34032","targetHints":{"allow":["GET"]}}],"collection":[{"href":"https:\/\/www.fleurop-home.ch\/de-ch\/wp-json\/wp\/v2\/product"}],"about":[{"href":"https:\/\/www.fleurop-home.ch\/de-ch\/wp-json\/wp\/v2\/types\/product"}],"wp:featuredmedia":[{"embeddable":true,"href":"https:\/\/www.fleurop-home.ch\/de-ch\/wp-json\/wp\/v2\/media\/34033"}],"wp:attachment":[{"href":"https:\/\/www.fleurop-home.ch\/de-ch\/wp-json\/wp\/v2\/media?parent=34032"}],"wp:term":[{"taxonomy":"product_brand","embeddable":true,"href":"https:\/\/www.fleurop-home.ch\/de-ch\/wp-json\/wp\/v2\/product_brand?post=34032"},{"taxonomy":"product_cat","embeddable":true,"href":"https:\/\/www.fleurop-home.ch\/de-ch\/wp-json\/wp\/v2\/product_cat?post=34032"},{"taxonomy":"product_tag","embeddable":true,"href":"https:\/\/www.fleurop-home.ch\/de-ch\/wp-json\/wp\/v2\/product_tag?post=34032"},{"taxonomy":"woo-feed-brand","embeddable":true,"href":"https:\/\/www.fleurop-home.ch\/de-ch\/wp-json\/wp\/v2\/woo-feed-brand?post=34032"}],"curies":[{"name":"wp","href":"https:\/\/api.w.org\/{rel}","templated":true}]}}