{"id":34022,"date":"2024-05-17T13:31:14","date_gmt":"2024-05-17T11:31:14","guid":{"rendered":"https:\/\/www.fleurop-home.ch\/de-ch\/p\/elfenspiegel-nemesia-strumosa"},"modified":"2026-04-23T08:46:28","modified_gmt":"2026-04-23T06:46:28","slug":"elfenspiegel-nemesia-strumosa","status":"publish","type":"product","link":"https:\/\/www.fleurop-home.ch\/de-ch\/p\/elfenspiegel-nemesia-strumosa","title":{"rendered":"Elfenspiegel &#8211; Nemesia strumosa"},"content":{"rendered":"<p>Der Elfenspiegel Raspberry pr\u00e4sentiert sich als farbenfroher Sommerflor und stammt aus 100 % Schweizer Produktion mit Suisse Garantie. Die Pflanze bevorzugt einen sonnigen Standort und \u00fcberzeugt durch ihren kompakten Wuchs sowie ihre leuchtend rote Bl\u00fctenpracht von Juni bis August. Dieser Sommerflor eignet sich ideal f\u00fcr Blumenrabatten oder Pflanzgef\u00e4sse. Der Boden sollte durchl\u00e4ssig sein, und eine m\u00e4ssige Wasserversorgung wird empfohlen. Genieesse die vitalen Eigenschaften und den angenehmen Duft dieses Elfenspiegels, der deinem Garten w\u00e4hrend der warmen Jahreszeit eine nat\u00fcrliche Sch\u00f6nheit verleiht.<\/p>\n<p>H\u00f6he: 30 cm<br \/>\nTopf Gr\u00f6sse: 12 er Topf<br \/>\nWinterh\u00e4rte: nicht winterhart<br \/>\nLicht: sonnig<br \/>\nBl\u00fctezeit: Juni bis August<br \/>\nBoden: durchl\u00e4ssig<\/p>\n","protected":false},"excerpt":{"rendered":"<p>Elfenspiegel Raspberry \u2013 Sommerflor aus Schweizer Produktion, 12er Topf<\/p>\n","protected":false},"featured_media":34021,"template":"","meta":[],"product_brand":[],"product_cat":[109,34,41],"product_tag":[299],"woo-feed-brand":[],"class_list":{"0":"post-34022","1":"product","2":"type-product","3":"status-publish","4":"has-post-thumbnail","6":"product_cat-saisonale-pflanzen","7":"product_cat-garten-balkon","8":"product_cat-outdoorpflanzen","9":"product_tag-santispracht","11":"first","12":"instock","13":"taxable","14":"shipping-taxable","15":"purchasable","16":"product-type-simple"},"_links":{"self":[{"href":"https:\/\/www.fleurop-home.ch\/de-ch\/wp-json\/wp\/v2\/product\/34022","targetHints":{"allow":["GET"]}}],"collection":[{"href":"https:\/\/www.fleurop-home.ch\/de-ch\/wp-json\/wp\/v2\/product"}],"about":[{"href":"https:\/\/www.fleurop-home.ch\/de-ch\/wp-json\/wp\/v2\/types\/product"}],"wp:featuredmedia":[{"embeddable":true,"href":"https:\/\/www.fleurop-home.ch\/de-ch\/wp-json\/wp\/v2\/media\/34021"}],"wp:attachment":[{"href":"https:\/\/www.fleurop-home.ch\/de-ch\/wp-json\/wp\/v2\/media?parent=34022"}],"wp:term":[{"taxonomy":"product_brand","embeddable":true,"href":"https:\/\/www.fleurop-home.ch\/de-ch\/wp-json\/wp\/v2\/product_brand?post=34022"},{"taxonomy":"product_cat","embeddable":true,"href":"https:\/\/www.fleurop-home.ch\/de-ch\/wp-json\/wp\/v2\/product_cat?post=34022"},{"taxonomy":"product_tag","embeddable":true,"href":"https:\/\/www.fleurop-home.ch\/de-ch\/wp-json\/wp\/v2\/product_tag?post=34022"},{"taxonomy":"woo-feed-brand","embeddable":true,"href":"https:\/\/www.fleurop-home.ch\/de-ch\/wp-json\/wp\/v2\/woo-feed-brand?post=34022"}],"curies":[{"name":"wp","href":"https:\/\/api.w.org\/{rel}","templated":true}]}}