{"id":34019,"date":"2024-05-17T13:31:13","date_gmt":"2024-05-17T11:31:13","guid":{"rendered":"https:\/\/www.fleurop-home.ch\/de-ch\/p\/elfenspiegel-nemesia-strumosa"},"modified":"2026-04-28T11:33:21","modified_gmt":"2026-04-28T09:33:21","slug":"elfenspiegel-nemesia-strumosa-3","status":"publish","type":"product","link":"https:\/\/www.fleurop-home.ch\/de-ch\/p\/elfenspiegel-nemesia-strumosa-3","title":{"rendered":"Elfenspiegel &#8211; Nemesia strumosa"},"content":{"rendered":"<p>Der Elfenspiegel Nemesia strumosa Lychee bringt mit seinen feinen, rosafarbenen Bl\u00fcten Charme in jede Sommerbepflanzung. Die Saisonpflanze stammt aus 100 Prozent Schweizer Produktion und gedeiht am besten an einem sonnigen Standort. Der angenehm duftende Sommerflor bevorzugt durchl\u00e4ssigen Boden und ben\u00f6tigt eine m\u00e4ssige Wasserversorgung. Ideal geeignet f\u00fcr Beete oder Pflanzgef\u00e4sse, sorgt die Pflanze von Juni bis August f\u00fcr farbenfrohe Akzente. Die naturnahe Schweizer Qualit\u00e4t unterstreicht die robuste Erscheinung und sorgt f\u00fcr pr\u00e4chtige Bl\u00fctenpracht w\u00e4hrend der warmen Monate.<\/p>\n<p>H\u00f6he: 30 cm<br \/>\nTopf Gr\u00f6sse: 12 er Topf<br \/>\nWinterh\u00e4rte: nicht winterhart<br \/>\nLicht: sonnig<br \/>\nBl\u00fctezeit: Juni bis August<br \/>\nBoden: durchl\u00e4ssig<\/p>\n","protected":false},"excerpt":{"rendered":"<p>Elfenspiegel Nemesia strumosa Lychee rosa \u2013 Saisonpflanze aus Schweizer Anbau<\/p>\n","protected":false},"featured_media":34018,"template":"","meta":[],"product_brand":[],"product_cat":[109,34,41],"product_tag":[299],"woo-feed-brand":[],"class_list":{"0":"post-34019","1":"product","2":"type-product","3":"status-publish","4":"has-post-thumbnail","6":"product_cat-saisonale-pflanzen","7":"product_cat-garten-balkon","8":"product_cat-outdoorpflanzen","9":"product_tag-santispracht","11":"first","12":"instock","13":"taxable","14":"shipping-taxable","15":"purchasable","16":"product-type-simple"},"_links":{"self":[{"href":"https:\/\/www.fleurop-home.ch\/de-ch\/wp-json\/wp\/v2\/product\/34019","targetHints":{"allow":["GET"]}}],"collection":[{"href":"https:\/\/www.fleurop-home.ch\/de-ch\/wp-json\/wp\/v2\/product"}],"about":[{"href":"https:\/\/www.fleurop-home.ch\/de-ch\/wp-json\/wp\/v2\/types\/product"}],"wp:featuredmedia":[{"embeddable":true,"href":"https:\/\/www.fleurop-home.ch\/de-ch\/wp-json\/wp\/v2\/media\/34018"}],"wp:attachment":[{"href":"https:\/\/www.fleurop-home.ch\/de-ch\/wp-json\/wp\/v2\/media?parent=34019"}],"wp:term":[{"taxonomy":"product_brand","embeddable":true,"href":"https:\/\/www.fleurop-home.ch\/de-ch\/wp-json\/wp\/v2\/product_brand?post=34019"},{"taxonomy":"product_cat","embeddable":true,"href":"https:\/\/www.fleurop-home.ch\/de-ch\/wp-json\/wp\/v2\/product_cat?post=34019"},{"taxonomy":"product_tag","embeddable":true,"href":"https:\/\/www.fleurop-home.ch\/de-ch\/wp-json\/wp\/v2\/product_tag?post=34019"},{"taxonomy":"woo-feed-brand","embeddable":true,"href":"https:\/\/www.fleurop-home.ch\/de-ch\/wp-json\/wp\/v2\/woo-feed-brand?post=34019"}],"curies":[{"name":"wp","href":"https:\/\/api.w.org\/{rel}","templated":true}]}}