{"id":34016,"date":"2024-05-17T13:31:12","date_gmt":"2024-05-17T11:31:12","guid":{"rendered":"https:\/\/www.fleurop-home.ch\/de-ch\/p\/elfenspiegel-nemesia-strumosa"},"modified":"2026-04-28T11:32:23","modified_gmt":"2026-04-28T09:32:23","slug":"elfenspiegel-nemesia-strumosa-2","status":"publish","type":"product","link":"https:\/\/www.fleurop-home.ch\/de-ch\/p\/elfenspiegel-nemesia-strumosa-2","title":{"rendered":"Elfenspiegel &#8211; Nemesia strumosa"},"content":{"rendered":"<p>Der Elfenspiegel Clementine ist eine charaktervolle Saisonpflanze mit leuchtend orangen Bl\u00fcten, die von Juni bis August ihren sommerlichen Charme entfaltet. Diese Sorte bevorzugt sonnige Standorte und gedeiht sowohl in Blumenrabatten als auch in Pflanzgef\u00e4ssen besonders gut. F\u00fcr ein gesundes Wachstum empfiehlt sich ein durchl\u00e4ssiger Boden und eine m\u00e4ssige Wasserversorgung, damit Staun\u00e4sse vermieden wird. Die Pflanzen \u00fcberzeugen durch ihre gewohnt hohe Qualit\u00e4t aus Schweizer Produktion und sorgen f\u00fcr einen farbenfrohen Akzent im Garten oder auf dem Balkon.<\/p>\n<p>H\u00f6he: 30 cm<br \/>\nTopf Gr\u00f6sse: 12 er Topf<br \/>\nWinterh\u00e4rte: nicht winterhart<br \/>\nLicht: sonnig<br \/>\nBl\u00fctezeit: Juni bis August<br \/>\nBoden: durchl\u00e4ssig<\/p>\n","protected":false},"excerpt":{"rendered":"<p>Elfenspiegel Clementine \u2013 orangefarbener Sommerflor aus Schweizer Produktion<\/p>\n","protected":false},"featured_media":34015,"template":"","meta":[],"product_brand":[],"product_cat":[109,34,41],"product_tag":[299],"woo-feed-brand":[],"class_list":{"0":"post-34016","1":"product","2":"type-product","3":"status-publish","4":"has-post-thumbnail","6":"product_cat-saisonale-pflanzen","7":"product_cat-garten-balkon","8":"product_cat-outdoorpflanzen","9":"product_tag-santispracht","11":"first","12":"instock","13":"taxable","14":"shipping-taxable","15":"purchasable","16":"product-type-simple"},"_links":{"self":[{"href":"https:\/\/www.fleurop-home.ch\/de-ch\/wp-json\/wp\/v2\/product\/34016","targetHints":{"allow":["GET"]}}],"collection":[{"href":"https:\/\/www.fleurop-home.ch\/de-ch\/wp-json\/wp\/v2\/product"}],"about":[{"href":"https:\/\/www.fleurop-home.ch\/de-ch\/wp-json\/wp\/v2\/types\/product"}],"wp:featuredmedia":[{"embeddable":true,"href":"https:\/\/www.fleurop-home.ch\/de-ch\/wp-json\/wp\/v2\/media\/34015"}],"wp:attachment":[{"href":"https:\/\/www.fleurop-home.ch\/de-ch\/wp-json\/wp\/v2\/media?parent=34016"}],"wp:term":[{"taxonomy":"product_brand","embeddable":true,"href":"https:\/\/www.fleurop-home.ch\/de-ch\/wp-json\/wp\/v2\/product_brand?post=34016"},{"taxonomy":"product_cat","embeddable":true,"href":"https:\/\/www.fleurop-home.ch\/de-ch\/wp-json\/wp\/v2\/product_cat?post=34016"},{"taxonomy":"product_tag","embeddable":true,"href":"https:\/\/www.fleurop-home.ch\/de-ch\/wp-json\/wp\/v2\/product_tag?post=34016"},{"taxonomy":"woo-feed-brand","embeddable":true,"href":"https:\/\/www.fleurop-home.ch\/de-ch\/wp-json\/wp\/v2\/woo-feed-brand?post=34016"}],"curies":[{"name":"wp","href":"https:\/\/api.w.org\/{rel}","templated":true}]}}