{"id":33999,"date":"2024-05-17T13:31:08","date_gmt":"2024-05-17T11:31:08","guid":{"rendered":"https:\/\/www.fleurop-home.ch\/de-ch\/p\/garten-fuchsie-fuchsia-cultivars"},"modified":"2026-05-05T09:18:04","modified_gmt":"2026-05-05T07:18:04","slug":"garten-fuchsie-fuchsia-cultivars-3","status":"publish","type":"product","link":"https:\/\/www.fleurop-home.ch\/de-ch\/p\/garten-fuchsie-fuchsia-cultivars-3","title":{"rendered":"Garten-Fuchsie &#8211; Fuchsia Cultivars"},"content":{"rendered":"<p>Die Fuchsia Cultivars Diva Rose &amp; Violet entfaltet als klassische Garten-Fuchsie ihren Charme in durchl\u00e4ssigem Boden und liebt einen halbschattigen Standort. Dank ihrer pflegeleichten Eigenschaften und dem kompakten Wuchs bis 40 Zentimeter H\u00f6he kommt sie sowohl in Balkonkisten als auch in Tr\u00f6gen oder Beeten besonders gut zur Geltung. Als Saisonpflanze setzt sie von Fr\u00fchjahr bis Herbst Farbakzente und l\u00e4sst sich mit m\u00e4ssiger Wasserversorgung leicht im Gartenalltag integrieren. Die kr\u00e4ftigen violetten Bl\u00fcten entspringen hochwertiger Schweizer Produktion und sorgen f\u00fcr nat\u00fcrliche Blumenpracht aus Urkraft.<\/p>\n<p>H\u00f6he: 40 cm<br \/>\nTopf Gr\u00f6sse: 12 er Topf<br \/>\nWinterh\u00e4rte: nicht winterhart<br \/>\nLicht: halbschattig<br \/>\nBl\u00fctezeit: Mai bis Oktober<br \/>\nBoden: durchl\u00e4ssig<\/p>\n","protected":false},"excerpt":{"rendered":"<p>Fuchsia Diva Rose &amp; Violet: Garten-Fuchsie im 12er Topf<\/p>\n","protected":false},"featured_media":33998,"template":"","meta":[],"product_brand":[],"product_cat":[109,34,41],"product_tag":[299],"woo-feed-brand":[],"class_list":{"0":"post-33999","1":"product","2":"type-product","3":"status-publish","4":"has-post-thumbnail","6":"product_cat-saisonale-pflanzen","7":"product_cat-garten-balkon","8":"product_cat-outdoorpflanzen","9":"product_tag-santispracht","11":"first","12":"instock","13":"taxable","14":"shipping-taxable","15":"purchasable","16":"product-type-simple"},"_links":{"self":[{"href":"https:\/\/www.fleurop-home.ch\/de-ch\/wp-json\/wp\/v2\/product\/33999","targetHints":{"allow":["GET"]}}],"collection":[{"href":"https:\/\/www.fleurop-home.ch\/de-ch\/wp-json\/wp\/v2\/product"}],"about":[{"href":"https:\/\/www.fleurop-home.ch\/de-ch\/wp-json\/wp\/v2\/types\/product"}],"wp:featuredmedia":[{"embeddable":true,"href":"https:\/\/www.fleurop-home.ch\/de-ch\/wp-json\/wp\/v2\/media\/33998"}],"wp:attachment":[{"href":"https:\/\/www.fleurop-home.ch\/de-ch\/wp-json\/wp\/v2\/media?parent=33999"}],"wp:term":[{"taxonomy":"product_brand","embeddable":true,"href":"https:\/\/www.fleurop-home.ch\/de-ch\/wp-json\/wp\/v2\/product_brand?post=33999"},{"taxonomy":"product_cat","embeddable":true,"href":"https:\/\/www.fleurop-home.ch\/de-ch\/wp-json\/wp\/v2\/product_cat?post=33999"},{"taxonomy":"product_tag","embeddable":true,"href":"https:\/\/www.fleurop-home.ch\/de-ch\/wp-json\/wp\/v2\/product_tag?post=33999"},{"taxonomy":"woo-feed-brand","embeddable":true,"href":"https:\/\/www.fleurop-home.ch\/de-ch\/wp-json\/wp\/v2\/woo-feed-brand?post=33999"}],"curies":[{"name":"wp","href":"https:\/\/api.w.org\/{rel}","templated":true}]}}