{"id":33992,"date":"2024-05-17T13:31:05","date_gmt":"2024-05-17T11:31:05","guid":{"rendered":"https:\/\/www.fleurop-home.ch\/de-ch\/p\/garten-fuchsie-fuchsia-cultivars"},"modified":"2026-05-05T09:16:12","modified_gmt":"2026-05-05T07:16:12","slug":"garten-fuchsie-fuchsia-cultivars","status":"publish","type":"product","link":"https:\/\/www.fleurop-home.ch\/de-ch\/p\/garten-fuchsie-fuchsia-cultivars","title":{"rendered":"Garten-Fuchsie &#8211; Fuchsia Cultivars"},"content":{"rendered":"<p>Die pflegeleichte Garten-Fuchsie Diva Cherry &amp; White macht in Balkonkisten, Tr\u00f6gen, Rabatten und auf Gr\u00e4bern eine besonders gute Figur. Dank ihrer robusten Natur und der langen Bl\u00fctezeit von Mai bis Oktober sorgt diese Saisonpflanze f\u00fcr leuchtende Farbtupfer \u00fcber viele Wochen hinweg. Die auff\u00e4lligen Bl\u00fcten verbinden ein kr\u00e4ftiges Rot mit kontrastreichem Weiss und setzen attraktive Akzente. Ein halbschattiger Standort unterst\u00fctzt die vitale Entwicklung, w\u00e4hrend durchl\u00e4ssiger Boden und eine m\u00e4ssige Wasserversorgung die Pflanze gesund und kr\u00e4ftig halten. Produziert wird diese Bl\u00fctenpracht mit 100 % Schweizer Produktion nach h\u00f6chsten Qualit\u00e4tsstandards.<\/p>\n<p>H\u00f6he: 40 cm<br \/>\nTopf Gr\u00f6sse: 12 er Topf<br \/>\nWinterh\u00e4rte: nicht winterhart<br \/>\nLicht: halbschattig<br \/>\nBl\u00fctezeit: Mai bis Oktober<br \/>\nBoden: durchl\u00e4ssig<\/p>\n","protected":false},"excerpt":{"rendered":"<p>Garten-Fuchsie Diva Cherry &amp; White \u2013 Saisonpflanze mit langanhaltender Bl\u00fctenpracht<\/p>\n","protected":false},"featured_media":33991,"template":"","meta":[],"product_brand":[],"product_cat":[109,34,41],"product_tag":[299],"woo-feed-brand":[],"class_list":{"0":"post-33992","1":"product","2":"type-product","3":"status-publish","4":"has-post-thumbnail","6":"product_cat-saisonale-pflanzen","7":"product_cat-garten-balkon","8":"product_cat-outdoorpflanzen","9":"product_tag-santispracht","11":"first","12":"instock","13":"taxable","14":"shipping-taxable","15":"purchasable","16":"product-type-simple"},"_links":{"self":[{"href":"https:\/\/www.fleurop-home.ch\/de-ch\/wp-json\/wp\/v2\/product\/33992","targetHints":{"allow":["GET"]}}],"collection":[{"href":"https:\/\/www.fleurop-home.ch\/de-ch\/wp-json\/wp\/v2\/product"}],"about":[{"href":"https:\/\/www.fleurop-home.ch\/de-ch\/wp-json\/wp\/v2\/types\/product"}],"wp:featuredmedia":[{"embeddable":true,"href":"https:\/\/www.fleurop-home.ch\/de-ch\/wp-json\/wp\/v2\/media\/33991"}],"wp:attachment":[{"href":"https:\/\/www.fleurop-home.ch\/de-ch\/wp-json\/wp\/v2\/media?parent=33992"}],"wp:term":[{"taxonomy":"product_brand","embeddable":true,"href":"https:\/\/www.fleurop-home.ch\/de-ch\/wp-json\/wp\/v2\/product_brand?post=33992"},{"taxonomy":"product_cat","embeddable":true,"href":"https:\/\/www.fleurop-home.ch\/de-ch\/wp-json\/wp\/v2\/product_cat?post=33992"},{"taxonomy":"product_tag","embeddable":true,"href":"https:\/\/www.fleurop-home.ch\/de-ch\/wp-json\/wp\/v2\/product_tag?post=33992"},{"taxonomy":"woo-feed-brand","embeddable":true,"href":"https:\/\/www.fleurop-home.ch\/de-ch\/wp-json\/wp\/v2\/woo-feed-brand?post=33992"}],"curies":[{"name":"wp","href":"https:\/\/api.w.org\/{rel}","templated":true}]}}