{"id":33901,"date":"2024-05-17T13:30:33","date_gmt":"2024-05-17T11:30:33","guid":{"rendered":"https:\/\/www.fleurop-home.ch\/de-ch\/p\/islandmohn-papaver-nudicaule-2"},"modified":"2026-04-30T09:18:58","modified_gmt":"2026-04-30T07:18:58","slug":"islandmohn-papaver-nudicaule-15","status":"publish","type":"product","link":"https:\/\/www.fleurop-home.ch\/de-ch\/p\/islandmohn-papaver-nudicaule-15","title":{"rendered":"Islandmohn &#8211; Papaver nudicaule"},"content":{"rendered":"<p>Der Islandmohn Red bereichert als Saisonpflanze sonnige Pl\u00e4tze im Garten, auf der Terrasse oder dem Balkon mit seiner auffallenden Bl\u00fctenfarbe von April bis August. Diese einj\u00e4hrige Bl\u00fctenschmuckstaude eignet sich bestens f\u00fcr durchl\u00e4ssige B\u00f6den und bevorzugt eine m\u00e4ssige Wasserversorgung. Mit einer Wuchsh\u00f6he von rund 40 cm ist der Islandmohn ideal f\u00fcr Mischrabatten, Wildblumenbeete sowie K\u00e4sten und Tr\u00f6ge geeignet. Seine Bl\u00fcten sind eine wichtige Nahrungsquelle f\u00fcr Bienen und unterst\u00fctzen so die Artenvielfalt im eigenen Garten. Die Produktion erfolgt zu 100 % in der Schweiz und steht f\u00fcr h\u00f6chste Qualit\u00e4t und naturnahe Pflanzenkultur.<\/p>\n<p>H\u00f6he: 40 cm<br \/>\nTopf Gr\u00f6sse: 16 er Topf<br \/>\nWinterh\u00e4rte: nicht winterhart<br \/>\nLicht: sonnig<br \/>\nBl\u00fctezeit: April bis August<br \/>\nBoden: durchl\u00e4ssig<br \/>\nGut f\u00fcr Insekten<\/p>\n","protected":false},"excerpt":{"rendered":"<p>Islandmohn Red \u2013 Leuchtende Bl\u00fctenpracht f\u00fcr Bienen<\/p>\n","protected":false},"featured_media":33900,"template":"","meta":[],"product_brand":[],"product_cat":[109,34,41],"product_tag":[299],"woo-feed-brand":[],"class_list":{"0":"post-33901","1":"product","2":"type-product","3":"status-publish","4":"has-post-thumbnail","6":"product_cat-saisonale-pflanzen","7":"product_cat-garten-balkon","8":"product_cat-outdoorpflanzen","9":"product_tag-santispracht","11":"first","12":"instock","13":"taxable","14":"shipping-taxable","15":"purchasable","16":"product-type-simple"},"_links":{"self":[{"href":"https:\/\/www.fleurop-home.ch\/de-ch\/wp-json\/wp\/v2\/product\/33901","targetHints":{"allow":["GET"]}}],"collection":[{"href":"https:\/\/www.fleurop-home.ch\/de-ch\/wp-json\/wp\/v2\/product"}],"about":[{"href":"https:\/\/www.fleurop-home.ch\/de-ch\/wp-json\/wp\/v2\/types\/product"}],"wp:featuredmedia":[{"embeddable":true,"href":"https:\/\/www.fleurop-home.ch\/de-ch\/wp-json\/wp\/v2\/media\/33900"}],"wp:attachment":[{"href":"https:\/\/www.fleurop-home.ch\/de-ch\/wp-json\/wp\/v2\/media?parent=33901"}],"wp:term":[{"taxonomy":"product_brand","embeddable":true,"href":"https:\/\/www.fleurop-home.ch\/de-ch\/wp-json\/wp\/v2\/product_brand?post=33901"},{"taxonomy":"product_cat","embeddable":true,"href":"https:\/\/www.fleurop-home.ch\/de-ch\/wp-json\/wp\/v2\/product_cat?post=33901"},{"taxonomy":"product_tag","embeddable":true,"href":"https:\/\/www.fleurop-home.ch\/de-ch\/wp-json\/wp\/v2\/product_tag?post=33901"},{"taxonomy":"woo-feed-brand","embeddable":true,"href":"https:\/\/www.fleurop-home.ch\/de-ch\/wp-json\/wp\/v2\/woo-feed-brand?post=33901"}],"curies":[{"name":"wp","href":"https:\/\/api.w.org\/{rel}","templated":true}]}}