{"id":33896,"date":"2024-05-17T13:30:31","date_gmt":"2024-05-17T11:30:31","guid":{"rendered":"https:\/\/www.fleurop-home.ch\/de-ch\/p\/islandmohn-papaver-nudicaule-2"},"modified":"2026-04-30T09:17:51","modified_gmt":"2026-04-30T07:17:51","slug":"islandmohn-papaver-nudicaule-14","status":"publish","type":"product","link":"https:\/\/www.fleurop-home.ch\/de-ch\/p\/islandmohn-papaver-nudicaule-14","title":{"rendered":"Islandmohn &#8211; Papaver nudicaule"},"content":{"rendered":"<p>Der Islandmohn Orange bringt mit seinen auff\u00e4llig orangefarbenen Bl\u00fcten frische Farbakzente in deinen Garten oder auf den Balkon. Als Saisonpflanze eignet er sich besonders gut f\u00fcr Mischrabatten, Wildblumenbeete, K\u00e4sten und Tr\u00f6ge. Die Bl\u00fcten ziehen zahlreiche Bienen an und f\u00f6rdern so die Artenvielfalt in deinem gr\u00fcnen Umfeld. F\u00fcr ein gesundes Wachstum ben\u00f6tigt der Islandmohn einen sonnigen Standort sowie m\u00e4ssig feuchten, durchl\u00e4ssigen Boden. Die Produktion findet zu 100 % in der Schweiz statt und steht f\u00fcr echte Blumenpracht aus Urkraft.<\/p>\n<p>H\u00f6he: 40 cm<br \/>\nTopf Gr\u00f6sse: 16 er Topf<br \/>\nWinterh\u00e4rte: nicht winterhart<br \/>\nLicht: sonnig<br \/>\nBl\u00fctezeit: April bis August<br \/>\nBoden: durchl\u00e4ssig<\/p>\n","protected":false},"excerpt":{"rendered":"<p>Islandmohn Orange \u2013 Bienenfreundliche Bl\u00fctenpracht aus der Schweiz<\/p>\n","protected":false},"featured_media":33895,"template":"","meta":[],"product_brand":[],"product_cat":[109,34,41],"product_tag":[299],"woo-feed-brand":[],"class_list":{"0":"post-33896","1":"product","2":"type-product","3":"status-publish","4":"has-post-thumbnail","6":"product_cat-saisonale-pflanzen","7":"product_cat-garten-balkon","8":"product_cat-outdoorpflanzen","9":"product_tag-santispracht","11":"first","12":"instock","13":"taxable","14":"shipping-taxable","15":"purchasable","16":"product-type-simple"},"_links":{"self":[{"href":"https:\/\/www.fleurop-home.ch\/de-ch\/wp-json\/wp\/v2\/product\/33896","targetHints":{"allow":["GET"]}}],"collection":[{"href":"https:\/\/www.fleurop-home.ch\/de-ch\/wp-json\/wp\/v2\/product"}],"about":[{"href":"https:\/\/www.fleurop-home.ch\/de-ch\/wp-json\/wp\/v2\/types\/product"}],"wp:featuredmedia":[{"embeddable":true,"href":"https:\/\/www.fleurop-home.ch\/de-ch\/wp-json\/wp\/v2\/media\/33895"}],"wp:attachment":[{"href":"https:\/\/www.fleurop-home.ch\/de-ch\/wp-json\/wp\/v2\/media?parent=33896"}],"wp:term":[{"taxonomy":"product_brand","embeddable":true,"href":"https:\/\/www.fleurop-home.ch\/de-ch\/wp-json\/wp\/v2\/product_brand?post=33896"},{"taxonomy":"product_cat","embeddable":true,"href":"https:\/\/www.fleurop-home.ch\/de-ch\/wp-json\/wp\/v2\/product_cat?post=33896"},{"taxonomy":"product_tag","embeddable":true,"href":"https:\/\/www.fleurop-home.ch\/de-ch\/wp-json\/wp\/v2\/product_tag?post=33896"},{"taxonomy":"woo-feed-brand","embeddable":true,"href":"https:\/\/www.fleurop-home.ch\/de-ch\/wp-json\/wp\/v2\/woo-feed-brand?post=33896"}],"curies":[{"name":"wp","href":"https:\/\/api.w.org\/{rel}","templated":true}]}}