{"id":33878,"date":"2024-05-17T13:30:25","date_gmt":"2024-05-17T11:30:25","guid":{"rendered":"https:\/\/www.fleurop-home.ch\/de-ch\/p\/gundelrebe-glechoma-variegata"},"modified":"2026-04-28T09:31:35","modified_gmt":"2026-04-28T07:31:35","slug":"gundelrebe-glechoma-variegata","status":"publish","type":"product","link":"https:\/\/www.fleurop-home.ch\/de-ch\/p\/gundelrebe-glechoma-variegata","title":{"rendered":"Gundelrebe &#8211; Glechoma variegata"},"content":{"rendered":"<p>Die Gundelrebe Glechoma variegata ist eine starkw\u00fcchsige Saisonpflanze, die durch ihr auff\u00e4lliges, panachiertes Laub begeistert. Sie eignet sich hervorragend als Unterpflanzung, Bodendecker oder H\u00e4ngepflanze in Balkonkisten und Ampeln. Aus Schweizer Produktion stammend, zeigt sie sich besonders anpassungsf\u00e4hig an sonnigen bis halbschattigen Standorten. Der durchl\u00e4ssige Boden und eine m\u00e4ssige Wasserversorgung f\u00f6rdern ein gesundes Wachstum. Mit ihrer robusten Wuchsform tr\u00e4gt sie zur optischen Aufwertung verschiedenster Pflanzgef\u00e4sse und Gartenbereiche bei und bringt so frische Akzente in deine Begr\u00fcnung.<\/p>\n<p>H\u00f6he: 200 cm<br \/>\nTopf Gr\u00f6sse: 12 er Topf<br \/>\nWinterh\u00e4rte: nicht winterhart<br \/>\nLicht: sonnig bis halbschattig<br \/>\nBl\u00fctezeit: keine<br \/>\nBoden: durchl\u00e4ssig<\/p>\n","protected":false},"excerpt":{"rendered":"<p>Gundelrebe Glechoma variegata \u2013 Kr\u00e4ftige Blattschmuckpflanze aus Schweizer Produktion<\/p>\n","protected":false},"featured_media":33877,"template":"","meta":[],"product_brand":[],"product_cat":[109,34,41],"product_tag":[299],"woo-feed-brand":[],"class_list":{"0":"post-33878","1":"product","2":"type-product","3":"status-publish","4":"has-post-thumbnail","6":"product_cat-saisonale-pflanzen","7":"product_cat-garten-balkon","8":"product_cat-outdoorpflanzen","9":"product_tag-santispracht","11":"first","12":"instock","13":"taxable","14":"shipping-taxable","15":"purchasable","16":"product-type-simple"},"_links":{"self":[{"href":"https:\/\/www.fleurop-home.ch\/de-ch\/wp-json\/wp\/v2\/product\/33878","targetHints":{"allow":["GET"]}}],"collection":[{"href":"https:\/\/www.fleurop-home.ch\/de-ch\/wp-json\/wp\/v2\/product"}],"about":[{"href":"https:\/\/www.fleurop-home.ch\/de-ch\/wp-json\/wp\/v2\/types\/product"}],"wp:featuredmedia":[{"embeddable":true,"href":"https:\/\/www.fleurop-home.ch\/de-ch\/wp-json\/wp\/v2\/media\/33877"}],"wp:attachment":[{"href":"https:\/\/www.fleurop-home.ch\/de-ch\/wp-json\/wp\/v2\/media?parent=33878"}],"wp:term":[{"taxonomy":"product_brand","embeddable":true,"href":"https:\/\/www.fleurop-home.ch\/de-ch\/wp-json\/wp\/v2\/product_brand?post=33878"},{"taxonomy":"product_cat","embeddable":true,"href":"https:\/\/www.fleurop-home.ch\/de-ch\/wp-json\/wp\/v2\/product_cat?post=33878"},{"taxonomy":"product_tag","embeddable":true,"href":"https:\/\/www.fleurop-home.ch\/de-ch\/wp-json\/wp\/v2\/product_tag?post=33878"},{"taxonomy":"woo-feed-brand","embeddable":true,"href":"https:\/\/www.fleurop-home.ch\/de-ch\/wp-json\/wp\/v2\/woo-feed-brand?post=33878"}],"curies":[{"name":"wp","href":"https:\/\/api.w.org\/{rel}","templated":true}]}}