{"id":33870,"date":"2024-05-17T13:30:23","date_gmt":"2024-05-17T11:30:23","guid":{"rendered":"https:\/\/www.fleurop-home.ch\/de-ch\/p\/silberregen-dichondra-argentea-2"},"modified":"2026-05-05T09:07:08","modified_gmt":"2026-05-05T07:07:08","slug":"silberregen-dichondra-argentea","status":"publish","type":"product","link":"https:\/\/www.fleurop-home.ch\/de-ch\/p\/silberregen-dichondra-argentea","title":{"rendered":"Silberregen &#8211; Dichondra argentea"},"content":{"rendered":"<p>Silberregen &#8218;Silver Falls&#8216; \u00fcberzeugt als attraktive Saisonpflanze mit dekorativem, silberfarbenem Blattschmuck. Die langen, herabh\u00e4ngenden Triebe eignen sich besonders gut f\u00fcr sonnige Standorte in Balkonkisten und H\u00e4nge-Ampeln. Diese schm\u00fcckende Pflanzenwahl bevorzugt durchl\u00e4ssigen Boden und ben\u00f6tigt m\u00e4ssige Wassergaben. Dank ihrer einfachen Pflege f\u00fcgt sie sich nahtlos in die Blumenpracht aus Schweizer Urkraft ein und bringt einen modernen, nat\u00fcrlichen Akzent auf Terrasse oder Balkon.<\/p>\n<p>H\u00f6he: 150 cm<br \/>\nTopf Gr\u00f6sse: 12 er Topf<br \/>\nWinterh\u00e4rte: nicht winterhart<br \/>\nLicht: sonnig<br \/>\nBl\u00fctezeit: keine<br \/>\nBoden: durchl\u00e4ssig<\/p>\n","protected":false},"excerpt":{"rendered":"<p>Silberregen &#8218;Silver Falls&#8216; \u2013 Dichondra als h\u00e4ngender Sommerflor<\/p>\n","protected":false},"featured_media":33869,"template":"","meta":[],"product_brand":[],"product_cat":[109,34,41],"product_tag":[299],"woo-feed-brand":[],"class_list":{"0":"post-33870","1":"product","2":"type-product","3":"status-publish","4":"has-post-thumbnail","6":"product_cat-saisonale-pflanzen","7":"product_cat-garten-balkon","8":"product_cat-outdoorpflanzen","9":"product_tag-santispracht","11":"first","12":"instock","13":"taxable","14":"shipping-taxable","15":"purchasable","16":"product-type-simple"},"_links":{"self":[{"href":"https:\/\/www.fleurop-home.ch\/de-ch\/wp-json\/wp\/v2\/product\/33870","targetHints":{"allow":["GET"]}}],"collection":[{"href":"https:\/\/www.fleurop-home.ch\/de-ch\/wp-json\/wp\/v2\/product"}],"about":[{"href":"https:\/\/www.fleurop-home.ch\/de-ch\/wp-json\/wp\/v2\/types\/product"}],"wp:featuredmedia":[{"embeddable":true,"href":"https:\/\/www.fleurop-home.ch\/de-ch\/wp-json\/wp\/v2\/media\/33869"}],"wp:attachment":[{"href":"https:\/\/www.fleurop-home.ch\/de-ch\/wp-json\/wp\/v2\/media?parent=33870"}],"wp:term":[{"taxonomy":"product_brand","embeddable":true,"href":"https:\/\/www.fleurop-home.ch\/de-ch\/wp-json\/wp\/v2\/product_brand?post=33870"},{"taxonomy":"product_cat","embeddable":true,"href":"https:\/\/www.fleurop-home.ch\/de-ch\/wp-json\/wp\/v2\/product_cat?post=33870"},{"taxonomy":"product_tag","embeddable":true,"href":"https:\/\/www.fleurop-home.ch\/de-ch\/wp-json\/wp\/v2\/product_tag?post=33870"},{"taxonomy":"woo-feed-brand","embeddable":true,"href":"https:\/\/www.fleurop-home.ch\/de-ch\/wp-json\/wp\/v2\/woo-feed-brand?post=33870"}],"curies":[{"name":"wp","href":"https:\/\/api.w.org\/{rel}","templated":true}]}}