{"id":33207,"date":"2024-04-24T11:52:55","date_gmt":"2024-04-24T09:52:55","guid":{"rendered":"https:\/\/www.fleurop-home.ch\/de-ch\/?post_type=product&#038;p=33207"},"modified":"2025-10-27T09:24:52","modified_gmt":"2025-10-27T08:24:52","slug":"3er-pack-wand-pflanzengefaess","status":"publish","type":"product","link":"https:\/\/www.fleurop-home.ch\/de-ch\/p\/3er-pack-wand-pflanzengefaess","title":{"rendered":"3er-Pack Wand Pflanzengef\u00e4ss"},"content":{"rendered":"<p style=\"text-align: left\">Packung mit 3 Wandt\u00f6pfen f\u00fcr den Innen- und Aussenbereich. Mattweisse Farbe. Schaffen Sie einen einzigartigen vertikalen Garten in jeder Ecke. Verschmutzt weder die Wand noch den Boden. Inklusive Befestigungsmaterial.<\/p>\n<p>Hergestellt in Spanien aus 100% recyceltem und recycelbarem Polypropylen. Zusammengebaut in Spanien von Menschen mit funktionaler Vielfalt. Mit der Wahl dieses Produkts helfen Sie uns, ihre soziale Eingliederung zu f\u00f6rdern.<\/p>\n<p style=\"text-align: left\">In 3 Farbvarianten:<br \/>\n&#8211; Weiss<br \/>\n&#8211; Schwarz<br \/>\n&#8211; Grau<\/p>\n<p style=\"text-align: left\">\n<p style=\"text-align: left\">&#8211; Wandpflanzgef\u00e4ss: Erstellen Sie einzigartige vertikale G\u00e4rten an jeder Ecke Ihres Zuhauses. Erh\u00e4ltlich in drei Farben: Weiss, Schwarz und Grau. Optionaler sechseckiger Textilbezug.<br \/>\n&#8211; H\u00e4nget\u00f6pfe, geeignet f\u00fcr H\u00e4ngepflanzen im Innen- und Aussenbereich.<br \/>\n&#8211; Inklusive D\u00fcbel und Schrauben zur Wandmontage.<br \/>\n&#8211; Der Wandpflanzer besteht zu 100 % aus recyceltem und recycelbarem Polypropylen.<br \/>\n&#8211; Soziale Auswirkungen: Das Produkt wurde in Spanien entworfen, wird in Spanien von einem Team von Menschen mit funktionaler Vielfalt hergestellt und montiert. Indem Sie sich f\u00fcr dieses Produkt entscheiden, helfen Sie uns, ihre soziale Integration zu f\u00f6rdern.<br \/>\n&#8211; Produktdimensionen (LxBxH): 20x9x29<\/p>\n","protected":false},"excerpt":{"rendered":"<p>Packung mit 3 Wandt\u00f6pfen f\u00fcr den Innen- und Aussenbereich. Mattweisse Farbe.<br \/>\nProduktdimensionen (LxBxH): 20x9x29<\/p>\n","protected":false},"featured_media":33206,"template":"","meta":[],"product_brand":[],"product_cat":[40,23,1200,897,862,27,34],"product_tag":[906],"woo-feed-brand":[],"class_list":{"0":"post-33207","1":"product","2":"type-product","3":"status-publish","4":"has-post-thumbnail","6":"product_cat-uebertoepfe","7":"product_cat-home-living","8":"product_cat-gefaesse","9":"product_cat-wandtoepfe","10":"product_cat-innenbegruenung","11":"product_cat-vasen-gefaesse","12":"product_cat-garten-balkon","13":"product_tag-surs-ag","15":"first","16":"instock","17":"taxable","18":"shipping-taxable","19":"purchasable","20":"product-type-simple"},"_links":{"self":[{"href":"https:\/\/www.fleurop-home.ch\/de-ch\/wp-json\/wp\/v2\/product\/33207","targetHints":{"allow":["GET"]}}],"collection":[{"href":"https:\/\/www.fleurop-home.ch\/de-ch\/wp-json\/wp\/v2\/product"}],"about":[{"href":"https:\/\/www.fleurop-home.ch\/de-ch\/wp-json\/wp\/v2\/types\/product"}],"wp:featuredmedia":[{"embeddable":true,"href":"https:\/\/www.fleurop-home.ch\/de-ch\/wp-json\/wp\/v2\/media\/33206"}],"wp:attachment":[{"href":"https:\/\/www.fleurop-home.ch\/de-ch\/wp-json\/wp\/v2\/media?parent=33207"}],"wp:term":[{"taxonomy":"product_brand","embeddable":true,"href":"https:\/\/www.fleurop-home.ch\/de-ch\/wp-json\/wp\/v2\/product_brand?post=33207"},{"taxonomy":"product_cat","embeddable":true,"href":"https:\/\/www.fleurop-home.ch\/de-ch\/wp-json\/wp\/v2\/product_cat?post=33207"},{"taxonomy":"product_tag","embeddable":true,"href":"https:\/\/www.fleurop-home.ch\/de-ch\/wp-json\/wp\/v2\/product_tag?post=33207"},{"taxonomy":"woo-feed-brand","embeddable":true,"href":"https:\/\/www.fleurop-home.ch\/de-ch\/wp-json\/wp\/v2\/woo-feed-brand?post=33207"}],"curies":[{"name":"wp","href":"https:\/\/api.w.org\/{rel}","templated":true}]}}