{"id":33187,"date":"2024-04-24T11:52:45","date_gmt":"2024-04-24T09:52:45","guid":{"rendered":"https:\/\/www.fleurop-home.ch\/de-ch\/?post_type=product&#038;p=33187"},"modified":"2025-04-01T04:47:09","modified_gmt":"2025-04-01T02:47:09","slug":"smart-tropf-bewaesserung-kit-weiss","status":"publish","type":"product","link":"https:\/\/www.fleurop-home.ch\/de-ch\/p\/smart-tropf-bewaesserung-kit-weiss","title":{"rendered":"Smart Tropf-Bew\u00e4sserung Kit, weiss"},"content":{"rendered":"<p style=\"text-align: left\">CitySens Automatische Tropf-Bew\u00e4sserung; Wasserspeicher in Weiss; f\u00fcr 12 Pflanzen; Bew\u00e4sserungsprogrammierer mit WiFi.<br \/>\nAutomatisches Tropfbew\u00e4sserungssystem. Inklusive 7-Liter-Wassertank. Hochwertige Komponenten. Die druckkompensierten Tropfer liefern unabh\u00e4ngig von der H\u00f6he oder Position des Tropfers die gleiche Durchflussmenge. Hergestellt in Spanien von Menschen mit unterschiedlichen F\u00e4higkeiten. Mit der Wahl dieses Produkts helfen Sie uns, ihre soziale Eingliederung zu f\u00f6rdern.<\/p>\n<p style=\"text-align: left\">In 2 Farbvarianten:<br \/>\n&#8211; Weiss<br \/>\n&#8211; Anthrazit<\/p>\n<p style=\"text-align: left\">&#8211; Ein Muss f\u00fcr die Bew\u00e4sserung Ihrer Pflanzen w\u00e4hrend der Feiertage.<br \/>\n&#8211; Ein ideales Bew\u00e4sserungssystem f\u00fcr die t\u00e4gliche Bew\u00e4sserung von Zimmerpflanzen das ganze Jahr \u00fcber &#8211; Es erm\u00f6glicht die Anpassung der Bew\u00e4sserungsrichtlinien an die Bed\u00fcrfnisse der Pflanzen zu jeder Jahreszeit.<br \/>\n&#8211; Es umfasst einen 7-Liter-Wassertank<br \/>\n&#8211; Es umfasst 10 Meter transparenten, hochwertigen PVC-Schlauch<br \/>\n&#8211; Es umfasst 12 druckkompensierte Tropfer: Diese Tropfer liefern unabh\u00e4ngig von der H\u00f6he den gleichen Durchfluss.<br \/>\n&#8211; Produktdimensionen (LxBxH): 22x22x20<\/p>\n","protected":false},"excerpt":{"rendered":"<p>CitySens Automatische Tropf-Bew\u00e4sserung; Wasserspeicher in Weiss; f\u00fcr 12 Pflanzen; Bew\u00e4sserungsprogrammierer mit WiFi<br \/>\nProduktdimensionen (LxBxH): 22x22x20<\/p>\n","protected":false},"featured_media":35028,"template":"","meta":[],"product_brand":[],"product_cat":[521,23],"product_tag":[906],"woo-feed-brand":[],"class_list":{"0":"post-33187","1":"product","2":"type-product","3":"status-publish","4":"has-post-thumbnail","6":"product_cat-bewaesserung","7":"product_cat-home-living","8":"product_tag-surs-ag","10":"first","11":"instock","12":"taxable","13":"shipping-taxable","14":"purchasable","15":"product-type-simple"},"_links":{"self":[{"href":"https:\/\/www.fleurop-home.ch\/de-ch\/wp-json\/wp\/v2\/product\/33187","targetHints":{"allow":["GET"]}}],"collection":[{"href":"https:\/\/www.fleurop-home.ch\/de-ch\/wp-json\/wp\/v2\/product"}],"about":[{"href":"https:\/\/www.fleurop-home.ch\/de-ch\/wp-json\/wp\/v2\/types\/product"}],"wp:featuredmedia":[{"embeddable":true,"href":"https:\/\/www.fleurop-home.ch\/de-ch\/wp-json\/wp\/v2\/media\/35028"}],"wp:attachment":[{"href":"https:\/\/www.fleurop-home.ch\/de-ch\/wp-json\/wp\/v2\/media?parent=33187"}],"wp:term":[{"taxonomy":"product_brand","embeddable":true,"href":"https:\/\/www.fleurop-home.ch\/de-ch\/wp-json\/wp\/v2\/product_brand?post=33187"},{"taxonomy":"product_cat","embeddable":true,"href":"https:\/\/www.fleurop-home.ch\/de-ch\/wp-json\/wp\/v2\/product_cat?post=33187"},{"taxonomy":"product_tag","embeddable":true,"href":"https:\/\/www.fleurop-home.ch\/de-ch\/wp-json\/wp\/v2\/product_tag?post=33187"},{"taxonomy":"woo-feed-brand","embeddable":true,"href":"https:\/\/www.fleurop-home.ch\/de-ch\/wp-json\/wp\/v2\/woo-feed-brand?post=33187"}],"curies":[{"name":"wp","href":"https:\/\/api.w.org\/{rel}","templated":true}]}}