{"id":33112,"date":"2024-04-24T11:51:46","date_gmt":"2024-04-24T09:51:46","guid":{"rendered":"https:\/\/www.fleurop-home.ch\/de-ch\/?post_type=product&#038;p=33112"},"modified":"2025-10-22T16:11:49","modified_gmt":"2025-10-22T14:11:49","slug":"modularer-vertikaler-pflanzengefaess-3-toepfe-grau","status":"publish","type":"product","link":"https:\/\/www.fleurop-home.ch\/de-ch\/p\/modularer-vertikaler-pflanzengefaess-3-toepfe-grau","title":{"rendered":"Modularer Vertikaler Pflanzengef\u00e4ss, 3 T\u00f6pfe grau"},"content":{"rendered":"<p style=\"text-align: left;\">Vertikales Pflanzgef\u00e4ss in grauer Farbe und Deckel aus Kiefernholz. Modular und anpassbar. Modell mit 3 T\u00f6pfen. Platzieren Sie die T\u00f6pfe in verschiedenen Positionen. H\u00f6he 115 cm. Durchmesser der T\u00f6pfe 13 cm.<\/p>\n<p>Hergestellt in Spanien aus 100% recyceltem Polypropylen. Zusammengebaut von Menschen mit unterschiedlichen F\u00e4higkeiten. Mit der Wahl dieses Produkts helfen Sie uns, ihre soziale Eingliederung zu f\u00f6rdern.<\/p>\n<p style=\"text-align: left;\">&#8211; Pflanzgef\u00e4ss im vertikalen Design. Erh\u00e4ltlich in zwei Gr\u00f6ssen: 3 oder 4 T\u00f6pfe; und vier Farben: Grau, Kiefernrinde, Schwarz oder Weiss.<br \/>\n&#8211; Platzieren Sie die T\u00f6pfe je nach Pflanzenbedarf in verschiedenen Positionen.<br \/>\n&#8211; Sein Design als dekoratives Pflanzgef\u00e4ss f\u00fcr den Innenbereich wurde mit internationalen Preisen ausgezeichnet: IF Award, European Design Award, German Design Award.<br \/>\n&#8211; Das technische Team von CitySens bietet sofortigen und pers\u00f6nlichen Kundenservice per Telefon oder E-Mail.<br \/>\n&#8211; Soziale Auswirkungen: Das Produkt wurde in Spanien entworfen und wird in Spanien von einem Team von Menschen mit Behinderungen hergestellt und montiert. Indem Sie sich f\u00fcr dieses Produkt entscheiden, helfen Sie uns, ihre soziale Integration zu f\u00f6rdern.<br \/>\n&#8211; Produktdimensionen (LxBxH): 29x29x115<\/p>\n","protected":false},"excerpt":{"rendered":"<p>Vertikales Pflanzgef\u00e4ss in grauer Farbe und Deckel aus Kiefernholz. Modular und anpassbar. Modell mit 3 T\u00f6pfen.<br \/>\nProduktdimensionen (LxBxH): 29x29x115<\/p>\n","protected":false},"featured_media":33111,"template":"","meta":[],"product_brand":[],"product_cat":[27,23,1200],"product_tag":[906],"woo-feed-brand":[],"class_list":{"0":"post-33112","1":"product","2":"type-product","3":"status-publish","4":"has-post-thumbnail","6":"product_cat-vasen-gefaesse","7":"product_cat-home-living","8":"product_cat-gefaesse","9":"product_tag-surs-ag","11":"first","12":"instock","13":"taxable","14":"shipping-taxable","15":"purchasable","16":"product-type-simple"},"_links":{"self":[{"href":"https:\/\/www.fleurop-home.ch\/de-ch\/wp-json\/wp\/v2\/product\/33112","targetHints":{"allow":["GET"]}}],"collection":[{"href":"https:\/\/www.fleurop-home.ch\/de-ch\/wp-json\/wp\/v2\/product"}],"about":[{"href":"https:\/\/www.fleurop-home.ch\/de-ch\/wp-json\/wp\/v2\/types\/product"}],"wp:featuredmedia":[{"embeddable":true,"href":"https:\/\/www.fleurop-home.ch\/de-ch\/wp-json\/wp\/v2\/media\/33111"}],"wp:attachment":[{"href":"https:\/\/www.fleurop-home.ch\/de-ch\/wp-json\/wp\/v2\/media?parent=33112"}],"wp:term":[{"taxonomy":"product_brand","embeddable":true,"href":"https:\/\/www.fleurop-home.ch\/de-ch\/wp-json\/wp\/v2\/product_brand?post=33112"},{"taxonomy":"product_cat","embeddable":true,"href":"https:\/\/www.fleurop-home.ch\/de-ch\/wp-json\/wp\/v2\/product_cat?post=33112"},{"taxonomy":"product_tag","embeddable":true,"href":"https:\/\/www.fleurop-home.ch\/de-ch\/wp-json\/wp\/v2\/product_tag?post=33112"},{"taxonomy":"woo-feed-brand","embeddable":true,"href":"https:\/\/www.fleurop-home.ch\/de-ch\/wp-json\/wp\/v2\/woo-feed-brand?post=33112"}],"curies":[{"name":"wp","href":"https:\/\/api.w.org\/{rel}","templated":true}]}}