{"id":33054,"date":"2024-05-10T15:07:32","date_gmt":"2024-05-10T13:07:32","guid":{"rendered":"https:\/\/www.fleurop-home.ch\/?post_type=product&#038;p=33054"},"modified":"2026-04-01T14:57:26","modified_gmt":"2026-04-01T12:57:26","slug":"kaffeestrauch","status":"publish","type":"product","link":"https:\/\/www.fleurop-home.ch\/de-ch\/p\/kaffeestrauch","title":{"rendered":"Kaffeestrauch"},"content":{"rendered":"<p style=\"text-align: left\">&#171;Lieferung ohne \u00dcbertopf&#187;<\/p>\n<p style=\"text-align: left\">G\u00f6nne dem Kaffeestrauch einen hellen Standort und er w\u00e4chst munter in die H\u00f6he.<\/p>\n<table border=\"1\">\n<tbody>\n<tr>\n<td style=\"text-align: left\" width=\"302\">Pflanzenh\u00f6he:<\/td>\n<td style=\"text-align: left\" width=\"302\">Ca. 20 bis 35 cm<\/td>\n<\/tr>\n<tr>\n<td style=\"text-align: left\" width=\"302\">Masse Pflanztopf (D x H):<\/td>\n<td style=\"text-align: left\" width=\"302\">Ca. 12 x 9.5 cm<\/td>\n<\/tr>\n<tr>\n<td style=\"text-align: left\" width=\"302\">Lichtverh\u00e4ltnisse:<\/td>\n<td style=\"text-align: left\" width=\"302\">&#8211; Hell<\/p>\n<p>&#8211; Kein direktes Sonnenlicht<\/td>\n<\/tr>\n<tr>\n<td style=\"text-align: left\" width=\"302\">Pflege:<\/td>\n<td style=\"text-align: left\" width=\"302\">&#8211; Ziemlich leicht<\/p>\n<p>&#8211; M\u00e4rz bis September monatlich d\u00fcngen<\/td>\n<\/tr>\n<tr>\n<td style=\"text-align: left\" width=\"302\">Bew\u00e4sserung:<\/td>\n<td style=\"text-align: left\" width=\"302\">&#8211; Giessen, wenn die Erdoberfl\u00e4che trocken ist<\/p>\n<p>&#8211; Spr\u00fche die Pflanze regelm\u00e4ssig mit Wasser ein<\/td>\n<\/tr>\n<tr>\n<td style=\"text-align: left\" width=\"302\">Haustier- und kinderfreundlich:<\/td>\n<td style=\"text-align: left\" width=\"302\">Nur bedingt (Kirsche leicht giftig)<\/td>\n<\/tr>\n<tr>\n<td style=\"text-align: left\" width=\"302\">Hinweise:<\/td>\n<td style=\"text-align: left\" width=\"302\">&#8211; Im April und Mai kann die Pflanze weisse, angenehm duftende Bl\u00fcten hervorbringen. Bei erfolgreicher Best\u00e4ubung k\u00f6nnen sich daraus Kaffeekirschen bilden<\/p>\n<p>&#8211; Liebt eine hohe Luftfeuchtigkeit<\/td>\n<\/tr>\n<\/tbody>\n<\/table>\n","protected":false},"excerpt":{"rendered":"<p>Kaffeestrauch, Coffea arabica<\/p>\n","protected":false},"featured_media":33056,"template":"","meta":[],"product_brand":[],"product_cat":[118,23,1023,797,26],"product_tag":[325],"woo-feed-brand":[],"class_list":{"0":"post-33054","1":"product","2":"type-product","3":"status-publish","4":"has-post-thumbnail","6":"product_cat-zimmerpflanzen","7":"product_cat-home-living","8":"product_cat-fuer-mama","9":"product_cat-muttertag","10":"product_cat-blumen-pflanzen","11":"product_tag-veg-and-the-city","13":"first","14":"instock","15":"taxable","16":"shipping-taxable","17":"purchasable","18":"product-type-simple"},"_links":{"self":[{"href":"https:\/\/www.fleurop-home.ch\/de-ch\/wp-json\/wp\/v2\/product\/33054","targetHints":{"allow":["GET"]}}],"collection":[{"href":"https:\/\/www.fleurop-home.ch\/de-ch\/wp-json\/wp\/v2\/product"}],"about":[{"href":"https:\/\/www.fleurop-home.ch\/de-ch\/wp-json\/wp\/v2\/types\/product"}],"wp:featuredmedia":[{"embeddable":true,"href":"https:\/\/www.fleurop-home.ch\/de-ch\/wp-json\/wp\/v2\/media\/33056"}],"wp:attachment":[{"href":"https:\/\/www.fleurop-home.ch\/de-ch\/wp-json\/wp\/v2\/media?parent=33054"}],"wp:term":[{"taxonomy":"product_brand","embeddable":true,"href":"https:\/\/www.fleurop-home.ch\/de-ch\/wp-json\/wp\/v2\/product_brand?post=33054"},{"taxonomy":"product_cat","embeddable":true,"href":"https:\/\/www.fleurop-home.ch\/de-ch\/wp-json\/wp\/v2\/product_cat?post=33054"},{"taxonomy":"product_tag","embeddable":true,"href":"https:\/\/www.fleurop-home.ch\/de-ch\/wp-json\/wp\/v2\/product_tag?post=33054"},{"taxonomy":"woo-feed-brand","embeddable":true,"href":"https:\/\/www.fleurop-home.ch\/de-ch\/wp-json\/wp\/v2\/woo-feed-brand?post=33054"}],"curies":[{"name":"wp","href":"https:\/\/api.w.org\/{rel}","templated":true}]}}