{"id":33049,"date":"2024-05-10T15:07:32","date_gmt":"2024-05-10T13:07:32","guid":{"rendered":"https:\/\/www.fleurop-home.ch\/?post_type=product&#038;p=33049"},"modified":"2025-12-24T14:15:54","modified_gmt":"2025-12-24T13:15:54","slug":"hirschgeweihfarn","status":"publish","type":"product","link":"https:\/\/www.fleurop-home.ch\/de-ch\/p\/hirschgeweihfarn","title":{"rendered":"Geweihfarn"},"content":{"rendered":"<p style=\"text-align: left\">&#171;Lieferung ohne \u00dcbertopf&#187;<\/p>\n<p style=\"text-align: left\">Ihren Namen verdankt diese sch\u00f6ne Pflanze ihren leicht gr\u00e4ulichen Bl\u00e4ttern, die an ein Hirschgeweih erinnern.<\/p>\n<table border=\"1\">\n<tbody>\n<tr>\n<td style=\"text-align: left\" width=\"302\">Pflanzenh\u00f6he:<\/td>\n<td style=\"text-align: left\" width=\"302\">Ca. 15 bis 25 cm<\/td>\n<\/tr>\n<tr>\n<td style=\"text-align: left\" width=\"302\">Masse Pflanztopf (D x H):<\/td>\n<td style=\"text-align: left\" width=\"302\">Ca. 12 x 11 cm<\/td>\n<\/tr>\n<tr>\n<td style=\"text-align: left\" width=\"302\">Lichtverh\u00e4ltnisse:<\/td>\n<td style=\"text-align: left\" width=\"302\">&#8211; Hell bis halbschattig<\/p>\n<p>&#8211; Kein direktes Sonnenlicht<\/td>\n<\/tr>\n<tr>\n<td style=\"text-align: left\" width=\"302\">Pflege:<\/td>\n<td style=\"text-align: left\" width=\"302\">&#8211; Leicht<\/p>\n<p>&#8211; Von Fr\u00fchling bis Herbst monatlich d\u00fcngen<\/td>\n<\/tr>\n<tr>\n<td style=\"text-align: left\" width=\"302\">Bew\u00e4sserung:<\/td>\n<td style=\"text-align: left\" width=\"302\">&#8211; Alle 7 bis 14 Tage, eher feucht halten<\/p>\n<p>&#8211; Im Winter die Erdoberfl\u00e4che zwischendurch trocknen lassen<\/p>\n<p>&#8211; Spr\u00fche die Pflanze ab und zu mit Wasser ein oder g\u00f6nne ihr eine Dusche<\/td>\n<\/tr>\n<tr>\n<td style=\"text-align: left\" width=\"302\">Haustier- und kinderfreundlich:<\/td>\n<td style=\"text-align: left\" width=\"302\">Nein (leicht giftig)<\/td>\n<\/tr>\n<tr>\n<td style=\"text-align: left\" width=\"302\">Hinweise:<\/td>\n<td style=\"text-align: left\" width=\"302\">&#8211; Mag eine hohe Luftfeuchtigkeit<\/p>\n<p>&#8211; Weissen Flaum auf den Bl\u00e4ttern keinesfalls entfernen (Verdunstungsschutz)<\/td>\n<\/tr>\n<\/tbody>\n<\/table>\n","protected":false},"excerpt":{"rendered":"<p>Geweihfarn, Platycerium<\/p>\n","protected":false},"featured_media":33051,"template":"","meta":[],"product_brand":[],"product_cat":[118,23,26],"product_tag":[325],"woo-feed-brand":[],"class_list":{"0":"post-33049","1":"product","2":"type-product","3":"status-publish","4":"has-post-thumbnail","6":"product_cat-zimmerpflanzen","7":"product_cat-home-living","8":"product_cat-blumen-pflanzen","9":"product_tag-veg-and-the-city","11":"first","12":"instock","13":"taxable","14":"shipping-taxable","15":"purchasable","16":"product-type-simple"},"_links":{"self":[{"href":"https:\/\/www.fleurop-home.ch\/de-ch\/wp-json\/wp\/v2\/product\/33049","targetHints":{"allow":["GET"]}}],"collection":[{"href":"https:\/\/www.fleurop-home.ch\/de-ch\/wp-json\/wp\/v2\/product"}],"about":[{"href":"https:\/\/www.fleurop-home.ch\/de-ch\/wp-json\/wp\/v2\/types\/product"}],"wp:featuredmedia":[{"embeddable":true,"href":"https:\/\/www.fleurop-home.ch\/de-ch\/wp-json\/wp\/v2\/media\/33051"}],"wp:attachment":[{"href":"https:\/\/www.fleurop-home.ch\/de-ch\/wp-json\/wp\/v2\/media?parent=33049"}],"wp:term":[{"taxonomy":"product_brand","embeddable":true,"href":"https:\/\/www.fleurop-home.ch\/de-ch\/wp-json\/wp\/v2\/product_brand?post=33049"},{"taxonomy":"product_cat","embeddable":true,"href":"https:\/\/www.fleurop-home.ch\/de-ch\/wp-json\/wp\/v2\/product_cat?post=33049"},{"taxonomy":"product_tag","embeddable":true,"href":"https:\/\/www.fleurop-home.ch\/de-ch\/wp-json\/wp\/v2\/product_tag?post=33049"},{"taxonomy":"woo-feed-brand","embeddable":true,"href":"https:\/\/www.fleurop-home.ch\/de-ch\/wp-json\/wp\/v2\/woo-feed-brand?post=33049"}],"curies":[{"name":"wp","href":"https:\/\/api.w.org\/{rel}","templated":true}]}}